{"id":1709,"date":"2024-08-10T08:45:13","date_gmt":"2024-08-10T05:45:13","guid":{"rendered":"https:\/\/sincankres.com\/tr\/?page_id=1709"},"modified":"2024-08-29T01:29:17","modified_gmt":"2024-08-28T22:29:17","slug":"hakkimizda","status":"publish","type":"page","link":"https:\/\/sincankres.com\/tr\/hakkimizda\/","title":{"rendered":"Hakk\u0131m\u0131zda"},"content":{"rendered":"\t\t<div data-elementor-type=\"wp-page\" data-elementor-id=\"1709\" class=\"elementor elementor-1709\" data-elementor-post-type=\"page\">\n\t\t\t\t<div class=\"elementor-element elementor-element-1e16e7da e-flex e-con-boxed e-con e-parent\" data-id=\"1e16e7da\" data-element_type=\"container\" data-settings=\"{&quot;background_background&quot;:&quot;classic&quot;}\">\n\t\t\t\t\t<div class=\"e-con-inner\">\n\t\t<div class=\"elementor-element elementor-element-52591af0 e-con-full e-flex e-con e-child\" data-id=\"52591af0\" data-element_type=\"container\">\n\t\t\t\t<div class=\"elementor-element elementor-element-57ee18bd elementor-widget elementor-widget-jkit_heading\" data-id=\"57ee18bd\" data-element_type=\"widget\" data-widget_type=\"jkit_heading.default\">\n\t\t\t\t<div class=\"elementor-widget-container\">\n\t\t\t<div  class=\"jeg-elementor-kit jkit-heading  align- align-tablet- align-mobile- jeg_module___69f39805a2258\" ><div class=\"heading-section-title  display-inline-block\"><h2 class=\"heading-title\">Hakk\u0131m\u0131zda<\/h2><\/div><div class=\"heading-section-description\"><\/div><\/div>\t\t<\/div>\n\t\t\t\t<\/div>\n\t\t\t\t<\/div>\n\t\t\t\t\t<\/div>\n\t\t\t\t<\/div>\n\t\t<div class=\"elementor-element elementor-element-2db8b485 e-flex e-con-boxed e-con e-parent\" data-id=\"2db8b485\" data-element_type=\"container\">\n\t\t\t\t\t<div class=\"e-con-inner\">\n\t\t<div class=\"elementor-element elementor-element-1b2931e8 e-con-full e-flex e-con e-child\" data-id=\"1b2931e8\" data-element_type=\"container\">\n\t\t\t\t<div class=\"elementor-element elementor-element-4b0f6d4a elementor-widget elementor-widget-image\" data-id=\"4b0f6d4a\" data-element_type=\"widget\" data-widget_type=\"image.default\">\n\t\t\t\t<div class=\"elementor-widget-container\">\n\t\t\t<style>\/*! elementor - v3.23.0 - 23-07-2024 *\/\n.elementor-widget-image{text-align:center}.elementor-widget-image a{display:inline-block}.elementor-widget-image a img[src$=\".svg\"]{width:48px}.elementor-widget-image img{vertical-align:middle;display:inline-block}<\/style>\t\t\t\t\t\t\t\t\t\t<img fetchpriority=\"high\" decoding=\"async\" width=\"570\" height=\"484\" src=\"https:\/\/sincankres.com\/tr\/wp-content\/uploads\/2024\/08\/1-2.png\" class=\"attachment-full size-full wp-image-2379\" alt=\"\" srcset=\"https:\/\/sincankres.com\/tr\/wp-content\/uploads\/2024\/08\/1-2.png 570w, https:\/\/sincankres.com\/tr\/wp-content\/uploads\/2024\/08\/1-2-300x255.png 300w\" sizes=\"(max-width: 570px) 100vw, 570px\" \/>\t\t\t\t\t\t\t\t\t\t\t\t\t<\/div>\n\t\t\t\t<\/div>\n\t\t\t\t<\/div>\n\t\t<div class=\"elementor-element elementor-element-58be454d e-con-full e-flex e-con e-child\" data-id=\"58be454d\" data-element_type=\"container\">\n\t\t\t\t<div class=\"elementor-element elementor-element-fa9d231 elementor-widget elementor-widget-jkit_heading\" data-id=\"fa9d231\" data-element_type=\"widget\" data-widget_type=\"jkit_heading.default\">\n\t\t\t\t<div class=\"elementor-widget-container\">\n\t\t\t<div  class=\"jeg-elementor-kit jkit-heading  align-center align-tablet- align-mobile- jeg_module__1_69f39805a31d9\" ><div class=\"heading-section-title  display-inline-block\"><h2 class=\"heading-title\">\u00d6zel Ceylan Kre\u015f ve G\u00fcnd\u00fcz Bak\u0131m Evi<\/h2><\/div><div class=\"heading-section-description\"><p class=\"p1\">2-6 ya\u015f aras\u0131 \u00e7ocuklar\u0131m\u0131za g\u00fcvenli, sevgi dolu ve e\u011fitici bir ortam sunuyoruz. Anaokulu olarak, \u00e7ocuklar\u0131n\u0131z\u0131n sadece fiziksel de\u011fil, bili\u015fsel ve duygusal geli\u015fimlerini de desteklemek i\u00e7in kapsaml\u0131 bir e\u011fitim program\u0131 sunuyoruz.<\/p><p>\u00a0<\/p><p class=\"p1\">Okul \u00f6ncesi d\u00f6nemin \u00e7ocuklar\u0131n gelecekteki ba\u015far\u0131lar\u0131nda b\u00fcy\u00fck rol oynad\u0131\u011f\u0131n\u0131 biliyor ve bu bilin\u00e7le hareket ediyoruz. Okul \u00f6ncesi e\u011fitim ko\u00e7lu\u011fu program\u0131m\u0131z, \u00e7ocuklar\u0131n bireysel geli\u015fimlerini takip ederek, onlar\u0131 en iyi \u015fekilde desteklemeyi ama\u00e7lar. Bili\u015fsel geli\u015fim \u00e7al\u0131\u015fmalar\u0131m\u0131zla problem \u00e7\u00f6zme ve dil becerilerini geli\u015ftirirken, fiziksel geli\u015fim aktiviteleriyle motor becerilerini g\u00fc\u00e7lendiriyoruz. Psikomotor geli\u015fim program\u0131m\u0131z, \u00e7ocuklar\u0131n el-g\u00f6z koordinasyonunu ve denge yetilerini geli\u015ftirirken, \u00f6z bak\u0131m e\u011fitimiyle onlar\u0131n ba\u011f\u0131ms\u0131zl\u0131klar\u0131n\u0131 te\u015fvik ediyoruz.<\/p><\/div><\/div>\t\t<\/div>\n\t\t\t\t<\/div>\n\t\t\t\t<\/div>\n\t\t\t\t\t<\/div>\n\t\t\t\t<\/div>\n\t\t<div class=\"elementor-element elementor-element-4b055ad1 elementor-hidden-desktop elementor-hidden-mobile e-flex e-con-boxed e-con e-parent\" data-id=\"4b055ad1\" data-element_type=\"container\">\n\t\t\t\t\t<div class=\"e-con-inner\">\n\t\t\t\t<div class=\"elementor-element elementor-element-707cc942 elementor-widget elementor-widget-jkit_heading\" data-id=\"707cc942\" data-element_type=\"widget\" data-widget_type=\"jkit_heading.default\">\n\t\t\t\t<div class=\"elementor-widget-container\">\n\t\t\t<div  class=\"jeg-elementor-kit jkit-heading  align-center align-tablet- align-mobile- jeg_module__2_69f39805a40ce\" ><div class=\"heading-section-title  display-inline-block\"><h2 class=\"heading-title\"><\/h2><\/div><div class=\"heading-section-description\"><p class=\"p1\">Okul \u00f6ncesi d\u00f6nemin \u00e7ocuklar\u0131n gelecekteki ba\u015far\u0131lar\u0131nda b\u00fcy\u00fck rol oynad\u0131\u011f\u0131n\u0131 biliyor ve bu bilin\u00e7le hareket ediyoruz. Okul \u00f6ncesi e\u011fitim ko\u00e7lu\u011fu program\u0131m\u0131z, \u00e7ocuklar\u0131n bireysel geli\u015fimlerini takip ederek, onlar\u0131 en iyi \u015fekilde desteklemeyi ama\u00e7lar. Bili\u015fsel geli\u015fim \u00e7al\u0131\u015fmalar\u0131m\u0131zla problem \u00e7\u00f6zme ve dil becerilerini geli\u015ftirirken, fiziksel geli\u015fim aktiviteleriyle motor becerilerini g\u00fc\u00e7lendiriyoruz. Psikomotor geli\u015fim program\u0131m\u0131z, \u00e7ocuklar\u0131n el-g\u00f6z koordinasyonunu ve denge yetilerini geli\u015ftirirken, \u00f6z bak\u0131m e\u011fitimiyle onlar\u0131n ba\u011f\u0131ms\u0131zl\u0131klar\u0131n\u0131 te\u015fvik ediyoruz.<\/p><\/div><\/div>\t\t<\/div>\n\t\t\t\t<\/div>\n\t\t\t\t\t<\/div>\n\t\t\t\t<\/div>\n\t\t<div class=\"elementor-element elementor-element-2c011054 e-flex e-con-boxed e-con e-parent\" data-id=\"2c011054\" data-element_type=\"container\">\n\t\t\t\t\t<div class=\"e-con-inner\">\n\t\t<div class=\"elementor-element elementor-element-6e43501a e-con-full e-flex e-con e-child\" data-id=\"6e43501a\" data-element_type=\"container\">\n\t\t<div class=\"elementor-element elementor-element-7ba86683 e-flex e-con-boxed e-con e-child\" data-id=\"7ba86683\" data-element_type=\"container\">\n\t\t\t\t\t<div class=\"e-con-inner\">\n\t\t\t\t<div class=\"elementor-element elementor-element-1be9b347 elementor-widget elementor-widget-heading\" data-id=\"1be9b347\" data-element_type=\"widget\" data-widget_type=\"heading.default\">\n\t\t\t\t<div class=\"elementor-widget-container\">\n\t\t\t<style>\/*! elementor - v3.23.0 - 23-07-2024 *\/\n.elementor-heading-title{padding:0;margin:0;line-height:1}.elementor-widget-heading .elementor-heading-title[class*=elementor-size-]>a{color:inherit;font-size:inherit;line-height:inherit}.elementor-widget-heading .elementor-heading-title.elementor-size-small{font-size:15px}.elementor-widget-heading .elementor-heading-title.elementor-size-medium{font-size:19px}.elementor-widget-heading .elementor-heading-title.elementor-size-large{font-size:29px}.elementor-widget-heading .elementor-heading-title.elementor-size-xl{font-size:39px}.elementor-widget-heading .elementor-heading-title.elementor-size-xxl{font-size:59px}<\/style><h2 class=\"elementor-heading-title elementor-size-default\">E\u011flenerek \u00d6\u011frenme<\/h2>\t\t<\/div>\n\t\t\t\t<\/div>\n\t\t\t\t<div class=\"elementor-element elementor-element-2aefa873 elementor-widget elementor-widget-text-editor\" data-id=\"2aefa873\" data-element_type=\"widget\" data-widget_type=\"text-editor.default\">\n\t\t\t\t<div class=\"elementor-widget-container\">\n\t\t\t<style>\/*! elementor - v3.23.0 - 23-07-2024 *\/\n.elementor-widget-text-editor.elementor-drop-cap-view-stacked .elementor-drop-cap{background-color:#69727d;color:#fff}.elementor-widget-text-editor.elementor-drop-cap-view-framed .elementor-drop-cap{color:#69727d;border:3px solid;background-color:transparent}.elementor-widget-text-editor:not(.elementor-drop-cap-view-default) .elementor-drop-cap{margin-top:8px}.elementor-widget-text-editor:not(.elementor-drop-cap-view-default) .elementor-drop-cap-letter{width:1em;height:1em}.elementor-widget-text-editor .elementor-drop-cap{float:left;text-align:center;line-height:1;font-size:50px}.elementor-widget-text-editor .elementor-drop-cap-letter{display:inline-block}<\/style>\t\t\t\t<p class=\"p1\">\u00c7ocuklar\u0131m\u0131z\u0131n sosyal becerilerini ve duygusal zekalar\u0131n\u0131 geli\u015ftirmek amac\u0131yla sosyal-duygusal geli\u015fim e\u011fitimleri sunuyoruz. Ayr\u0131ca, anaokulumuzda sundu\u011fumuz yabanc\u0131 dil e\u011fitimi program\u0131 ile \u00e7ocuklar, \u0130ngilizce ve Arap\u00e7a dillerine erken ya\u015fta a\u015final\u0131k kazan\u0131yorlar.<\/p>\t\t\t\t\t\t<\/div>\n\t\t\t\t<\/div>\n\t\t\t\t<div class=\"elementor-element elementor-element-89e901f elementor-widget elementor-widget-text-editor\" data-id=\"89e901f\" data-element_type=\"widget\" data-widget_type=\"text-editor.default\">\n\t\t\t\t<div class=\"elementor-widget-container\">\n\t\t\t\t\t\t\t<p class=\"p1\">\u00d6zel Ceylan Kre\u015f ve G\u00fcnd\u00fcz Bak\u0131m Evi olarak, manevi e\u011fitim ve de\u011ferler e\u011fitimi programlar\u0131m\u0131zla \u00e7ocuklar\u0131m\u0131za sevgi, sayg\u0131, payla\u015f\u0131m ve empati gibi de\u011ferleri kazand\u0131rmay\u0131 ama\u00e7l\u0131yoruz. Anaokulumuzda, \u00e7ocuklar\u0131n\u0131z\u0131n mutlu, g\u00fcvenli ve \u00f6\u011frenmeye hevesli bireyler olarak yeti\u015fmeleri i\u00e7in gereken t\u00fcm deste\u011fi sa\u011fl\u0131yoruz.<\/p>\t\t\t\t\t\t<\/div>\n\t\t\t\t<\/div>\n\t\t\t\t<div class=\"elementor-element elementor-element-e28c8d4 elementor-widget elementor-widget-text-editor\" data-id=\"e28c8d4\" data-element_type=\"widget\" data-widget_type=\"text-editor.default\">\n\t\t\t\t<div class=\"elementor-widget-container\">\n\t\t\t\t\t\t\t<p class=\"p1\">Gelece\u011fin g\u00fc\u00e7l\u00fc bireylerini yeti\u015ftirmek i\u00e7in sizleri \u00d6zel Ceylan Kre\u015f ve G\u00fcnd\u00fcz Bak\u0131m Evi\u2019ne davet ediyoruz.<\/p>\t\t\t\t\t\t<\/div>\n\t\t\t\t<\/div>\n\t\t\t\t<div class=\"elementor-element elementor-element-18e4e45 elementor-invisible elementor-widget elementor-widget-jkit_button\" data-id=\"18e4e45\" data-element_type=\"widget\" data-settings=\"{&quot;_animation&quot;:&quot;zoomIn&quot;,&quot;_animation_delay&quot;:1100}\" data-widget_type=\"jkit_button.default\">\n\t\t\t\t<div class=\"elementor-widget-container\">\n\t\t\t<div  class=\"jeg-elementor-kit jkit-button  icon-position-before jeg_module__3_69f39805a57e1\" ><a href=\"https:\/\/sincankres.com\/tr\/iletisim\/\" class=\"jkit-button-wrapper\">\u0130leti\u015fim<\/a><\/div>\t\t<\/div>\n\t\t\t\t<\/div>\n\t\t\t\t\t<\/div>\n\t\t\t\t<\/div>\n\t\t<div class=\"elementor-element elementor-element-62651cdf e-flex e-con-boxed e-con e-child\" data-id=\"62651cdf\" data-element_type=\"container\">\n\t\t\t\t\t<div class=\"e-con-inner\">\n\t\t\t\t<div class=\"elementor-element elementor-element-78dcff75 elementor-widget elementor-widget-image\" data-id=\"78dcff75\" data-element_type=\"widget\" data-widget_type=\"image.default\">\n\t\t\t\t<div class=\"elementor-widget-container\">\n\t\t\t\t\t\t\t\t\t\t\t\t\t<img decoding=\"async\" width=\"500\" height=\"501\" src=\"https:\/\/sincankres.com\/tr\/wp-content\/uploads\/2024\/08\/1-3.png\" class=\"elementor-animation-bob attachment-full size-full wp-image-2383\" alt=\"\" srcset=\"https:\/\/sincankres.com\/tr\/wp-content\/uploads\/2024\/08\/1-3.png 500w, https:\/\/sincankres.com\/tr\/wp-content\/uploads\/2024\/08\/1-3-300x300.png 300w, https:\/\/sincankres.com\/tr\/wp-content\/uploads\/2024\/08\/1-3-150x150.png 150w\" sizes=\"(max-width: 500px) 100vw, 500px\" \/>\t\t\t\t\t\t\t\t\t\t\t\t\t<\/div>\n\t\t\t\t<\/div>\n\t\t\t\t<div class=\"elementor-element elementor-element-10e88519 elementor-absolute elementor-widget elementor-widget-image\" data-id=\"10e88519\" data-element_type=\"widget\" data-settings=\"{&quot;_position&quot;:&quot;absolute&quot;,&quot;_animation&quot;:&quot;none&quot;}\" data-widget_type=\"image.default\">\n\t\t\t\t<div class=\"elementor-widget-container\">\n\t\t\t\t\t\t\t\t\t\t\t\t\t<img decoding=\"async\" width=\"140\" height=\"140\" src=\"https:\/\/sincankres.com\/tr\/wp-content\/uploads\/2024\/08\/kids_toys01-09.png\" class=\"attachment-large size-large wp-image-1564\" alt=\"\" \/>\t\t\t\t\t\t\t\t\t\t\t\t\t<\/div>\n\t\t\t\t<\/div>\n\t\t\t\t<div class=\"elementor-element elementor-element-55e0b696 elementor-absolute elementor-widget elementor-widget-image\" data-id=\"55e0b696\" data-element_type=\"widget\" data-settings=\"{&quot;_position&quot;:&quot;absolute&quot;}\" data-widget_type=\"image.default\">\n\t\t\t\t<div class=\"elementor-widget-container\">\n\t\t\t\t\t\t\t\t\t\t\t\t\t<img loading=\"lazy\" decoding=\"async\" width=\"51\" height=\"50\" src=\"https:\/\/sincankres.com\/tr\/wp-content\/uploads\/2024\/08\/Group-45.png\" class=\"attachment-large size-large wp-image-1565\" alt=\"\" \/>\t\t\t\t\t\t\t\t\t\t\t\t\t<\/div>\n\t\t\t\t<\/div>\n\t\t\t\t<div class=\"elementor-element elementor-element-b6dc0e elementor-absolute elementor-invisible elementor-widget elementor-widget-image\" data-id=\"b6dc0e\" data-element_type=\"widget\" data-settings=\"{&quot;_position&quot;:&quot;absolute&quot;,&quot;_animation&quot;:&quot;zoomIn&quot;}\" data-widget_type=\"image.default\">\n\t\t\t\t<div class=\"elementor-widget-container\">\n\t\t\t\t\t\t\t\t\t\t\t\t\t<img loading=\"lazy\" decoding=\"async\" width=\"71\" height=\"71\" src=\"https:\/\/sincankres.com\/tr\/wp-content\/uploads\/2024\/08\/Untitled-2-04.png\" class=\"attachment-large size-large wp-image-1566\" alt=\"\" \/>\t\t\t\t\t\t\t\t\t\t\t\t\t<\/div>\n\t\t\t\t<\/div>\n\t\t\t\t\t<\/div>\n\t\t\t\t<\/div>\n\t\t\t\t<\/div>\n\t\t\t\t\t<\/div>\n\t\t\t\t<\/div>\n\t\t\t\t<\/div>\n\t\t","protected":false},"excerpt":{"rendered":"<p>Hakk\u0131m\u0131zda \u00d6zel Ceylan Kre\u015f ve G\u00fcnd\u00fcz Bak\u0131m Evi 2-6 ya\u015f aras\u0131 \u00e7ocuklar\u0131m\u0131za g\u00fcvenli, sevgi dolu ve e\u011fitici bir ortam sunuyoruz. Anaokulu olarak, \u00e7ocuklar\u0131n\u0131z\u0131n sadece fiziksel de\u011fil, bili\u015fsel ve duygusal geli\u015fimlerini de desteklemek i\u00e7in kapsaml\u0131 bir e\u011fitim program\u0131 sunuyoruz. \u00a0 Okul \u00f6ncesi d\u00f6nemin \u00e7ocuklar\u0131n gelecekteki ba\u015far\u0131lar\u0131nda b\u00fcy\u00fck rol oynad\u0131\u011f\u0131n\u0131 biliyor ve bu bilin\u00e7le hareket ediyoruz. Okul [&hellip;]<\/p>\n","protected":false},"author":3,"featured_media":0,"parent":0,"menu_order":0,"comment_status":"closed","ping_status":"open","template":"elementor_header_footer","meta":{"footnotes":""},"class_list":["post-1709","page","type-page","status-publish","hentry"],"_links":{"self":[{"href":"https:\/\/sincankres.com\/tr\/wp-json\/wp\/v2\/pages\/1709"}],"collection":[{"href":"https:\/\/sincankres.com\/tr\/wp-json\/wp\/v2\/pages"}],"about":[{"href":"https:\/\/sincankres.com\/tr\/wp-json\/wp\/v2\/types\/page"}],"author":[{"embeddable":true,"href":"https:\/\/sincankres.com\/tr\/wp-json\/wp\/v2\/users\/3"}],"replies":[{"embeddable":true,"href":"https:\/\/sincankres.com\/tr\/wp-json\/wp\/v2\/comments?post=1709"}],"version-history":[{"count":40,"href":"https:\/\/sincankres.com\/tr\/wp-json\/wp\/v2\/pages\/1709\/revisions"}],"predecessor-version":[{"id":2386,"href":"https:\/\/sincankres.com\/tr\/wp-json\/wp\/v2\/pages\/1709\/revisions\/2386"}],"wp:attachment":[{"href":"https:\/\/sincankres.com\/tr\/wp-json\/wp\/v2\/media?parent=1709"}],"curies":[{"name":"wp","href":"https:\/\/api.w.org\/{rel}","templated":true}]}}