{"id":1722,"date":"2024-08-10T08:47:38","date_gmt":"2024-08-10T05:47:38","guid":{"rendered":"https:\/\/sincankres.com\/tr\/?page_id=1722"},"modified":"2024-08-11T14:02:57","modified_gmt":"2024-08-11T11:02:57","slug":"hizmetlerimiz","status":"publish","type":"page","link":"https:\/\/sincankres.com\/tr\/hizmetlerimiz\/","title":{"rendered":"Hizmetlerimiz"},"content":{"rendered":"\t\t<div data-elementor-type=\"wp-page\" data-elementor-id=\"1722\" class=\"elementor elementor-1722\" data-elementor-post-type=\"page\">\n\t\t\t\t<div class=\"elementor-element elementor-element-7d0bf6ca e-flex e-con-boxed e-con e-parent\" data-id=\"7d0bf6ca\" data-element_type=\"container\" data-settings=\"{&quot;background_background&quot;:&quot;classic&quot;}\">\n\t\t\t\t\t<div class=\"e-con-inner\">\n\t\t<div class=\"elementor-element elementor-element-2713d3b8 e-con-full e-flex e-con e-child\" data-id=\"2713d3b8\" data-element_type=\"container\">\n\t\t\t\t<div class=\"elementor-element elementor-element-38a42d01 elementor-widget elementor-widget-jkit_heading\" data-id=\"38a42d01\" data-element_type=\"widget\" data-widget_type=\"jkit_heading.default\">\n\t\t\t\t<div class=\"elementor-widget-container\">\n\t\t\t<div  class=\"jeg-elementor-kit jkit-heading  align- align-tablet- align-mobile- jeg_module___69f39a760e577\" ><div class=\"heading-section-title  display-inline-block\"><h2 class=\"heading-title\">Hizmetlerimiz<\/h2><\/div><div class=\"heading-section-description\"><\/div><\/div>\t\t<\/div>\n\t\t\t\t<\/div>\n\t\t\t\t<\/div>\n\t\t\t\t\t<\/div>\n\t\t\t\t<\/div>\n\t\t<div class=\"elementor-element elementor-element-6820f43 e-flex e-con-boxed e-con e-parent\" data-id=\"6820f43\" data-element_type=\"container\">\n\t\t\t\t\t<div class=\"e-con-inner\">\n\t\t\t\t<div class=\"elementor-element elementor-element-745eac7 elementor-hidden-tablet elementor-hidden-mobile elementor-widget elementor-widget-heading\" data-id=\"745eac7\" data-element_type=\"widget\" data-widget_type=\"heading.default\">\n\t\t\t\t<div class=\"elementor-widget-container\">\n\t\t\t<style>\/*! elementor - v3.23.0 - 23-07-2024 *\/\n.elementor-heading-title{padding:0;margin:0;line-height:1}.elementor-widget-heading .elementor-heading-title[class*=elementor-size-]>a{color:inherit;font-size:inherit;line-height:inherit}.elementor-widget-heading .elementor-heading-title.elementor-size-small{font-size:15px}.elementor-widget-heading .elementor-heading-title.elementor-size-medium{font-size:19px}.elementor-widget-heading .elementor-heading-title.elementor-size-large{font-size:29px}.elementor-widget-heading .elementor-heading-title.elementor-size-xl{font-size:39px}.elementor-widget-heading .elementor-heading-title.elementor-size-xxl{font-size:59px}<\/style><h2 class=\"elementor-heading-title elementor-size-default\">\u00c7ocuklar\u0131n\u0131z\u0131n her alanda geli\u015fimini destekleyen geni\u015f bir hizmet yelpazesi sunuyoruz.<\/h2>\t\t<\/div>\n\t\t\t\t<\/div>\n\t\t\t\t\t<\/div>\n\t\t\t\t<\/div>\n\t\t<div class=\"elementor-element elementor-element-180edf28 e-flex e-con-boxed e-con e-parent\" data-id=\"180edf28\" data-element_type=\"container\">\n\t\t\t\t\t<div class=\"e-con-inner\">\n\t\t<div class=\"elementor-element elementor-element-5b9c552 e-con-full e-flex e-con e-child\" data-id=\"5b9c552\" data-element_type=\"container\">\n\t\t<div class=\"elementor-element elementor-element-4d1d1ec e-con-full e-flex e-con e-child\" data-id=\"4d1d1ec\" data-element_type=\"container\">\n\t\t<div class=\"elementor-element elementor-element-e3c3c7e e-con-full e-flex e-con e-child\" data-id=\"e3c3c7e\" data-element_type=\"container\">\n\t\t\t\t<div class=\"elementor-element elementor-element-ee376c8 elementor-widget elementor-widget-text-editor\" data-id=\"ee376c8\" data-element_type=\"widget\" data-widget_type=\"text-editor.default\">\n\t\t\t\t<div class=\"elementor-widget-container\">\n\t\t\t<style>\/*! elementor - v3.23.0 - 23-07-2024 *\/\n.elementor-widget-text-editor.elementor-drop-cap-view-stacked .elementor-drop-cap{background-color:#69727d;color:#fff}.elementor-widget-text-editor.elementor-drop-cap-view-framed .elementor-drop-cap{color:#69727d;border:3px solid;background-color:transparent}.elementor-widget-text-editor:not(.elementor-drop-cap-view-default) .elementor-drop-cap{margin-top:8px}.elementor-widget-text-editor:not(.elementor-drop-cap-view-default) .elementor-drop-cap-letter{width:1em;height:1em}.elementor-widget-text-editor .elementor-drop-cap{float:left;text-align:center;line-height:1;font-size:50px}.elementor-widget-text-editor .elementor-drop-cap-letter{display:inline-block}<\/style>\t\t\t\t<p class=\"p1\">\u2022\u00a0 <strong>\u00c7ocuk Geli\u015fimi ve E\u011fitimi:<\/strong> Alan\u0131nda deneyimli ve uzman kadromuz, \u00e7ocuklar\u0131n\u0131z\u0131n bili\u015fsel, duygusal ve fiziksel geli\u015fimlerini desteklemek i\u00e7in \u00f6zel programlar haz\u0131rlamaktad\u0131r.<\/p><p class=\"p1\">\u2022\u00a0<strong> Servis \u0130mkan\u0131:<\/strong> \u00c7ocuklar\u0131n\u0131z\u0131n g\u00fcvenli bir \u015fekilde okula gidip gelmelerini sa\u011flayan servis hizmetimiz mevcuttur.<\/p><p class=\"p1\">\u2022\u00a0 <strong>Sabah Kahvalt\u0131s\u0131 \u2013 \u00d6\u011fle Yeme\u011fi \u2013 Ara \u00d6\u011f\u00fcn:<\/strong> \u00c7ocuklar\u0131m\u0131z\u0131n sa\u011fl\u0131kl\u0131 beslenmeleri i\u00e7in, g\u00fcn boyunca dengeli ve besleyici yemek se\u00e7enekleri sunuyoruz. Sabah kahvalt\u0131s\u0131, \u00f6\u011fle yeme\u011fi ve ara \u00f6\u011f\u00fcnlerle \u00e7ocuklar\u0131n\u0131z\u0131n enerjik ve zinde kalmas\u0131n\u0131 sa\u011fl\u0131yoruz.<\/p><p class=\"p1\">\u2022\u00a0 <strong>Ya\u015f Grubuna Uygun Akademik Beceriler:<\/strong> Her ya\u015f grubuna uygun olarak haz\u0131rlanan akademik programlar\u0131m\u0131z, \u00e7ocuklar\u0131n \u00f6\u011frenme becerilerini ve akademik ba\u015far\u0131lar\u0131n\u0131 desteklemektedir.<\/p><p class=\"p1\">\u2022\u00a0 <strong>\u00d6z Bak\u0131m Becerilerinin Kazand\u0131r\u0131lmas\u0131:<\/strong> \u00c7ocuklar\u0131n g\u00fcnl\u00fck ya\u015fam becerilerini kazanmas\u0131 ve ba\u011f\u0131ms\u0131zl\u0131klar\u0131n\u0131 geli\u015ftirmesi i\u00e7in \u00f6z bak\u0131m e\u011fitimleri veriyoruz.<\/p><p class=\"p1\">\u2022\u00a0 <strong>Manevi E\u011fitim:<\/strong> \u00c7ocuklar\u0131m\u0131za ahlaki de\u011ferleri kazand\u0131rmak ve onlar\u0131 sevgi, sayg\u0131 ve empati gibi kavramlarla tan\u0131\u015ft\u0131rmak i\u00e7in manevi e\u011fitim programlar\u0131 sunuyoruz.<\/p><p class=\"p1\">\u2022\u00a0 <strong>Sosyal Etkinlikler:<\/strong> \u00c7ocuklar\u0131n sosyal becerilerini geli\u015ftirmek ve arkada\u015fl\u0131k ba\u011flar\u0131n\u0131 g\u00fc\u00e7lendirmek amac\u0131yla \u00e7e\u015fitli sosyal etkinlikler d\u00fczenliyoruz.<\/p><p class=\"p1\">\u2022\u00a0 <strong>Sanat Etkinlikleri:<\/strong> \u00c7ocuklar\u0131n yarat\u0131c\u0131l\u0131klar\u0131n\u0131 ke\u015ffetmeleri ve sanata olan ilgilerini art\u0131rmalar\u0131 i\u00e7in resim, m\u00fczik ve drama gibi sanat etkinlikleri sunuyoruz.<\/p><p class=\"p1\">\u2022\u00a0 <strong>Spor Etkinlikleri:<\/strong> Fiziksel geli\u015fimi destekleyen ve \u00e7ocuklar\u0131n enerjilerini olumlu y\u00f6nde kullanmalar\u0131n\u0131 sa\u011flayan spor etkinlikleri ile sa\u011fl\u0131kl\u0131 bir ya\u015fam tarz\u0131n\u0131 te\u015fvik ediyoruz.<\/p><p class=\"p2\">\u2022\u00a0 <strong>Yabanc\u0131 Dil:<\/strong> \u0130ngilizce ve Arap\u00e7a dillerinde erken ya\u015fta dil e\u011fitimi vererek, \u00e7ocuklar\u0131m\u0131z\u0131n dil becerilerini geli\u015ftirmelerine yard\u0131mc\u0131 oluyoruz.<\/p>\t\t\t\t\t\t<\/div>\n\t\t\t\t<\/div>\n\t\t\t\t<\/div>\n\t\t<div class=\"elementor-element elementor-element-3a6dd46 e-flex e-con-boxed e-con e-child\" data-id=\"3a6dd46\" data-element_type=\"container\">\n\t\t\t\t\t<div class=\"e-con-inner\">\n\t\t\t\t<div class=\"elementor-element elementor-element-5ef91b8 elementor-widget elementor-widget-image\" data-id=\"5ef91b8\" data-element_type=\"widget\" data-widget_type=\"image.default\">\n\t\t\t\t<div class=\"elementor-widget-container\">\n\t\t\t<style>\/*! elementor - v3.23.0 - 23-07-2024 *\/\n.elementor-widget-image{text-align:center}.elementor-widget-image a{display:inline-block}.elementor-widget-image a img[src$=\".svg\"]{width:48px}.elementor-widget-image img{vertical-align:middle;display:inline-block}<\/style>\t\t\t\t\t\t\t\t\t\t<img fetchpriority=\"high\" decoding=\"async\" width=\"498\" height=\"499\" src=\"https:\/\/sincankres.com\/tr\/wp-content\/uploads\/2024\/08\/img-3-1-1-1.jpg\" class=\"elementor-animation-bob attachment-full size-full wp-image-1563\" alt=\"\" srcset=\"https:\/\/sincankres.com\/tr\/wp-content\/uploads\/2024\/08\/img-3-1-1-1.jpg 498w, https:\/\/sincankres.com\/tr\/wp-content\/uploads\/2024\/08\/img-3-1-1-1-300x300.jpg 300w, https:\/\/sincankres.com\/tr\/wp-content\/uploads\/2024\/08\/img-3-1-1-1-150x150.jpg 150w\" sizes=\"(max-width: 498px) 100vw, 498px\" \/>\t\t\t\t\t\t\t\t\t\t\t\t\t<\/div>\n\t\t\t\t<\/div>\n\t\t\t\t<div class=\"elementor-element elementor-element-c576154 elementor-absolute elementor-widget elementor-widget-image\" data-id=\"c576154\" data-element_type=\"widget\" data-settings=\"{&quot;_position&quot;:&quot;absolute&quot;,&quot;_animation&quot;:&quot;none&quot;}\" data-widget_type=\"image.default\">\n\t\t\t\t<div class=\"elementor-widget-container\">\n\t\t\t\t\t\t\t\t\t\t\t\t\t<img decoding=\"async\" width=\"140\" height=\"140\" src=\"https:\/\/sincankres.com\/tr\/wp-content\/uploads\/2024\/08\/kids_toys01-09.png\" class=\"attachment-large size-large wp-image-1564\" alt=\"\" \/>\t\t\t\t\t\t\t\t\t\t\t\t\t<\/div>\n\t\t\t\t<\/div>\n\t\t\t\t<div class=\"elementor-element elementor-element-65c92f4 elementor-absolute elementor-widget elementor-widget-image\" data-id=\"65c92f4\" data-element_type=\"widget\" data-settings=\"{&quot;_position&quot;:&quot;absolute&quot;,&quot;_animation&quot;:&quot;none&quot;}\" data-widget_type=\"image.default\">\n\t\t\t\t<div class=\"elementor-widget-container\">\n\t\t\t\t\t\t\t\t\t\t\t\t\t<img decoding=\"async\" width=\"136\" height=\"222\" src=\"https:\/\/sincankres.com\/tr\/wp-content\/uploads\/2024\/08\/ceylan-ikon-sol.png\" class=\"attachment-large size-large wp-image-2023\" alt=\"\" \/>\t\t\t\t\t\t\t\t\t\t\t\t\t<\/div>\n\t\t\t\t<\/div>\n\t\t\t\t<div class=\"elementor-element elementor-element-015eeb3 elementor-absolute elementor-hidden-tablet elementor-hidden-mobile elementor-widget elementor-widget-image\" data-id=\"015eeb3\" data-element_type=\"widget\" data-settings=\"{&quot;_position&quot;:&quot;absolute&quot;}\" data-widget_type=\"image.default\">\n\t\t\t\t<div class=\"elementor-widget-container\">\n\t\t\t\t\t\t\t\t\t\t\t\t\t<img loading=\"lazy\" decoding=\"async\" width=\"51\" height=\"50\" src=\"https:\/\/sincankres.com\/tr\/wp-content\/uploads\/2024\/08\/Group-45.png\" class=\"attachment-large size-large wp-image-1565\" alt=\"\" \/>\t\t\t\t\t\t\t\t\t\t\t\t\t<\/div>\n\t\t\t\t<\/div>\n\t\t\t\t<div class=\"elementor-element elementor-element-70fcd96 elementor-absolute elementor-invisible elementor-widget elementor-widget-image\" data-id=\"70fcd96\" data-element_type=\"widget\" data-settings=\"{&quot;_position&quot;:&quot;absolute&quot;,&quot;_animation&quot;:&quot;zoomIn&quot;}\" data-widget_type=\"image.default\">\n\t\t\t\t<div class=\"elementor-widget-container\">\n\t\t\t\t\t\t\t\t\t\t\t\t\t<img loading=\"lazy\" decoding=\"async\" width=\"71\" height=\"71\" src=\"https:\/\/sincankres.com\/tr\/wp-content\/uploads\/2024\/08\/Untitled-2-04.png\" class=\"attachment-large size-large wp-image-1566\" alt=\"\" \/>\t\t\t\t\t\t\t\t\t\t\t\t\t<\/div>\n\t\t\t\t<\/div>\n\t\t\t\t\t<\/div>\n\t\t\t\t<\/div>\n\t\t\t\t<\/div>\n\t\t<div class=\"elementor-element elementor-element-4cc8d0a e-con-full e-flex e-con e-child\" data-id=\"4cc8d0a\" data-element_type=\"container\">\n\t\t\t\t<div class=\"elementor-element elementor-element-4ed2c5c elementor-hidden-tablet elementor-hidden-mobile elementor-widget elementor-widget-heading\" data-id=\"4ed2c5c\" data-element_type=\"widget\" data-widget_type=\"heading.default\">\n\t\t\t\t<div class=\"elementor-widget-container\">\n\t\t\t<h2 class=\"elementor-heading-title elementor-size-default\">\u00c7ocuklar\u0131n\u0131z\u0131n her alanda donan\u0131ml\u0131 ve mutlu bireyler olarak yeti\u015fmeleri i\u00e7in, \u00d6zel Ceylan Kre\u015f ve G\u00fcnd\u00fcz Bak\u0131m Evi\u2019nde ihtiya\u00e7 duyduklar\u0131 t\u00fcm hizmetleri sunuyoruz.<\/h2>\t\t<\/div>\n\t\t\t\t<\/div>\n\t\t\t\t<\/div>\n\t\t\t\t<\/div>\n\t\t\t\t\t<\/div>\n\t\t\t\t<\/div>\n\t\t\t\t<\/div>\n\t\t","protected":false},"excerpt":{"rendered":"<p>Hizmetlerimiz \u00c7ocuklar\u0131n\u0131z\u0131n her alanda geli\u015fimini destekleyen geni\u015f bir hizmet yelpazesi sunuyoruz. \u2022\u00a0 \u00c7ocuk Geli\u015fimi ve E\u011fitimi: Alan\u0131nda deneyimli ve uzman kadromuz, \u00e7ocuklar\u0131n\u0131z\u0131n bili\u015fsel, duygusal ve fiziksel geli\u015fimlerini desteklemek i\u00e7in \u00f6zel programlar haz\u0131rlamaktad\u0131r. \u2022\u00a0 Servis \u0130mkan\u0131: \u00c7ocuklar\u0131n\u0131z\u0131n g\u00fcvenli bir \u015fekilde okula gidip gelmelerini sa\u011flayan servis hizmetimiz mevcuttur. \u2022\u00a0 Sabah Kahvalt\u0131s\u0131 \u2013 \u00d6\u011fle Yeme\u011fi \u2013 Ara \u00d6\u011f\u00fcn: [&hellip;]<\/p>\n","protected":false},"author":3,"featured_media":0,"parent":0,"menu_order":0,"comment_status":"closed","ping_status":"open","template":"elementor_header_footer","meta":{"footnotes":""},"class_list":["post-1722","page","type-page","status-publish","hentry"],"_links":{"self":[{"href":"https:\/\/sincankres.com\/tr\/wp-json\/wp\/v2\/pages\/1722"}],"collection":[{"href":"https:\/\/sincankres.com\/tr\/wp-json\/wp\/v2\/pages"}],"about":[{"href":"https:\/\/sincankres.com\/tr\/wp-json\/wp\/v2\/types\/page"}],"author":[{"embeddable":true,"href":"https:\/\/sincankres.com\/tr\/wp-json\/wp\/v2\/users\/3"}],"replies":[{"embeddable":true,"href":"https:\/\/sincankres.com\/tr\/wp-json\/wp\/v2\/comments?post=1722"}],"version-history":[{"count":19,"href":"https:\/\/sincankres.com\/tr\/wp-json\/wp\/v2\/pages\/1722\/revisions"}],"predecessor-version":[{"id":2265,"href":"https:\/\/sincankres.com\/tr\/wp-json\/wp\/v2\/pages\/1722\/revisions\/2265"}],"wp:attachment":[{"href":"https:\/\/sincankres.com\/tr\/wp-json\/wp\/v2\/media?parent=1722"}],"curies":[{"name":"wp","href":"https:\/\/api.w.org\/{rel}","templated":true}]}}