{"id":1735,"date":"2024-08-10T08:50:55","date_gmt":"2024-08-10T05:50:55","guid":{"rendered":"https:\/\/sincankres.com\/tr\/?page_id=1735"},"modified":"2024-08-31T23:45:26","modified_gmt":"2024-08-31T20:45:26","slug":"egitim","status":"publish","type":"page","link":"https:\/\/sincankres.com\/tr\/egitim\/","title":{"rendered":"E\u011fitim"},"content":{"rendered":"\t\t<div data-elementor-type=\"wp-page\" data-elementor-id=\"1735\" class=\"elementor elementor-1735\" data-elementor-post-type=\"page\">\n\t\t\t\t<div class=\"elementor-element elementor-element-3a820394 e-flex e-con-boxed e-con e-parent\" data-id=\"3a820394\" data-element_type=\"container\" data-settings=\"{&quot;background_background&quot;:&quot;classic&quot;}\">\n\t\t\t\t\t<div class=\"e-con-inner\">\n\t\t<div class=\"elementor-element elementor-element-6a6e3452 e-con-full e-flex e-con e-child\" data-id=\"6a6e3452\" data-element_type=\"container\">\n\t\t\t\t<div class=\"elementor-element elementor-element-b0af15a elementor-widget elementor-widget-jkit_heading\" data-id=\"b0af15a\" data-element_type=\"widget\" data-widget_type=\"jkit_heading.default\">\n\t\t\t\t<div class=\"elementor-widget-container\">\n\t\t\t<div  class=\"jeg-elementor-kit jkit-heading  align- align-tablet- align-mobile- jeg_module___69f399c403cd8\" ><div class=\"heading-section-title  display-inline-block\"><h2 class=\"heading-title\">E\u011fitimlerimiz<\/h2><\/div><div class=\"heading-section-description\"><\/div><\/div>\t\t<\/div>\n\t\t\t\t<\/div>\n\t\t\t\t<\/div>\n\t\t\t\t\t<\/div>\n\t\t\t\t<\/div>\n\t\t<div class=\"elementor-element elementor-element-62baba14 e-con-full e-flex e-con e-child\" data-id=\"62baba14\" data-element_type=\"container\">\n\t\t\t\t<div class=\"elementor-element elementor-element-1c63dd51 elementor-widget elementor-widget-jkit_heading\" data-id=\"1c63dd51\" data-element_type=\"widget\" data-widget_type=\"jkit_heading.default\">\n\t\t\t\t<div class=\"elementor-widget-container\">\n\t\t\t<div  class=\"jeg-elementor-kit jkit-heading  align-center align-tablet- align-mobile- jeg_module__1_69f399c40505b\" ><div class=\"heading-section-title  display-inline-block\"><h2 class=\"heading-title\">Gelece\u011fe \u0130z B\u0131rakan Nesiller<\/h2><\/div><div class=\"heading-section-description\"><\/div><\/div>\t\t<\/div>\n\t\t\t\t<\/div>\n\t\t\t\t<\/div>\n\t\t<div class=\"elementor-element elementor-element-5a10803 e-flex e-con-boxed e-con e-parent\" data-id=\"5a10803\" data-element_type=\"container\">\n\t\t\t\t\t<div class=\"e-con-inner\">\n\t\t<div class=\"elementor-element elementor-element-3e69e11 e-grid e-con-full e-con e-child\" data-id=\"3e69e11\" data-element_type=\"container\">\n\t\t\t\t<div class=\"elementor-element elementor-element-3587284 elementor-invisible elementor-widget elementor-widget-image\" data-id=\"3587284\" data-element_type=\"widget\" data-settings=\"{&quot;_animation&quot;:&quot;rotateInDownLeft&quot;}\" data-widget_type=\"image.default\">\n\t\t\t\t<div class=\"elementor-widget-container\">\n\t\t\t<style>\/*! elementor - v3.23.0 - 23-07-2024 *\/\n.elementor-widget-image{text-align:center}.elementor-widget-image a{display:inline-block}.elementor-widget-image a img[src$=\".svg\"]{width:48px}.elementor-widget-image img{vertical-align:middle;display:inline-block}<\/style>\t\t\t\t\t\t\t\t\t\t\t<a href=\"https:\/\/sincankres.com\/tr\/egitim\/rehberlik-ve-danismanlik\/\">\n\t\t\t\t\t\t\t<img fetchpriority=\"high\" decoding=\"async\" width=\"370\" height=\"370\" src=\"https:\/\/sincankres.com\/tr\/wp-content\/uploads\/2024\/08\/1-26.png\" class=\"elementor-animation-grow attachment-large size-large wp-image-2585\" alt=\"\" srcset=\"https:\/\/sincankres.com\/tr\/wp-content\/uploads\/2024\/08\/1-26.png 370w, https:\/\/sincankres.com\/tr\/wp-content\/uploads\/2024\/08\/1-26-300x300.png 300w, https:\/\/sincankres.com\/tr\/wp-content\/uploads\/2024\/08\/1-26-150x150.png 150w\" sizes=\"(max-width: 370px) 100vw, 370px\" \/>\t\t\t\t\t\t\t\t<\/a>\n\t\t\t\t\t\t\t\t\t\t\t\t\t<\/div>\n\t\t\t\t<\/div>\n\t\t\t\t<div class=\"elementor-element elementor-element-9ac334b elementor-invisible elementor-widget elementor-widget-image\" data-id=\"9ac334b\" data-element_type=\"widget\" data-settings=\"{&quot;_animation&quot;:&quot;rotateIn&quot;}\" data-widget_type=\"image.default\">\n\t\t\t\t<div class=\"elementor-widget-container\">\n\t\t\t\t\t\t\t\t\t\t\t\t\t\t<a href=\"https:\/\/sincankres.com\/tr\/egitim\/robotik-kodlama\/\">\n\t\t\t\t\t\t\t<img decoding=\"async\" width=\"370\" height=\"370\" src=\"https:\/\/sincankres.com\/tr\/wp-content\/uploads\/2024\/08\/1-27.png\" class=\"elementor-animation-grow attachment-large size-large wp-image-2586\" alt=\"\" srcset=\"https:\/\/sincankres.com\/tr\/wp-content\/uploads\/2024\/08\/1-27.png 370w, https:\/\/sincankres.com\/tr\/wp-content\/uploads\/2024\/08\/1-27-300x300.png 300w, https:\/\/sincankres.com\/tr\/wp-content\/uploads\/2024\/08\/1-27-150x150.png 150w\" sizes=\"(max-width: 370px) 100vw, 370px\" \/>\t\t\t\t\t\t\t\t<\/a>\n\t\t\t\t\t\t\t\t\t\t\t\t\t<\/div>\n\t\t\t\t<\/div>\n\t\t\t\t<div class=\"elementor-element elementor-element-005f9d4 elementor-invisible elementor-widget elementor-widget-image\" data-id=\"005f9d4\" data-element_type=\"widget\" data-settings=\"{&quot;_animation&quot;:&quot;rotateInDownRight&quot;}\" data-widget_type=\"image.default\">\n\t\t\t\t<div class=\"elementor-widget-container\">\n\t\t\t\t\t\t\t\t\t\t\t\t\t\t<a href=\"https:\/\/sincankres.com\/tr\/egitim\/akil-ve-zeka-oyunlari\/\">\n\t\t\t\t\t\t\t<img decoding=\"async\" width=\"371\" height=\"370\" src=\"https:\/\/sincankres.com\/tr\/wp-content\/uploads\/2024\/08\/1-28.png\" class=\"elementor-animation-grow attachment-large size-large wp-image-2587\" alt=\"\" srcset=\"https:\/\/sincankres.com\/tr\/wp-content\/uploads\/2024\/08\/1-28.png 371w, https:\/\/sincankres.com\/tr\/wp-content\/uploads\/2024\/08\/1-28-300x300.png 300w, https:\/\/sincankres.com\/tr\/wp-content\/uploads\/2024\/08\/1-28-150x150.png 150w\" sizes=\"(max-width: 371px) 100vw, 371px\" \/>\t\t\t\t\t\t\t\t<\/a>\n\t\t\t\t\t\t\t\t\t\t\t\t\t<\/div>\n\t\t\t\t<\/div>\n\t\t\t\t<div class=\"elementor-element elementor-element-13755e3 elementor-invisible elementor-widget elementor-widget-image\" data-id=\"13755e3\" data-element_type=\"widget\" data-settings=\"{&quot;_animation&quot;:&quot;rotateInDownLeft&quot;}\" data-widget_type=\"image.default\">\n\t\t\t\t<div class=\"elementor-widget-container\">\n\t\t\t\t\t\t\t\t\t\t\t\t\t\t<a href=\"https:\/\/sincankres.com\/tr\/egitim\/gorsel-sanat-dersi\/\">\n\t\t\t\t\t\t\t<img loading=\"lazy\" decoding=\"async\" width=\"370\" height=\"370\" src=\"https:\/\/sincankres.com\/tr\/wp-content\/uploads\/2024\/08\/1-29.png\" class=\"elementor-animation-grow attachment-large size-large wp-image-2588\" alt=\"\" srcset=\"https:\/\/sincankres.com\/tr\/wp-content\/uploads\/2024\/08\/1-29.png 370w, https:\/\/sincankres.com\/tr\/wp-content\/uploads\/2024\/08\/1-29-300x300.png 300w, https:\/\/sincankres.com\/tr\/wp-content\/uploads\/2024\/08\/1-29-150x150.png 150w\" sizes=\"(max-width: 370px) 100vw, 370px\" \/>\t\t\t\t\t\t\t\t<\/a>\n\t\t\t\t\t\t\t\t\t\t\t\t\t<\/div>\n\t\t\t\t<\/div>\n\t\t\t\t<div class=\"elementor-element elementor-element-28c5cb9 elementor-invisible elementor-widget elementor-widget-image\" data-id=\"28c5cb9\" data-element_type=\"widget\" data-settings=\"{&quot;_animation&quot;:&quot;rotateIn&quot;}\" data-widget_type=\"image.default\">\n\t\t\t\t<div class=\"elementor-widget-container\">\n\t\t\t\t\t\t\t\t\t\t\t\t\t\t<a href=\"https:\/\/sincankres.com\/tr\/egitim\/manevi-egitim\/\">\n\t\t\t\t\t\t\t<img loading=\"lazy\" decoding=\"async\" width=\"370\" height=\"370\" src=\"https:\/\/sincankres.com\/tr\/wp-content\/uploads\/2024\/08\/1-30.png\" class=\"elementor-animation-grow attachment-large size-large wp-image-2589\" alt=\"\" srcset=\"https:\/\/sincankres.com\/tr\/wp-content\/uploads\/2024\/08\/1-30.png 370w, https:\/\/sincankres.com\/tr\/wp-content\/uploads\/2024\/08\/1-30-300x300.png 300w, https:\/\/sincankres.com\/tr\/wp-content\/uploads\/2024\/08\/1-30-150x150.png 150w\" sizes=\"(max-width: 370px) 100vw, 370px\" \/>\t\t\t\t\t\t\t\t<\/a>\n\t\t\t\t\t\t\t\t\t\t\t\t\t<\/div>\n\t\t\t\t<\/div>\n\t\t\t\t<div class=\"elementor-element elementor-element-1baba73 elementor-invisible elementor-widget elementor-widget-image\" data-id=\"1baba73\" data-element_type=\"widget\" data-settings=\"{&quot;_animation&quot;:&quot;rotateInDownRight&quot;}\" data-widget_type=\"image.default\">\n\t\t\t\t<div class=\"elementor-widget-container\">\n\t\t\t\t\t\t\t\t\t\t\t\t\t\t<a href=\"https:\/\/sincankres.com\/tr\/egitim\/yabanci-dil-egitimi\/\">\n\t\t\t\t\t\t\t<img loading=\"lazy\" decoding=\"async\" width=\"370\" height=\"370\" src=\"https:\/\/sincankres.com\/tr\/wp-content\/uploads\/2024\/08\/1-32.png\" class=\"elementor-animation-grow attachment-large size-large wp-image-2591\" alt=\"\" srcset=\"https:\/\/sincankres.com\/tr\/wp-content\/uploads\/2024\/08\/1-32.png 370w, https:\/\/sincankres.com\/tr\/wp-content\/uploads\/2024\/08\/1-32-300x300.png 300w, https:\/\/sincankres.com\/tr\/wp-content\/uploads\/2024\/08\/1-32-150x150.png 150w\" sizes=\"(max-width: 370px) 100vw, 370px\" \/>\t\t\t\t\t\t\t\t<\/a>\n\t\t\t\t\t\t\t\t\t\t\t\t\t<\/div>\n\t\t\t\t<\/div>\n\t\t\t\t<\/div>\n\t\t\t\t\t<\/div>\n\t\t\t\t<\/div>\n\t\t<div class=\"elementor-element elementor-element-ada901f e-flex e-con-boxed e-con e-parent\" data-id=\"ada901f\" data-element_type=\"container\">\n\t\t\t\t\t<div class=\"e-con-inner\">\n\t\t\t\t<div class=\"elementor-element elementor-element-6b90400 elementor-invisible elementor-widget elementor-widget-image\" data-id=\"6b90400\" data-element_type=\"widget\" data-settings=\"{&quot;_animation&quot;:&quot;rotateIn&quot;}\" data-widget_type=\"image.default\">\n\t\t\t\t<div class=\"elementor-widget-container\">\n\t\t\t\t\t\t\t\t\t\t\t\t\t\t<a href=\"https:\/\/sincankres.com\/tr\/egitim\/degerler-egitimi\/\">\n\t\t\t\t\t\t\t<img loading=\"lazy\" decoding=\"async\" width=\"370\" height=\"370\" src=\"https:\/\/sincankres.com\/tr\/wp-content\/uploads\/2024\/08\/1-31.png\" class=\"elementor-animation-grow attachment-large size-large wp-image-2590\" alt=\"\" srcset=\"https:\/\/sincankres.com\/tr\/wp-content\/uploads\/2024\/08\/1-31.png 370w, https:\/\/sincankres.com\/tr\/wp-content\/uploads\/2024\/08\/1-31-300x300.png 300w, https:\/\/sincankres.com\/tr\/wp-content\/uploads\/2024\/08\/1-31-150x150.png 150w\" sizes=\"(max-width: 370px) 100vw, 370px\" \/>\t\t\t\t\t\t\t\t<\/a>\n\t\t\t\t\t\t\t\t\t\t\t\t\t<\/div>\n\t\t\t\t<\/div>\n\t\t\t\t\t<\/div>\n\t\t\t\t<\/div>\n\t\t\t\t<\/div>\n\t\t","protected":false},"excerpt":{"rendered":"<p>E\u011fitimlerimiz Gelece\u011fe \u0130z B\u0131rakan Nesiller<\/p>\n","protected":false},"author":3,"featured_media":0,"parent":0,"menu_order":0,"comment_status":"closed","ping_status":"open","template":"elementor_header_footer","meta":{"footnotes":""},"class_list":["post-1735","page","type-page","status-publish","hentry"],"_links":{"self":[{"href":"https:\/\/sincankres.com\/tr\/wp-json\/wp\/v2\/pages\/1735"}],"collection":[{"href":"https:\/\/sincankres.com\/tr\/wp-json\/wp\/v2\/pages"}],"about":[{"href":"https:\/\/sincankres.com\/tr\/wp-json\/wp\/v2\/types\/page"}],"author":[{"embeddable":true,"href":"https:\/\/sincankres.com\/tr\/wp-json\/wp\/v2\/users\/3"}],"replies":[{"embeddable":true,"href":"https:\/\/sincankres.com\/tr\/wp-json\/wp\/v2\/comments?post=1735"}],"version-history":[{"count":106,"href":"https:\/\/sincankres.com\/tr\/wp-json\/wp\/v2\/pages\/1735\/revisions"}],"predecessor-version":[{"id":2851,"href":"https:\/\/sincankres.com\/tr\/wp-json\/wp\/v2\/pages\/1735\/revisions\/2851"}],"wp:attachment":[{"href":"https:\/\/sincankres.com\/tr\/wp-json\/wp\/v2\/media?parent=1735"}],"curies":[{"name":"wp","href":"https:\/\/api.w.org\/{rel}","templated":true}]}}