{"id":1744,"date":"2024-08-10T08:52:41","date_gmt":"2024-08-10T05:52:41","guid":{"rendered":"https:\/\/sincankres.com\/tr\/?page_id=1744"},"modified":"2024-08-29T15:13:59","modified_gmt":"2024-08-29T12:13:59","slug":"manevi-egitim","status":"publish","type":"page","link":"https:\/\/sincankres.com\/tr\/egitim\/manevi-egitim\/","title":{"rendered":"Kur&#8217;an-\u0131 Kerim"},"content":{"rendered":"\t\t<div data-elementor-type=\"wp-page\" data-elementor-id=\"1744\" class=\"elementor elementor-1744\" data-elementor-post-type=\"page\">\n\t\t\t\t<div class=\"elementor-element elementor-element-3dfba82 e-flex e-con-boxed e-con e-parent\" data-id=\"3dfba82\" data-element_type=\"container\" data-settings=\"{&quot;background_background&quot;:&quot;classic&quot;}\">\n\t\t\t\t\t<div class=\"e-con-inner\">\n\t\t<div class=\"elementor-element elementor-element-681d4a8c e-con-full e-flex e-con e-child\" data-id=\"681d4a8c\" data-element_type=\"container\">\n\t\t\t\t<div class=\"elementor-element elementor-element-5463857 elementor-widget elementor-widget-jkit_heading\" data-id=\"5463857\" data-element_type=\"widget\" data-widget_type=\"jkit_heading.default\">\n\t\t\t\t<div class=\"elementor-widget-container\">\n\t\t\t<div  class=\"jeg-elementor-kit jkit-heading  align- align-tablet- align-mobile- jeg_module___69f3ac2516c73\" ><div class=\"heading-section-title  display-inline-block\"><h2 class=\"heading-title\">Kur&#039;an-\u0131 Kerim<\/h2><\/div><div class=\"heading-section-description\"><p>Gelece\u011fe \u0130z B\u0131rakan Nesiller Yeti\u015ftiriyoruz..<\/p><\/div><\/div>\t\t<\/div>\n\t\t\t\t<\/div>\n\t\t\t\t<\/div>\n\t\t\t\t\t<\/div>\n\t\t\t\t<\/div>\n\t\t<div class=\"elementor-element elementor-element-e7186ae e-flex e-con-boxed e-con e-parent\" data-id=\"e7186ae\" data-element_type=\"container\">\n\t\t\t\t\t<div class=\"e-con-inner\">\n\t\t\t\t<div class=\"elementor-element elementor-element-4a0a442b elementor-hidden-tablet elementor-hidden-mobile elementor-widget elementor-widget-jkit_heading\" data-id=\"4a0a442b\" data-element_type=\"widget\" data-widget_type=\"jkit_heading.default\">\n\t\t\t\t<div class=\"elementor-widget-container\">\n\t\t\t<div  class=\"jeg-elementor-kit jkit-heading  align-center align-tablet- align-mobile- jeg_module__1_69f3ac2517d75\" ><div class=\"heading-section-title  display-inline-block\"><h2 class=\"heading-title\">\u00d6zel Ceylan Kre\u015f ve G\u00fcnd\u00fcz Bak\u0131m Evi olarak, \u00e7ocuklar\u0131m\u0131z\u0131n sadece akademik ve sosyal geli\u015fimlerini de\u011fil, manevi geli\u015fimlerini de \u00f6nemsiyoruz. Bu kapsamda sundu\u011fumuz Manevi E\u011fitim program\u0131m\u0131z, \u00e7ocuklar\u0131m\u0131za \u0130slami de\u011ferleri ve bilgileri kazand\u0131rmay\u0131 ama\u00e7lar.<\/h2><\/div><div class=\"heading-section-description\"><\/div><\/div>\t\t<\/div>\n\t\t\t\t<\/div>\n\t\t\t\t\t<\/div>\n\t\t\t\t<\/div>\n\t\t<div class=\"elementor-element elementor-element-38dd0d25 e-flex e-con-boxed e-con e-parent\" data-id=\"38dd0d25\" data-element_type=\"container\" data-settings=\"{&quot;background_background&quot;:&quot;classic&quot;}\">\n\t\t\t\t\t<div class=\"e-con-inner\">\n\t\t<div class=\"elementor-element elementor-element-7e75813 e-con-full e-flex e-con e-child\" data-id=\"7e75813\" data-element_type=\"container\">\n\t\t\t\t<div class=\"elementor-element elementor-element-f8a3dc3 elementor-widget elementor-widget-jkit_heading\" data-id=\"f8a3dc3\" data-element_type=\"widget\" data-widget_type=\"jkit_heading.default\">\n\t\t\t\t<div class=\"elementor-widget-container\">\n\t\t\t<div  class=\"jeg-elementor-kit jkit-heading  align- align-tablet- align-mobile- jeg_module__2_69f3ac2518912\" ><div class=\"heading-section-title  display-inline-block\"><h2 class=\"heading-title\"><\/h2><\/div><div class=\"heading-section-description\"><p class=\"p1\">\u2022\u00a0 <strong>Temel Dini Bilgiler:<\/strong> \u00c7ocuklar\u0131m\u0131za \u0130slam dininin temel prensiplerini, inan\u00e7 esaslar\u0131n\u0131 ve ibadetleri \u00f6\u011fretiyoruz.<\/p><p class=\"p1\">\u2022\u00a0 <strong>Kur\u2019an-\u0131 Kerim:<\/strong> \u00c7ocuklar\u0131m\u0131z\u0131n Kur\u2019an-\u0131 Kerim\u2019i \u00f6\u011frenmelerine ve anlamalar\u0131na y\u00f6nelik dersler sunuyoruz.<\/p><p class=\"p1\">\u2022\u00a0 <strong>Ahlak:<\/strong> \u0130yi ahlaka sahip, erdemli bireyler yeti\u015ftirmek i\u00e7in, ahlaki de\u011ferleri ve g\u00fczel davran\u0131\u015flar\u0131 a\u015f\u0131l\u0131yoruz.<\/p><p class=\"p1\">\u2022\u00a0 <strong>F\u0131k\u0131h:<\/strong> \u0130badetler, g\u00fcnl\u00fck ya\u015fam ve toplumsal ili\u015fkilerde dini h\u00fck\u00fcmleri \u00f6\u011frenmeleri i\u00e7in f\u0131k\u0131h dersleri veriyoruz.<\/p><p class=\"p1\">\u2022\u00a0 <strong>Siyer:<\/strong> Peygamber Efendimiz\u2019in (sav) hayat\u0131n\u0131 ve \u00f6rnek ki\u015fili\u011fini \u00e7ocuklar\u0131m\u0131za anlat\u0131yor, onun ahlak\u0131n\u0131 rehber edinmelerini sa\u011fl\u0131yoruz.<\/p><p class=\"p1\">\u2022\u00a0 <strong>Sureler:<\/strong> \u00c7ocuklar\u0131m\u0131za Kur\u2019an-\u0131 Kerim\u2019den sureleri ezberletiyor ve anlamlar\u0131n\u0131 \u00f6\u011fretiyoruz.<\/p><p class=\"p2\">\u2022\u00a0 <strong>Dualar:<\/strong> G\u00fcnl\u00fck hayatlar\u0131nda kullanabilecekleri dualar\u0131 \u00f6\u011frenmeleri ve bu dualar\u0131n anlamlar\u0131n\u0131 kavramalar\u0131 i\u00e7in e\u011fitimler veriyoruz.<\/p><\/div><\/div>\t\t<\/div>\n\t\t\t\t<\/div>\n\t\t\t\t<div class=\"elementor-element elementor-element-c619de7 jkit-equal-height-disable elementor-invisible elementor-widget elementor-widget-jkit_icon_box\" data-id=\"c619de7\" data-element_type=\"widget\" data-settings=\"{&quot;_animation&quot;:&quot;fadeInRight&quot;}\" data-widget_type=\"jkit_icon_box.default\">\n\t\t\t\t<div class=\"elementor-widget-container\">\n\t\t\t<div  class=\"jeg-elementor-kit jkit-icon-box icon-position-left elementor-animation- jeg_module__3_69f3ac251fa4b\" ><div class=\"jkit-icon-box-wrapper hover-from-left\"><div class=\"icon-box icon-box-header elementor-animation-shrink\"><div class=\"icon style-color\"><img decoding=\"async\" width=\"35\" height=\"34\" src=\"https:\/\/sincankres.com\/tr\/wp-content\/uploads\/2024\/08\/Group-38.png\" class=\"attachment-thumbnail size-thumbnail\" alt=\"\" url=\"https:\/\/sincankres.com\/tr\/wp-content\/uploads\/2024\/08\/Group-38.png\" \/><\/div><\/div><div class=\"icon-box icon-box-body\">\n                <p class=\"icon-box-description\">Manevi E\u011fitim program\u0131m\u0131zla, \u00e7ocuklar\u0131m\u0131z\u0131n ruhsal ve ahlaki geli\u015fimlerini destekleyerek, gelecekte bilin\u00e7li ve sorumluluk sahibi bireyler olmalar\u0131na katk\u0131 sa\u011fl\u0131yoruz.<br \/>\n<\/p>\n            <\/div>\n            \n            <\/div><\/div>\t\t<\/div>\n\t\t\t\t<\/div>\n\t\t\t\t<\/div>\n\t\t<div class=\"elementor-element elementor-element-4e46d442 e-con-full e-flex e-con e-child\" data-id=\"4e46d442\" data-element_type=\"container\">\n\t\t\t\t<div class=\"elementor-element elementor-element-646a9ff4 elementor-invisible elementor-widget elementor-widget-image\" data-id=\"646a9ff4\" data-element_type=\"widget\" data-settings=\"{&quot;_animation&quot;:&quot;fadeInDown&quot;}\" data-widget_type=\"image.default\">\n\t\t\t\t<div class=\"elementor-widget-container\">\n\t\t\t<style>\/*! elementor - v3.23.0 - 23-07-2024 *\/\n.elementor-widget-image{text-align:center}.elementor-widget-image a{display:inline-block}.elementor-widget-image a img[src$=\".svg\"]{width:48px}.elementor-widget-image img{vertical-align:middle;display:inline-block}<\/style>\t\t\t\t\t\t\t\t\t\t<img fetchpriority=\"high\" decoding=\"async\" width=\"438\" height=\"482\" src=\"https:\/\/sincankres.com\/tr\/wp-content\/uploads\/2024\/08\/1-16.png\" class=\"attachment-large size-large wp-image-2508\" alt=\"\" srcset=\"https:\/\/sincankres.com\/tr\/wp-content\/uploads\/2024\/08\/1-16.png 438w, https:\/\/sincankres.com\/tr\/wp-content\/uploads\/2024\/08\/1-16-273x300.png 273w\" sizes=\"(max-width: 438px) 100vw, 438px\" \/>\t\t\t\t\t\t\t\t\t\t\t\t\t<\/div>\n\t\t\t\t<\/div>\n\t\t\t\t<div class=\"elementor-element elementor-element-126c2e0 elementor-invisible elementor-widget elementor-widget-image\" data-id=\"126c2e0\" data-element_type=\"widget\" data-settings=\"{&quot;_animation&quot;:&quot;fadeInDown&quot;}\" data-widget_type=\"image.default\">\n\t\t\t\t<div class=\"elementor-widget-container\">\n\t\t\t\t\t\t\t\t\t\t\t\t\t<img decoding=\"async\" width=\"351\" height=\"246\" src=\"https:\/\/sincankres.com\/tr\/wp-content\/uploads\/2024\/08\/1-18.png\" class=\"attachment-large size-large wp-image-2510\" alt=\"\" srcset=\"https:\/\/sincankres.com\/tr\/wp-content\/uploads\/2024\/08\/1-18.png 351w, https:\/\/sincankres.com\/tr\/wp-content\/uploads\/2024\/08\/1-18-300x210.png 300w\" sizes=\"(max-width: 351px) 100vw, 351px\" \/>\t\t\t\t\t\t\t\t\t\t\t\t\t<\/div>\n\t\t\t\t<\/div>\n\t\t\t\t<\/div>\n\t\t<div class=\"elementor-element elementor-element-1d592b13 e-con-full e-flex e-con e-child\" data-id=\"1d592b13\" data-element_type=\"container\">\n\t\t\t\t<div class=\"elementor-element elementor-element-1b591831 elementor-absolute elementor-widget elementor-widget-image\" data-id=\"1b591831\" data-element_type=\"widget\" data-settings=\"{&quot;_position&quot;:&quot;absolute&quot;,&quot;_animation&quot;:&quot;none&quot;}\" data-widget_type=\"image.default\">\n\t\t\t\t<div class=\"elementor-widget-container\">\n\t\t\t\t\t\t\t\t\t\t\t\t\t<img loading=\"lazy\" decoding=\"async\" width=\"332\" height=\"161\" src=\"https:\/\/sincankres.com\/tr\/wp-content\/uploads\/2024\/08\/Group-1000002965.png\" class=\"elementor-animation-hang attachment-large size-large wp-image-1537\" alt=\"\" srcset=\"https:\/\/sincankres.com\/tr\/wp-content\/uploads\/2024\/08\/Group-1000002965.png 332w, https:\/\/sincankres.com\/tr\/wp-content\/uploads\/2024\/08\/Group-1000002965-300x145.png 300w\" sizes=\"(max-width: 332px) 100vw, 332px\" \/>\t\t\t\t\t\t\t\t\t\t\t\t\t<\/div>\n\t\t\t\t<\/div>\n\t\t\t\t<div class=\"elementor-element elementor-element-1ffedb21 elementor-invisible elementor-widget elementor-widget-image\" data-id=\"1ffedb21\" data-element_type=\"widget\" data-settings=\"{&quot;_animation&quot;:&quot;fadeInDown&quot;}\" data-widget_type=\"image.default\">\n\t\t\t\t<div class=\"elementor-widget-container\">\n\t\t\t\t\t\t\t\t\t\t\t\t\t<img loading=\"lazy\" decoding=\"async\" width=\"270\" height=\"351\" src=\"https:\/\/sincankres.com\/tr\/wp-content\/uploads\/2024\/08\/1-17.png\" class=\"attachment-large size-large wp-image-2509\" alt=\"\" srcset=\"https:\/\/sincankres.com\/tr\/wp-content\/uploads\/2024\/08\/1-17.png 270w, https:\/\/sincankres.com\/tr\/wp-content\/uploads\/2024\/08\/1-17-231x300.png 231w\" sizes=\"(max-width: 270px) 100vw, 270px\" \/>\t\t\t\t\t\t\t\t\t\t\t\t\t<\/div>\n\t\t\t\t<\/div>\n\t\t\t\t<\/div>\n\t\t\t\t\t<\/div>\n\t\t\t\t<\/div>\n\t\t\t\t<\/div>\n\t\t","protected":false},"excerpt":{"rendered":"<p>Kur&#039;an-\u0131 Kerim Gelece\u011fe \u0130z B\u0131rakan Nesiller Yeti\u015ftiriyoruz.. \u00d6zel Ceylan Kre\u015f ve G\u00fcnd\u00fcz Bak\u0131m Evi olarak, \u00e7ocuklar\u0131m\u0131z\u0131n sadece akademik ve sosyal geli\u015fimlerini de\u011fil, manevi geli\u015fimlerini de \u00f6nemsiyoruz. Bu kapsamda sundu\u011fumuz Manevi E\u011fitim program\u0131m\u0131z, \u00e7ocuklar\u0131m\u0131za \u0130slami de\u011ferleri ve bilgileri kazand\u0131rmay\u0131 ama\u00e7lar. \u2022\u00a0 Temel Dini Bilgiler: \u00c7ocuklar\u0131m\u0131za \u0130slam dininin temel prensiplerini, inan\u00e7 esaslar\u0131n\u0131 ve ibadetleri \u00f6\u011fretiyoruz. \u2022\u00a0 Kur\u2019an-\u0131 [&hellip;]<\/p>\n","protected":false},"author":3,"featured_media":0,"parent":1735,"menu_order":0,"comment_status":"closed","ping_status":"closed","template":"elementor_header_footer","meta":{"footnotes":""},"class_list":["post-1744","page","type-page","status-publish","hentry"],"_links":{"self":[{"href":"https:\/\/sincankres.com\/tr\/wp-json\/wp\/v2\/pages\/1744"}],"collection":[{"href":"https:\/\/sincankres.com\/tr\/wp-json\/wp\/v2\/pages"}],"about":[{"href":"https:\/\/sincankres.com\/tr\/wp-json\/wp\/v2\/types\/page"}],"author":[{"embeddable":true,"href":"https:\/\/sincankres.com\/tr\/wp-json\/wp\/v2\/users\/3"}],"replies":[{"embeddable":true,"href":"https:\/\/sincankres.com\/tr\/wp-json\/wp\/v2\/comments?post=1744"}],"version-history":[{"count":39,"href":"https:\/\/sincankres.com\/tr\/wp-json\/wp\/v2\/pages\/1744\/revisions"}],"predecessor-version":[{"id":2570,"href":"https:\/\/sincankres.com\/tr\/wp-json\/wp\/v2\/pages\/1744\/revisions\/2570"}],"up":[{"embeddable":true,"href":"https:\/\/sincankres.com\/tr\/wp-json\/wp\/v2\/pages\/1735"}],"wp:attachment":[{"href":"https:\/\/sincankres.com\/tr\/wp-json\/wp\/v2\/media?parent=1744"}],"curies":[{"name":"wp","href":"https:\/\/api.w.org\/{rel}","templated":true}]}}