{"id":1754,"date":"2024-08-10T08:55:06","date_gmt":"2024-08-10T05:55:06","guid":{"rendered":"https:\/\/sincankres.com\/tr\/?page_id=1754"},"modified":"2024-08-29T15:14:19","modified_gmt":"2024-08-29T12:14:19","slug":"yabanci-dil-egitimi","status":"publish","type":"page","link":"https:\/\/sincankres.com\/tr\/egitim\/yabanci-dil-egitimi\/","title":{"rendered":"\u0130ngilizce E\u011fitimi"},"content":{"rendered":"\t\t<div data-elementor-type=\"wp-page\" data-elementor-id=\"1754\" class=\"elementor elementor-1754\" data-elementor-post-type=\"page\">\n\t\t\t\t<div class=\"elementor-element elementor-element-1c6e32fb e-flex e-con-boxed e-con e-parent\" data-id=\"1c6e32fb\" data-element_type=\"container\" data-settings=\"{&quot;background_background&quot;:&quot;classic&quot;}\">\n\t\t\t\t\t<div class=\"e-con-inner\">\n\t\t<div class=\"elementor-element elementor-element-6804f3e9 e-con-full e-flex e-con e-child\" data-id=\"6804f3e9\" data-element_type=\"container\">\n\t\t\t\t<div class=\"elementor-element elementor-element-5dcbf482 elementor-widget elementor-widget-jkit_heading\" data-id=\"5dcbf482\" data-element_type=\"widget\" data-widget_type=\"jkit_heading.default\">\n\t\t\t\t<div class=\"elementor-widget-container\">\n\t\t\t<div  class=\"jeg-elementor-kit jkit-heading  align- align-tablet- align-mobile- jeg_module___69f39be3c7f5f\" ><div class=\"heading-section-title  display-inline-block\"><h2 class=\"heading-title\">\u0130ngilizce E\u011fitimi<\/h2><\/div><div class=\"heading-section-description\"><p>Gelece\u011fe \u0130z B\u0131rakan Nesiller Yeti\u015ftiriyoruz..<\/p><\/div><\/div>\t\t<\/div>\n\t\t\t\t<\/div>\n\t\t\t\t<\/div>\n\t\t\t\t\t<\/div>\n\t\t\t\t<\/div>\n\t\t<div class=\"elementor-element elementor-element-d74035b e-flex e-con-boxed e-con e-parent\" data-id=\"d74035b\" data-element_type=\"container\">\n\t\t\t\t\t<div class=\"e-con-inner\">\n\t\t\t\t<div class=\"elementor-element elementor-element-a6a6891 elementor-hidden-tablet elementor-hidden-mobile elementor-widget elementor-widget-text-editor\" data-id=\"a6a6891\" data-element_type=\"widget\" data-widget_type=\"text-editor.default\">\n\t\t\t\t<div class=\"elementor-widget-container\">\n\t\t\t<style>\/*! elementor - v3.23.0 - 23-07-2024 *\/\n.elementor-widget-text-editor.elementor-drop-cap-view-stacked .elementor-drop-cap{background-color:#69727d;color:#fff}.elementor-widget-text-editor.elementor-drop-cap-view-framed .elementor-drop-cap{color:#69727d;border:3px solid;background-color:transparent}.elementor-widget-text-editor:not(.elementor-drop-cap-view-default) .elementor-drop-cap{margin-top:8px}.elementor-widget-text-editor:not(.elementor-drop-cap-view-default) .elementor-drop-cap-letter{width:1em;height:1em}.elementor-widget-text-editor .elementor-drop-cap{float:left;text-align:center;line-height:1;font-size:50px}.elementor-widget-text-editor .elementor-drop-cap-letter{display:inline-block}<\/style>\t\t\t\t<h5><strong>\u00c7ocuklar\u0131m\u0131z\u0131n erken ya\u015fta dil \u00f6\u011frenme becerilerini geli\u015ftirmelerine b\u00fcy\u00fck \u00f6nem veriyoruz.\u00a0<\/strong><\/h5>\t\t\t\t\t\t<\/div>\n\t\t\t\t<\/div>\n\t\t\t\t\t<\/div>\n\t\t\t\t<\/div>\n\t\t<div class=\"elementor-element elementor-element-67dcdf24 e-flex e-con-boxed e-con e-parent\" data-id=\"67dcdf24\" data-element_type=\"container\" data-settings=\"{&quot;background_background&quot;:&quot;classic&quot;}\">\n\t\t\t\t\t<div class=\"e-con-inner\">\n\t\t<div class=\"elementor-element elementor-element-a30a3d4 e-con-full e-flex e-con e-child\" data-id=\"a30a3d4\" data-element_type=\"container\">\n\t\t\t\t<div class=\"elementor-element elementor-element-08a2328 elementor-widget elementor-widget-jkit_heading\" data-id=\"08a2328\" data-element_type=\"widget\" data-widget_type=\"jkit_heading.default\">\n\t\t\t\t<div class=\"elementor-widget-container\">\n\t\t\t<div  class=\"jeg-elementor-kit jkit-heading  align- align-tablet- align-mobile- jeg_module__1_69f39be3c8e6c\" ><div class=\"heading-section-title  display-inline-block\"><h2 class=\"heading-title\"><\/h2><\/div><div class=\"heading-section-description\"><p class=\"p1\">\u2022\u00a0<strong>\u0130ngilizce:<\/strong> \u00c7ocuklar\u0131m\u0131z\u0131n global d\u00fcnyaya haz\u0131rlanmalar\u0131 i\u00e7in, onlar\u0131 \u0130ngilizce diline a\u015fina hale getiriyor ve temel dil becerilerini geli\u015ftiriyoruz. Oyun temelli aktiviteler, \u015fark\u0131lar ve hikayelerle, dil \u00f6\u011frenimini e\u011flenceli ve etkili hale getiriyoruz.<\/p><\/div><\/div>\t\t<\/div>\n\t\t\t\t<\/div>\n\t\t\t\t<div class=\"elementor-element elementor-element-3004cd99 jkit-equal-height-disable elementor-invisible elementor-widget elementor-widget-jkit_icon_box\" data-id=\"3004cd99\" data-element_type=\"widget\" data-settings=\"{&quot;_animation&quot;:&quot;fadeInRight&quot;}\" data-widget_type=\"jkit_icon_box.default\">\n\t\t\t\t<div class=\"elementor-widget-container\">\n\t\t\t<div  class=\"jeg-elementor-kit jkit-icon-box icon-position-left elementor-animation- jeg_module__2_69f39be3c9eb8\" ><div class=\"jkit-icon-box-wrapper hover-from-left\"><div class=\"icon-box icon-box-header elementor-animation-shrink\"><div class=\"icon style-color\"><img decoding=\"async\" width=\"38\" height=\"39\" src=\"https:\/\/sincankres.com\/tr\/wp-content\/uploads\/2024\/08\/Group-39.png\" class=\"attachment-thumbnail size-thumbnail\" alt=\"\" url=\"https:\/\/sincankres.com\/tr\/wp-content\/uploads\/2024\/08\/Group-39.png\" \/><\/div><\/div><div class=\"icon-box icon-box-body\">\n                <p class=\"icon-box-description\">Yabanc\u0131 dil e\u011fitimlerimizle, \u00e7ocuklar\u0131m\u0131za erken ya\u015fta dil becerileri kazand\u0131r\u0131yor, onlar\u0131n hem akademik hem de sosyal ya\u015famlar\u0131nda ba\u015far\u0131l\u0131 olmalar\u0131na katk\u0131 sa\u011fl\u0131yoruz.<br \/>\n<\/p>\n            <\/div>\n            \n            <\/div><\/div>\t\t<\/div>\n\t\t\t\t<\/div>\n\t\t\t\t<\/div>\n\t\t<div class=\"elementor-element elementor-element-248021d1 e-con-full e-flex e-con e-child\" data-id=\"248021d1\" data-element_type=\"container\">\n\t\t\t\t<div class=\"elementor-element elementor-element-333e6a7c elementor-invisible elementor-widget elementor-widget-image\" data-id=\"333e6a7c\" data-element_type=\"widget\" data-settings=\"{&quot;_animation&quot;:&quot;fadeInDown&quot;}\" data-widget_type=\"image.default\">\n\t\t\t\t<div class=\"elementor-widget-container\">\n\t\t\t<style>\/*! elementor - v3.23.0 - 23-07-2024 *\/\n.elementor-widget-image{text-align:center}.elementor-widget-image a{display:inline-block}.elementor-widget-image a img[src$=\".svg\"]{width:48px}.elementor-widget-image img{vertical-align:middle;display:inline-block}<\/style>\t\t\t\t\t\t\t\t\t\t<img fetchpriority=\"high\" decoding=\"async\" width=\"438\" height=\"482\" src=\"https:\/\/sincankres.com\/tr\/wp-content\/uploads\/2024\/08\/1-22.png\" class=\"attachment-large size-large wp-image-2520\" alt=\"\" srcset=\"https:\/\/sincankres.com\/tr\/wp-content\/uploads\/2024\/08\/1-22.png 438w, https:\/\/sincankres.com\/tr\/wp-content\/uploads\/2024\/08\/1-22-273x300.png 273w\" sizes=\"(max-width: 438px) 100vw, 438px\" \/>\t\t\t\t\t\t\t\t\t\t\t\t\t<\/div>\n\t\t\t\t<\/div>\n\t\t\t\t<div class=\"elementor-element elementor-element-25b284c4 elementor-invisible elementor-widget elementor-widget-image\" data-id=\"25b284c4\" data-element_type=\"widget\" data-settings=\"{&quot;_animation&quot;:&quot;fadeInDown&quot;}\" data-widget_type=\"image.default\">\n\t\t\t\t<div class=\"elementor-widget-container\">\n\t\t\t\t\t\t\t\t\t\t\t\t\t<img decoding=\"async\" width=\"351\" height=\"246\" src=\"https:\/\/sincankres.com\/tr\/wp-content\/uploads\/2024\/08\/1-24.png\" class=\"attachment-large size-large wp-image-2522\" alt=\"\" srcset=\"https:\/\/sincankres.com\/tr\/wp-content\/uploads\/2024\/08\/1-24.png 351w, https:\/\/sincankres.com\/tr\/wp-content\/uploads\/2024\/08\/1-24-300x210.png 300w\" sizes=\"(max-width: 351px) 100vw, 351px\" \/>\t\t\t\t\t\t\t\t\t\t\t\t\t<\/div>\n\t\t\t\t<\/div>\n\t\t\t\t<\/div>\n\t\t<div class=\"elementor-element elementor-element-57e773bd e-con-full e-flex e-con e-child\" data-id=\"57e773bd\" data-element_type=\"container\">\n\t\t\t\t<div class=\"elementor-element elementor-element-24a8931e elementor-absolute elementor-widget elementor-widget-image\" data-id=\"24a8931e\" data-element_type=\"widget\" data-settings=\"{&quot;_position&quot;:&quot;absolute&quot;,&quot;_animation&quot;:&quot;none&quot;}\" data-widget_type=\"image.default\">\n\t\t\t\t<div class=\"elementor-widget-container\">\n\t\t\t\t\t\t\t\t\t\t\t\t\t<img loading=\"lazy\" decoding=\"async\" width=\"332\" height=\"161\" src=\"https:\/\/sincankres.com\/tr\/wp-content\/uploads\/2024\/08\/Group-1000002965.png\" class=\"elementor-animation-hang attachment-large size-large wp-image-1537\" alt=\"\" srcset=\"https:\/\/sincankres.com\/tr\/wp-content\/uploads\/2024\/08\/Group-1000002965.png 332w, https:\/\/sincankres.com\/tr\/wp-content\/uploads\/2024\/08\/Group-1000002965-300x145.png 300w\" sizes=\"(max-width: 332px) 100vw, 332px\" \/>\t\t\t\t\t\t\t\t\t\t\t\t\t<\/div>\n\t\t\t\t<\/div>\n\t\t\t\t<div class=\"elementor-element elementor-element-2d035462 elementor-invisible elementor-widget elementor-widget-image\" data-id=\"2d035462\" data-element_type=\"widget\" data-settings=\"{&quot;_animation&quot;:&quot;fadeInDown&quot;}\" data-widget_type=\"image.default\">\n\t\t\t\t<div class=\"elementor-widget-container\">\n\t\t\t\t\t\t\t\t\t\t\t\t\t<img loading=\"lazy\" decoding=\"async\" width=\"270\" height=\"351\" src=\"https:\/\/sincankres.com\/tr\/wp-content\/uploads\/2024\/08\/1-23.png\" class=\"attachment-large size-large wp-image-2521\" alt=\"\" srcset=\"https:\/\/sincankres.com\/tr\/wp-content\/uploads\/2024\/08\/1-23.png 270w, https:\/\/sincankres.com\/tr\/wp-content\/uploads\/2024\/08\/1-23-231x300.png 231w\" sizes=\"(max-width: 270px) 100vw, 270px\" \/>\t\t\t\t\t\t\t\t\t\t\t\t\t<\/div>\n\t\t\t\t<\/div>\n\t\t\t\t<\/div>\n\t\t\t\t\t<\/div>\n\t\t\t\t<\/div>\n\t\t\t\t<\/div>\n\t\t","protected":false},"excerpt":{"rendered":"<p>\u0130ngilizce E\u011fitimi Gelece\u011fe \u0130z B\u0131rakan Nesiller Yeti\u015ftiriyoruz.. \u00c7ocuklar\u0131m\u0131z\u0131n erken ya\u015fta dil \u00f6\u011frenme becerilerini geli\u015ftirmelerine b\u00fcy\u00fck \u00f6nem veriyoruz.\u00a0 \u2022\u00a0\u0130ngilizce: \u00c7ocuklar\u0131m\u0131z\u0131n global d\u00fcnyaya haz\u0131rlanmalar\u0131 i\u00e7in, onlar\u0131 \u0130ngilizce diline a\u015fina hale getiriyor ve temel dil becerilerini geli\u015ftiriyoruz. Oyun temelli aktiviteler, \u015fark\u0131lar ve hikayelerle, dil \u00f6\u011frenimini e\u011flenceli ve etkili hale getiriyoruz. Yabanc\u0131 dil e\u011fitimlerimizle, \u00e7ocuklar\u0131m\u0131za erken ya\u015fta dil becerileri [&hellip;]<\/p>\n","protected":false},"author":3,"featured_media":0,"parent":1735,"menu_order":0,"comment_status":"closed","ping_status":"closed","template":"elementor_header_footer","meta":{"footnotes":""},"class_list":["post-1754","page","type-page","status-publish","hentry"],"_links":{"self":[{"href":"https:\/\/sincankres.com\/tr\/wp-json\/wp\/v2\/pages\/1754"}],"collection":[{"href":"https:\/\/sincankres.com\/tr\/wp-json\/wp\/v2\/pages"}],"about":[{"href":"https:\/\/sincankres.com\/tr\/wp-json\/wp\/v2\/types\/page"}],"author":[{"embeddable":true,"href":"https:\/\/sincankres.com\/tr\/wp-json\/wp\/v2\/users\/3"}],"replies":[{"embeddable":true,"href":"https:\/\/sincankres.com\/tr\/wp-json\/wp\/v2\/comments?post=1754"}],"version-history":[{"count":38,"href":"https:\/\/sincankres.com\/tr\/wp-json\/wp\/v2\/pages\/1754\/revisions"}],"predecessor-version":[{"id":2576,"href":"https:\/\/sincankres.com\/tr\/wp-json\/wp\/v2\/pages\/1754\/revisions\/2576"}],"up":[{"embeddable":true,"href":"https:\/\/sincankres.com\/tr\/wp-json\/wp\/v2\/pages\/1735"}],"wp:attachment":[{"href":"https:\/\/sincankres.com\/tr\/wp-json\/wp\/v2\/media?parent=1754"}],"curies":[{"name":"wp","href":"https:\/\/api.w.org\/{rel}","templated":true}]}}