{"id":1756,"date":"2024-08-10T08:56:39","date_gmt":"2024-08-10T05:56:39","guid":{"rendered":"https:\/\/sincankres.com\/tr\/?page_id=1756"},"modified":"2024-08-31T23:51:50","modified_gmt":"2024-08-31T20:51:50","slug":"etkinlikler","status":"publish","type":"page","link":"https:\/\/sincankres.com\/tr\/etkinlikler\/","title":{"rendered":"Etkinlikler"},"content":{"rendered":"\t\t<div data-elementor-type=\"wp-page\" data-elementor-id=\"1756\" class=\"elementor elementor-1756\" data-elementor-post-type=\"page\">\n\t\t\t\t<div class=\"elementor-element elementor-element-1a48c45b e-flex e-con-boxed e-con e-parent\" data-id=\"1a48c45b\" data-element_type=\"container\" data-settings=\"{&quot;background_background&quot;:&quot;classic&quot;}\">\n\t\t\t\t\t<div class=\"e-con-inner\">\n\t\t<div class=\"elementor-element elementor-element-5558dc6 e-con-full e-flex e-con e-child\" data-id=\"5558dc6\" data-element_type=\"container\">\n\t\t\t\t<div class=\"elementor-element elementor-element-56e0c61f elementor-widget elementor-widget-jkit_heading\" data-id=\"56e0c61f\" data-element_type=\"widget\" data-widget_type=\"jkit_heading.default\">\n\t\t\t\t<div class=\"elementor-widget-container\">\n\t\t\t<div  class=\"jeg-elementor-kit jkit-heading  align- align-tablet- align-mobile- jeg_module___69f39a8ae7631\" ><div class=\"heading-section-title  display-inline-block\"><h2 class=\"heading-title\">Etkinlikler<\/h2><\/div><div class=\"heading-section-description\"><\/div><\/div>\t\t<\/div>\n\t\t\t\t<\/div>\n\t\t\t\t<\/div>\n\t\t\t\t\t<\/div>\n\t\t\t\t<\/div>\n\t\t<div class=\"elementor-element elementor-element-928f089 e-con-full e-flex e-con e-child\" data-id=\"928f089\" data-element_type=\"container\">\n\t\t\t\t<div class=\"elementor-element elementor-element-f01a5ec elementor-widget elementor-widget-jkit_heading\" data-id=\"f01a5ec\" data-element_type=\"widget\" data-widget_type=\"jkit_heading.default\">\n\t\t\t\t<div class=\"elementor-widget-container\">\n\t\t\t<div  class=\"jeg-elementor-kit jkit-heading  align-center align-tablet- align-mobile- jeg_module__1_69f39a8ae84e8\" ><div class=\"heading-section-title  display-inline-block\"><h2 class=\"heading-title\">Gelece\u011fe \u0130z B\u0131rakan Nesiller<\/h2><\/div><div class=\"heading-section-description\"><\/div><\/div>\t\t<\/div>\n\t\t\t\t<\/div>\n\t\t\t\t<\/div>\n\t\t<div class=\"elementor-element elementor-element-7115f77 e-flex e-con-boxed e-con e-parent\" data-id=\"7115f77\" data-element_type=\"container\">\n\t\t\t\t\t<div class=\"e-con-inner\">\n\t\t<div class=\"elementor-element elementor-element-0620589 e-grid e-con-full e-con e-child\" data-id=\"0620589\" data-element_type=\"container\">\n\t\t\t\t<div class=\"elementor-element elementor-element-4500446 elementor-invisible elementor-widget elementor-widget-image\" data-id=\"4500446\" data-element_type=\"widget\" data-settings=\"{&quot;_animation&quot;:&quot;rotateInDownLeft&quot;}\" data-widget_type=\"image.default\">\n\t\t\t\t<div class=\"elementor-widget-container\">\n\t\t\t<style>\/*! elementor - v3.23.0 - 23-07-2024 *\/\n.elementor-widget-image{text-align:center}.elementor-widget-image a{display:inline-block}.elementor-widget-image a img[src$=\".svg\"]{width:48px}.elementor-widget-image img{vertical-align:middle;display:inline-block}<\/style>\t\t\t\t\t\t\t\t\t\t\t<a href=\"https:\/\/sincankres.com\/tr\/etkinlikler\/anadil-etkinligi\/\">\n\t\t\t\t\t\t\t<img fetchpriority=\"high\" decoding=\"async\" width=\"371\" height=\"370\" src=\"https:\/\/sincankres.com\/tr\/wp-content\/uploads\/2024\/08\/1-54.png\" class=\"elementor-animation-grow attachment-large size-large wp-image-2712\" alt=\"\" srcset=\"https:\/\/sincankres.com\/tr\/wp-content\/uploads\/2024\/08\/1-54.png 371w, https:\/\/sincankres.com\/tr\/wp-content\/uploads\/2024\/08\/1-54-300x300.png 300w, https:\/\/sincankres.com\/tr\/wp-content\/uploads\/2024\/08\/1-54-150x150.png 150w\" sizes=\"(max-width: 371px) 100vw, 371px\" \/>\t\t\t\t\t\t\t\t<\/a>\n\t\t\t\t\t\t\t\t\t\t\t\t\t<\/div>\n\t\t\t\t<\/div>\n\t\t\t\t<div class=\"elementor-element elementor-element-3d5d54f elementor-invisible elementor-widget elementor-widget-image\" data-id=\"3d5d54f\" data-element_type=\"widget\" data-settings=\"{&quot;_animation&quot;:&quot;rotateIn&quot;}\" data-widget_type=\"image.default\">\n\t\t\t\t<div class=\"elementor-widget-container\">\n\t\t\t\t\t\t\t\t\t\t\t\t\t\t<a href=\"https:\/\/sincankres.com\/tr\/etkinlikler\/sanat-etkinligi\/\">\n\t\t\t\t\t\t\t<img decoding=\"async\" width=\"371\" height=\"370\" src=\"https:\/\/sincankres.com\/tr\/wp-content\/uploads\/2024\/08\/1-55.png\" class=\"elementor-animation-grow attachment-large size-large wp-image-2713\" alt=\"\" srcset=\"https:\/\/sincankres.com\/tr\/wp-content\/uploads\/2024\/08\/1-55.png 371w, https:\/\/sincankres.com\/tr\/wp-content\/uploads\/2024\/08\/1-55-300x300.png 300w, https:\/\/sincankres.com\/tr\/wp-content\/uploads\/2024\/08\/1-55-150x150.png 150w\" sizes=\"(max-width: 371px) 100vw, 371px\" \/>\t\t\t\t\t\t\t\t<\/a>\n\t\t\t\t\t\t\t\t\t\t\t\t\t<\/div>\n\t\t\t\t<\/div>\n\t\t\t\t<div class=\"elementor-element elementor-element-883791e elementor-invisible elementor-widget elementor-widget-image\" data-id=\"883791e\" data-element_type=\"widget\" data-settings=\"{&quot;_animation&quot;:&quot;rotateInDownRight&quot;}\" data-widget_type=\"image.default\">\n\t\t\t\t<div class=\"elementor-widget-container\">\n\t\t\t\t\t\t\t\t\t\t\t\t\t\t<a href=\"https:\/\/sincankres.com\/tr\/etkinlikler\/fen-ve-doga-etkinligi\/\">\n\t\t\t\t\t\t\t<img decoding=\"async\" width=\"371\" height=\"370\" src=\"https:\/\/sincankres.com\/tr\/wp-content\/uploads\/2024\/08\/Isimsiz-1.png\" class=\"elementor-animation-grow attachment-large size-large wp-image-2714\" alt=\"\" srcset=\"https:\/\/sincankres.com\/tr\/wp-content\/uploads\/2024\/08\/Isimsiz-1.png 371w, https:\/\/sincankres.com\/tr\/wp-content\/uploads\/2024\/08\/Isimsiz-1-300x300.png 300w, https:\/\/sincankres.com\/tr\/wp-content\/uploads\/2024\/08\/Isimsiz-1-150x150.png 150w\" sizes=\"(max-width: 371px) 100vw, 371px\" \/>\t\t\t\t\t\t\t\t<\/a>\n\t\t\t\t\t\t\t\t\t\t\t\t\t<\/div>\n\t\t\t\t<\/div>\n\t\t\t\t<div class=\"elementor-element elementor-element-6f0e5bb elementor-invisible elementor-widget elementor-widget-image\" data-id=\"6f0e5bb\" data-element_type=\"widget\" data-settings=\"{&quot;_animation&quot;:&quot;rotateInDownLeft&quot;}\" data-widget_type=\"image.default\">\n\t\t\t\t<div class=\"elementor-widget-container\">\n\t\t\t\t\t\t\t\t\t\t\t\t\t\t<a href=\"https:\/\/sincankres.com\/tr\/etkinlikler\/okuma-yazma-etkinligi\/\">\n\t\t\t\t\t\t\t<img loading=\"lazy\" decoding=\"async\" width=\"371\" height=\"370\" src=\"https:\/\/sincankres.com\/tr\/wp-content\/uploads\/2024\/08\/1-56.png\" class=\"elementor-animation-grow attachment-large size-large wp-image-2715\" alt=\"\" srcset=\"https:\/\/sincankres.com\/tr\/wp-content\/uploads\/2024\/08\/1-56.png 371w, https:\/\/sincankres.com\/tr\/wp-content\/uploads\/2024\/08\/1-56-300x300.png 300w, https:\/\/sincankres.com\/tr\/wp-content\/uploads\/2024\/08\/1-56-150x150.png 150w\" sizes=\"(max-width: 371px) 100vw, 371px\" \/>\t\t\t\t\t\t\t\t<\/a>\n\t\t\t\t\t\t\t\t\t\t\t\t\t<\/div>\n\t\t\t\t<\/div>\n\t\t\t\t<div class=\"elementor-element elementor-element-6695ff0 elementor-invisible elementor-widget elementor-widget-image\" data-id=\"6695ff0\" data-element_type=\"widget\" data-settings=\"{&quot;_animation&quot;:&quot;rotateIn&quot;}\" data-widget_type=\"image.default\">\n\t\t\t\t<div class=\"elementor-widget-container\">\n\t\t\t\t\t\t\t\t\t\t\t\t\t\t<a href=\"https:\/\/sincankres.com\/tr\/etkinlikler\/drama-etkinligi\/\">\n\t\t\t\t\t\t\t<img loading=\"lazy\" decoding=\"async\" width=\"371\" height=\"370\" src=\"https:\/\/sincankres.com\/tr\/wp-content\/uploads\/2024\/08\/1-57.png\" class=\"elementor-animation-grow attachment-large size-large wp-image-2716\" alt=\"\" srcset=\"https:\/\/sincankres.com\/tr\/wp-content\/uploads\/2024\/08\/1-57.png 371w, https:\/\/sincankres.com\/tr\/wp-content\/uploads\/2024\/08\/1-57-300x300.png 300w, https:\/\/sincankres.com\/tr\/wp-content\/uploads\/2024\/08\/1-57-150x150.png 150w\" sizes=\"(max-width: 371px) 100vw, 371px\" \/>\t\t\t\t\t\t\t\t<\/a>\n\t\t\t\t\t\t\t\t\t\t\t\t\t<\/div>\n\t\t\t\t<\/div>\n\t\t\t\t<div class=\"elementor-element elementor-element-c32ac59 elementor-invisible elementor-widget elementor-widget-image\" data-id=\"c32ac59\" data-element_type=\"widget\" data-settings=\"{&quot;_animation&quot;:&quot;rotateInDownRight&quot;}\" data-widget_type=\"image.default\">\n\t\t\t\t<div class=\"elementor-widget-container\">\n\t\t\t\t\t\t\t\t\t\t\t\t\t\t<a href=\"https:\/\/sincankres.com\/tr\/etkinlikler\/muzik-etkinligi\/\">\n\t\t\t\t\t\t\t<img loading=\"lazy\" decoding=\"async\" width=\"371\" height=\"370\" src=\"https:\/\/sincankres.com\/tr\/wp-content\/uploads\/2024\/08\/1-58.png\" class=\"elementor-animation-grow attachment-large size-large wp-image-2717\" alt=\"\" srcset=\"https:\/\/sincankres.com\/tr\/wp-content\/uploads\/2024\/08\/1-58.png 371w, https:\/\/sincankres.com\/tr\/wp-content\/uploads\/2024\/08\/1-58-300x300.png 300w, https:\/\/sincankres.com\/tr\/wp-content\/uploads\/2024\/08\/1-58-150x150.png 150w\" sizes=\"(max-width: 371px) 100vw, 371px\" \/>\t\t\t\t\t\t\t\t<\/a>\n\t\t\t\t\t\t\t\t\t\t\t\t\t<\/div>\n\t\t\t\t<\/div>\n\t\t\t\t<\/div>\n\t\t\t\t\t<\/div>\n\t\t\t\t<\/div>\n\t\t<div class=\"elementor-element elementor-element-d4f71ad e-flex e-con-boxed e-con e-parent\" data-id=\"d4f71ad\" data-element_type=\"container\">\n\t\t\t\t\t<div class=\"e-con-inner\">\n\t\t\t\t<div class=\"elementor-element elementor-element-4b4635c elementor-invisible elementor-widget elementor-widget-image\" data-id=\"4b4635c\" data-element_type=\"widget\" data-settings=\"{&quot;_animation&quot;:&quot;rotateIn&quot;}\" data-widget_type=\"image.default\">\n\t\t\t\t<div class=\"elementor-widget-container\">\n\t\t\t\t\t\t\t\t\t\t\t\t\t\t<a href=\"https:\/\/sincankres.com\/tr\/etkinlikler\/matematik-etkinligi\/\">\n\t\t\t\t\t\t\t<img loading=\"lazy\" decoding=\"async\" width=\"371\" height=\"370\" src=\"https:\/\/sincankres.com\/tr\/wp-content\/uploads\/2024\/08\/1-59.png\" class=\"elementor-animation-grow attachment-large size-large wp-image-2718\" alt=\"\" srcset=\"https:\/\/sincankres.com\/tr\/wp-content\/uploads\/2024\/08\/1-59.png 371w, https:\/\/sincankres.com\/tr\/wp-content\/uploads\/2024\/08\/1-59-300x300.png 300w, https:\/\/sincankres.com\/tr\/wp-content\/uploads\/2024\/08\/1-59-150x150.png 150w\" sizes=\"(max-width: 371px) 100vw, 371px\" \/>\t\t\t\t\t\t\t\t<\/a>\n\t\t\t\t\t\t\t\t\t\t\t\t\t<\/div>\n\t\t\t\t<\/div>\n\t\t\t\t\t<\/div>\n\t\t\t\t<\/div>\n\t\t\t\t<\/div>\n\t\t","protected":false},"excerpt":{"rendered":"<p>Etkinlikler Gelece\u011fe \u0130z B\u0131rakan Nesiller<\/p>\n","protected":false},"author":3,"featured_media":0,"parent":0,"menu_order":0,"comment_status":"closed","ping_status":"open","template":"elementor_header_footer","meta":{"footnotes":""},"class_list":["post-1756","page","type-page","status-publish","hentry"],"_links":{"self":[{"href":"https:\/\/sincankres.com\/tr\/wp-json\/wp\/v2\/pages\/1756"}],"collection":[{"href":"https:\/\/sincankres.com\/tr\/wp-json\/wp\/v2\/pages"}],"about":[{"href":"https:\/\/sincankres.com\/tr\/wp-json\/wp\/v2\/types\/page"}],"author":[{"embeddable":true,"href":"https:\/\/sincankres.com\/tr\/wp-json\/wp\/v2\/users\/3"}],"replies":[{"embeddable":true,"href":"https:\/\/sincankres.com\/tr\/wp-json\/wp\/v2\/comments?post=1756"}],"version-history":[{"count":25,"href":"https:\/\/sincankres.com\/tr\/wp-json\/wp\/v2\/pages\/1756\/revisions"}],"predecessor-version":[{"id":2857,"href":"https:\/\/sincankres.com\/tr\/wp-json\/wp\/v2\/pages\/1756\/revisions\/2857"}],"wp:attachment":[{"href":"https:\/\/sincankres.com\/tr\/wp-json\/wp\/v2\/media?parent=1756"}],"curies":[{"name":"wp","href":"https:\/\/api.w.org\/{rel}","templated":true}]}}