{"id":1759,"date":"2024-08-10T08:56:56","date_gmt":"2024-08-10T05:56:56","guid":{"rendered":"https:\/\/sincankres.com\/tr\/?page_id=1759"},"modified":"2024-08-31T19:56:40","modified_gmt":"2024-08-31T16:56:40","slug":"anadil-etkinligi","status":"publish","type":"page","link":"https:\/\/sincankres.com\/tr\/etkinlikler\/anadil-etkinligi\/","title":{"rendered":"Anadil Etkinli\u011fi"},"content":{"rendered":"\t\t<div data-elementor-type=\"wp-page\" data-elementor-id=\"1759\" class=\"elementor elementor-1759\" data-elementor-post-type=\"page\">\n\t\t\t\t<div class=\"elementor-element elementor-element-6bab5d12 e-flex e-con-boxed e-con e-parent\" data-id=\"6bab5d12\" data-element_type=\"container\" data-settings=\"{&quot;background_background&quot;:&quot;classic&quot;}\">\n\t\t\t\t\t<div class=\"e-con-inner\">\n\t\t<div class=\"elementor-element elementor-element-391026b4 e-con-full e-flex e-con e-child\" data-id=\"391026b4\" data-element_type=\"container\">\n\t\t\t\t<div class=\"elementor-element elementor-element-3602e8f2 elementor-widget elementor-widget-jkit_heading\" data-id=\"3602e8f2\" data-element_type=\"widget\" data-widget_type=\"jkit_heading.default\">\n\t\t\t\t<div class=\"elementor-widget-container\">\n\t\t\t<div  class=\"jeg-elementor-kit jkit-heading  align- align-tablet- align-mobile- jeg_module___69f39b8f5b697\" ><div class=\"heading-section-title  display-inline-block\"><h2 class=\"heading-title\">Anadil Etkinli\u011fi<\/h2><\/div><div class=\"heading-section-description\"><\/div><\/div>\t\t<\/div>\n\t\t\t\t<\/div>\n\t\t\t\t<\/div>\n\t\t\t\t\t<\/div>\n\t\t\t\t<\/div>\n\t\t<div class=\"elementor-element elementor-element-3e8f316 e-flex e-con-boxed e-con e-parent\" data-id=\"3e8f316\" data-element_type=\"container\">\n\t\t\t\t\t<div class=\"e-con-inner\">\n\t\t\t\t<div class=\"elementor-element elementor-element-1357885 elementor-widget elementor-widget-text-editor\" data-id=\"1357885\" data-element_type=\"widget\" data-widget_type=\"text-editor.default\">\n\t\t\t\t<div class=\"elementor-widget-container\">\n\t\t\t<style>\/*! elementor - v3.23.0 - 23-07-2024 *\/\n.elementor-widget-text-editor.elementor-drop-cap-view-stacked .elementor-drop-cap{background-color:#69727d;color:#fff}.elementor-widget-text-editor.elementor-drop-cap-view-framed .elementor-drop-cap{color:#69727d;border:3px solid;background-color:transparent}.elementor-widget-text-editor:not(.elementor-drop-cap-view-default) .elementor-drop-cap{margin-top:8px}.elementor-widget-text-editor:not(.elementor-drop-cap-view-default) .elementor-drop-cap-letter{width:1em;height:1em}.elementor-widget-text-editor .elementor-drop-cap{float:left;text-align:center;line-height:1;font-size:50px}.elementor-widget-text-editor .elementor-drop-cap-letter{display:inline-block}<\/style>\t\t\t\t<p class=\"p1\"><strong>\u00c7ocu\u011fun dil geli\u015fimini desteklemek, ana dilini do\u011fru ve g\u00fczel konu\u015fmas\u0131n\u0131 sa\u011flamak, s\u00f6zc\u00fck da\u011farc\u0131\u011f\u0131n\u0131 geli\u015ftirmek ve ileti\u015fim becerilerini artt\u0131rmak i\u00e7in yap\u0131lan bir etkinliktir.<\/strong><\/p>\t\t\t\t\t\t<\/div>\n\t\t\t\t<\/div>\n\t\t\t\t\t<\/div>\n\t\t\t\t<\/div>\n\t\t<div class=\"elementor-element elementor-element-48a099a2 e-flex e-con-boxed e-con e-parent\" data-id=\"48a099a2\" data-element_type=\"container\" data-settings=\"{&quot;background_background&quot;:&quot;classic&quot;}\">\n\t\t\t\t\t<div class=\"e-con-inner\">\n\t\t<div class=\"elementor-element elementor-element-2e0c5917 e-con-full e-flex e-con e-child\" data-id=\"2e0c5917\" data-element_type=\"container\">\n\t\t\t\t<div class=\"elementor-element elementor-element-67ff0cd6 elementor-widget elementor-widget-jkit_heading\" data-id=\"67ff0cd6\" data-element_type=\"widget\" data-widget_type=\"jkit_heading.default\">\n\t\t\t\t<div class=\"elementor-widget-container\">\n\t\t\t<div  class=\"jeg-elementor-kit jkit-heading  align- align-tablet- align-mobile- jeg_module__1_69f39b8f5c559\" ><div class=\"heading-section-title  display-inline-block\"><h2 class=\"heading-title\"><\/h2><\/div><div class=\"heading-section-description\"><p class=\"p1\">\u00c7ocuklar\u0131m\u0131z\u0131n dil geli\u015fimini destekleyerek, kendilerini en iyi \u015fekilde ifade etmelerine yard\u0131mc\u0131 olur. Bu etkinliklerde, \u00e7ocuklar anadillerini daha etkili kullanmay\u0131 \u00f6\u011frenirken, dil becerilerini geli\u015ftiren e\u011flenceli ve \u00f6\u011fretici aktivitelerle bulu\u015furlar<\/p><p class=\"p1\">Hik\u00e2ye anlat\u0131m\u0131, \u015fiir okuma, kelime oyunlar\u0131 ve yarat\u0131c\u0131 yazma gibi etkinliklerle \u00e7ocuklar, anadillerini zenginle\u015ftirir ve dilin g\u00fcc\u00fcn\u00fc ke\u015ffederler. Amac\u0131m\u0131z, \u00e7ocuklar\u0131n dil becerilerini g\u00fc\u00e7lendirerek, kendilerine g\u00fcvenen ve etkili ileti\u015fim kurabilen bireyler olmalar\u0131n\u0131 sa\u011flamakt\u0131r.<\/p><\/div><\/div>\t\t<\/div>\n\t\t\t\t<\/div>\n\t\t\t\t<\/div>\n\t\t<div class=\"elementor-element elementor-element-55c486e9 e-con-full e-flex e-con e-child\" data-id=\"55c486e9\" data-element_type=\"container\">\n\t\t\t\t<div class=\"elementor-element elementor-element-7ee0210d elementor-invisible elementor-widget elementor-widget-image\" data-id=\"7ee0210d\" data-element_type=\"widget\" data-settings=\"{&quot;_animation&quot;:&quot;fadeInDown&quot;}\" data-widget_type=\"image.default\">\n\t\t\t\t<div class=\"elementor-widget-container\">\n\t\t\t<style>\/*! elementor - v3.23.0 - 23-07-2024 *\/\n.elementor-widget-image{text-align:center}.elementor-widget-image a{display:inline-block}.elementor-widget-image a img[src$=\".svg\"]{width:48px}.elementor-widget-image img{vertical-align:middle;display:inline-block}<\/style>\t\t\t\t\t\t\t\t\t\t<img fetchpriority=\"high\" decoding=\"async\" width=\"438\" height=\"482\" src=\"https:\/\/sincankres.com\/tr\/wp-content\/uploads\/2024\/08\/1-33.png\" class=\"attachment-large size-large wp-image-2647\" alt=\"\" srcset=\"https:\/\/sincankres.com\/tr\/wp-content\/uploads\/2024\/08\/1-33.png 438w, https:\/\/sincankres.com\/tr\/wp-content\/uploads\/2024\/08\/1-33-273x300.png 273w\" sizes=\"(max-width: 438px) 100vw, 438px\" \/>\t\t\t\t\t\t\t\t\t\t\t\t\t<\/div>\n\t\t\t\t<\/div>\n\t\t\t\t<div class=\"elementor-element elementor-element-439fabec elementor-invisible elementor-widget elementor-widget-image\" data-id=\"439fabec\" data-element_type=\"widget\" data-settings=\"{&quot;_animation&quot;:&quot;fadeInDown&quot;}\" data-widget_type=\"image.default\">\n\t\t\t\t<div class=\"elementor-widget-container\">\n\t\t\t\t\t\t\t\t\t\t\t\t\t<img decoding=\"async\" width=\"351\" height=\"246\" src=\"https:\/\/sincankres.com\/tr\/wp-content\/uploads\/2024\/08\/1-35.png\" class=\"attachment-large size-large wp-image-2650\" alt=\"\" srcset=\"https:\/\/sincankres.com\/tr\/wp-content\/uploads\/2024\/08\/1-35.png 351w, https:\/\/sincankres.com\/tr\/wp-content\/uploads\/2024\/08\/1-35-300x210.png 300w\" sizes=\"(max-width: 351px) 100vw, 351px\" \/>\t\t\t\t\t\t\t\t\t\t\t\t\t<\/div>\n\t\t\t\t<\/div>\n\t\t\t\t<\/div>\n\t\t<div class=\"elementor-element elementor-element-3aafd1ea e-con-full e-flex e-con e-child\" data-id=\"3aafd1ea\" data-element_type=\"container\">\n\t\t\t\t<div class=\"elementor-element elementor-element-e83561a elementor-absolute elementor-widget elementor-widget-image\" data-id=\"e83561a\" data-element_type=\"widget\" data-settings=\"{&quot;_position&quot;:&quot;absolute&quot;,&quot;_animation&quot;:&quot;none&quot;}\" data-widget_type=\"image.default\">\n\t\t\t\t<div class=\"elementor-widget-container\">\n\t\t\t\t\t\t\t\t\t\t\t\t\t<img decoding=\"async\" width=\"332\" height=\"161\" src=\"https:\/\/sincankres.com\/tr\/wp-content\/uploads\/2024\/08\/Group-1000002965.png\" class=\"elementor-animation-hang attachment-large size-large wp-image-1537\" alt=\"\" srcset=\"https:\/\/sincankres.com\/tr\/wp-content\/uploads\/2024\/08\/Group-1000002965.png 332w, https:\/\/sincankres.com\/tr\/wp-content\/uploads\/2024\/08\/Group-1000002965-300x145.png 300w\" sizes=\"(max-width: 332px) 100vw, 332px\" \/>\t\t\t\t\t\t\t\t\t\t\t\t\t<\/div>\n\t\t\t\t<\/div>\n\t\t\t\t<div class=\"elementor-element elementor-element-324883c elementor-invisible elementor-widget elementor-widget-image\" data-id=\"324883c\" data-element_type=\"widget\" data-settings=\"{&quot;_animation&quot;:&quot;fadeInDown&quot;}\" data-widget_type=\"image.default\">\n\t\t\t\t<div class=\"elementor-widget-container\">\n\t\t\t\t\t\t\t\t\t\t\t\t\t<img loading=\"lazy\" decoding=\"async\" width=\"270\" height=\"351\" src=\"https:\/\/sincankres.com\/tr\/wp-content\/uploads\/2024\/08\/1-34.png\" class=\"attachment-large size-large wp-image-2649\" alt=\"\" srcset=\"https:\/\/sincankres.com\/tr\/wp-content\/uploads\/2024\/08\/1-34.png 270w, https:\/\/sincankres.com\/tr\/wp-content\/uploads\/2024\/08\/1-34-231x300.png 231w\" sizes=\"(max-width: 270px) 100vw, 270px\" \/>\t\t\t\t\t\t\t\t\t\t\t\t\t<\/div>\n\t\t\t\t<\/div>\n\t\t\t\t<\/div>\n\t\t\t\t\t<\/div>\n\t\t\t\t<\/div>\n\t\t\t\t<\/div>\n\t\t","protected":false},"excerpt":{"rendered":"<p>Anadil Etkinli\u011fi \u00c7ocu\u011fun dil geli\u015fimini desteklemek, ana dilini do\u011fru ve g\u00fczel konu\u015fmas\u0131n\u0131 sa\u011flamak, s\u00f6zc\u00fck da\u011farc\u0131\u011f\u0131n\u0131 geli\u015ftirmek ve ileti\u015fim becerilerini artt\u0131rmak i\u00e7in yap\u0131lan bir etkinliktir. \u00c7ocuklar\u0131m\u0131z\u0131n dil geli\u015fimini destekleyerek, kendilerini en iyi \u015fekilde ifade etmelerine yard\u0131mc\u0131 olur. Bu etkinliklerde, \u00e7ocuklar anadillerini daha etkili kullanmay\u0131 \u00f6\u011frenirken, dil becerilerini geli\u015ftiren e\u011flenceli ve \u00f6\u011fretici aktivitelerle bulu\u015furlar Hik\u00e2ye anlat\u0131m\u0131, \u015fiir [&hellip;]<\/p>\n","protected":false},"author":3,"featured_media":0,"parent":1756,"menu_order":0,"comment_status":"closed","ping_status":"closed","template":"elementor_header_footer","meta":{"footnotes":""},"class_list":["post-1759","page","type-page","status-publish","hentry"],"_links":{"self":[{"href":"https:\/\/sincankres.com\/tr\/wp-json\/wp\/v2\/pages\/1759"}],"collection":[{"href":"https:\/\/sincankres.com\/tr\/wp-json\/wp\/v2\/pages"}],"about":[{"href":"https:\/\/sincankres.com\/tr\/wp-json\/wp\/v2\/types\/page"}],"author":[{"embeddable":true,"href":"https:\/\/sincankres.com\/tr\/wp-json\/wp\/v2\/users\/3"}],"replies":[{"embeddable":true,"href":"https:\/\/sincankres.com\/tr\/wp-json\/wp\/v2\/comments?post=1759"}],"version-history":[{"count":29,"href":"https:\/\/sincankres.com\/tr\/wp-json\/wp\/v2\/pages\/1759\/revisions"}],"predecessor-version":[{"id":2692,"href":"https:\/\/sincankres.com\/tr\/wp-json\/wp\/v2\/pages\/1759\/revisions\/2692"}],"up":[{"embeddable":true,"href":"https:\/\/sincankres.com\/tr\/wp-json\/wp\/v2\/pages\/1756"}],"wp:attachment":[{"href":"https:\/\/sincankres.com\/tr\/wp-json\/wp\/v2\/media?parent=1759"}],"curies":[{"name":"wp","href":"https:\/\/api.w.org\/{rel}","templated":true}]}}