{"id":1761,"date":"2024-08-10T08:57:18","date_gmt":"2024-08-10T05:57:18","guid":{"rendered":"https:\/\/sincankres.com\/tr\/?page_id=1761"},"modified":"2024-08-31T19:59:08","modified_gmt":"2024-08-31T16:59:08","slug":"fen-ve-doga-etkinligi","status":"publish","type":"page","link":"https:\/\/sincankres.com\/tr\/etkinlikler\/fen-ve-doga-etkinligi\/","title":{"rendered":"Fen ve Do\u011fa Etkinli\u011fi"},"content":{"rendered":"\t\t<div data-elementor-type=\"wp-page\" data-elementor-id=\"1761\" class=\"elementor elementor-1761\" data-elementor-post-type=\"page\">\n\t\t\t\t<div class=\"elementor-element elementor-element-1c5514b2 e-flex e-con-boxed e-con e-parent\" data-id=\"1c5514b2\" data-element_type=\"container\" data-settings=\"{&quot;background_background&quot;:&quot;classic&quot;}\">\n\t\t\t\t\t<div class=\"e-con-inner\">\n\t\t<div class=\"elementor-element elementor-element-5923ae4b e-con-full e-flex e-con e-child\" data-id=\"5923ae4b\" data-element_type=\"container\">\n\t\t\t\t<div class=\"elementor-element elementor-element-622193a5 elementor-widget elementor-widget-jkit_heading\" data-id=\"622193a5\" data-element_type=\"widget\" data-widget_type=\"jkit_heading.default\">\n\t\t\t\t<div class=\"elementor-widget-container\">\n\t\t\t<div  class=\"jeg-elementor-kit jkit-heading  align- align-tablet- align-mobile- jeg_module___69f39be174efb\" ><div class=\"heading-section-title  display-inline-block\"><h2 class=\"heading-title\">Fen ve Do\u011fa Etkinlikleri<\/h2><\/div><div class=\"heading-section-description\"><\/div><\/div>\t\t<\/div>\n\t\t\t\t<\/div>\n\t\t\t\t<\/div>\n\t\t\t\t\t<\/div>\n\t\t\t\t<\/div>\n\t\t<div class=\"elementor-element elementor-element-971ceca e-flex e-con-boxed e-con e-parent\" data-id=\"971ceca\" data-element_type=\"container\">\n\t\t\t\t\t<div class=\"e-con-inner\">\n\t\t\t\t<div class=\"elementor-element elementor-element-a008568 elementor-widget elementor-widget-text-editor\" data-id=\"a008568\" data-element_type=\"widget\" data-widget_type=\"text-editor.default\">\n\t\t\t\t<div class=\"elementor-widget-container\">\n\t\t\t<style>\/*! elementor - v3.23.0 - 23-07-2024 *\/\n.elementor-widget-text-editor.elementor-drop-cap-view-stacked .elementor-drop-cap{background-color:#69727d;color:#fff}.elementor-widget-text-editor.elementor-drop-cap-view-framed .elementor-drop-cap{color:#69727d;border:3px solid;background-color:transparent}.elementor-widget-text-editor:not(.elementor-drop-cap-view-default) .elementor-drop-cap{margin-top:8px}.elementor-widget-text-editor:not(.elementor-drop-cap-view-default) .elementor-drop-cap-letter{width:1em;height:1em}.elementor-widget-text-editor .elementor-drop-cap{float:left;text-align:center;line-height:1;font-size:50px}.elementor-widget-text-editor .elementor-drop-cap-letter{display:inline-block}<\/style>\t\t\t\t<p class=\"p1\"><strong>Okul \u00f6ncesi e\u011fitim program\u0131nda yer alan fen ve do\u011fa e\u011fitimi, \u00e7ocuklar\u0131n nesneler ve olaylar aras\u0131ndaki ili\u015fkileri anlamalar\u0131n\u0131, bili\u015fsel, duygusal ve motor becerilerinin geli\u015fimini destekler, sosyalle\u015fme s\u00fcrecini h\u0131zland\u0131r\u0131r, \u00f6\u011frenmelerini kolayla\u015ft\u0131r\u0131r ve olaylara bilimsel a\u00e7\u0131dan yakla\u015fma becerisi kazand\u0131r\u0131r.<\/strong><\/p>\t\t\t\t\t\t<\/div>\n\t\t\t\t<\/div>\n\t\t\t\t\t<\/div>\n\t\t\t\t<\/div>\n\t\t<div class=\"elementor-element elementor-element-2359835a e-flex e-con-boxed e-con e-parent\" data-id=\"2359835a\" data-element_type=\"container\" data-settings=\"{&quot;background_background&quot;:&quot;classic&quot;}\">\n\t\t\t\t\t<div class=\"e-con-inner\">\n\t\t<div class=\"elementor-element elementor-element-39051fe e-con-full e-flex e-con e-child\" data-id=\"39051fe\" data-element_type=\"container\">\n\t\t\t\t<div class=\"elementor-element elementor-element-20555d8f elementor-widget elementor-widget-jkit_heading\" data-id=\"20555d8f\" data-element_type=\"widget\" data-widget_type=\"jkit_heading.default\">\n\t\t\t\t<div class=\"elementor-widget-container\">\n\t\t\t<div  class=\"jeg-elementor-kit jkit-heading  align- align-tablet- align-mobile- jeg_module__1_69f39be1764a1\" ><div class=\"heading-section-title  display-inline-block\"><h2 class=\"heading-title\"><\/h2><\/div><div class=\"heading-section-description\"><p>\u00c7ocuklar\u0131m\u0131z\u0131n bilimsel d\u00fc\u015f\u00fcnme becerilerini geli\u015ftirmeleri ve do\u011fay\u0131 ke\u015ffetmeleri i\u00e7in \u00f6zel olarak haz\u0131rlanm\u0131\u015ft\u0131r.<\/p><p class=\"p1\">Bu etkinliklerde, \u00e7ocuklar laboratuvar ortam\u0131nda basit deneyler yaparak bilimin temel prensiplerini \u00f6\u011frenirler. Ayn\u0131 zamanda, do\u011fa y\u00fcr\u00fcy\u00fc\u015fleri ve bah\u00e7e aktiviteleriyle \u00e7evreyi yak\u0131ndan tan\u0131r, bitki ve hayvanlar hakk\u0131nda bilgi edinirler.<\/p><p class=\"p1\">Fen ve do\u011fa etkinliklerimiz, \u00e7ocuklara merak ve ke\u015fif duygusunu a\u015f\u0131layarak, bilimsel y\u00f6ntemlerle problem \u00e7\u00f6zme yeteneklerini g\u00fc\u00e7lendirir. \u00c7ocuklar, neden-sonu\u00e7 ili\u015fkilerini anlamay\u0131 \u00f6\u011frenirken, do\u011fan\u0131n mucizelerini ke\u015ffederek \u00e7evre bilinci kazanmaya ba\u015flarlar. Amac\u0131m\u0131z, \u00e7ocuklar\u0131n d\u00fcnyaya farkl\u0131 bir bak\u0131\u015f a\u00e7\u0131s\u0131yla yakla\u015fmalar\u0131n\u0131 sa\u011flayarak, bilim ve do\u011fa sevgisini k\u00fc\u00e7\u00fck ya\u015flarda kazanmalar\u0131na yard\u0131mc\u0131 olmakt\u0131r. Bu etkinlikler, \u00e7ocuklar\u0131m\u0131z\u0131n gelecekteki akademik ve ki\u015fisel ba\u015far\u0131lar\u0131na sa\u011flam bir temel olu\u015fturur.<\/p><\/div><\/div>\t\t<\/div>\n\t\t\t\t<\/div>\n\t\t\t\t<\/div>\n\t\t<div class=\"elementor-element elementor-element-7a90501a e-con-full e-flex e-con e-child\" data-id=\"7a90501a\" data-element_type=\"container\">\n\t\t\t\t<div class=\"elementor-element elementor-element-787ea187 elementor-invisible elementor-widget elementor-widget-image\" data-id=\"787ea187\" data-element_type=\"widget\" data-settings=\"{&quot;_animation&quot;:&quot;fadeInDown&quot;}\" data-widget_type=\"image.default\">\n\t\t\t\t<div class=\"elementor-widget-container\">\n\t\t\t<style>\/*! elementor - v3.23.0 - 23-07-2024 *\/\n.elementor-widget-image{text-align:center}.elementor-widget-image a{display:inline-block}.elementor-widget-image a img[src$=\".svg\"]{width:48px}.elementor-widget-image img{vertical-align:middle;display:inline-block}<\/style>\t\t\t\t\t\t\t\t\t\t<img fetchpriority=\"high\" decoding=\"async\" width=\"438\" height=\"482\" src=\"https:\/\/sincankres.com\/tr\/wp-content\/uploads\/2024\/08\/1-39.png\" class=\"attachment-large size-large wp-image-2660\" alt=\"\" srcset=\"https:\/\/sincankres.com\/tr\/wp-content\/uploads\/2024\/08\/1-39.png 438w, https:\/\/sincankres.com\/tr\/wp-content\/uploads\/2024\/08\/1-39-273x300.png 273w\" sizes=\"(max-width: 438px) 100vw, 438px\" \/>\t\t\t\t\t\t\t\t\t\t\t\t\t<\/div>\n\t\t\t\t<\/div>\n\t\t\t\t<div class=\"elementor-element elementor-element-61251947 elementor-invisible elementor-widget elementor-widget-image\" data-id=\"61251947\" data-element_type=\"widget\" data-settings=\"{&quot;_animation&quot;:&quot;fadeInDown&quot;}\" data-widget_type=\"image.default\">\n\t\t\t\t<div class=\"elementor-widget-container\">\n\t\t\t\t\t\t\t\t\t\t\t\t\t<img decoding=\"async\" width=\"351\" height=\"246\" src=\"https:\/\/sincankres.com\/tr\/wp-content\/uploads\/2024\/08\/1-41.png\" class=\"attachment-large size-large wp-image-2662\" alt=\"\" srcset=\"https:\/\/sincankres.com\/tr\/wp-content\/uploads\/2024\/08\/1-41.png 351w, https:\/\/sincankres.com\/tr\/wp-content\/uploads\/2024\/08\/1-41-300x210.png 300w\" sizes=\"(max-width: 351px) 100vw, 351px\" \/>\t\t\t\t\t\t\t\t\t\t\t\t\t<\/div>\n\t\t\t\t<\/div>\n\t\t\t\t<\/div>\n\t\t<div class=\"elementor-element elementor-element-65e5ab60 e-con-full e-flex e-con e-child\" data-id=\"65e5ab60\" data-element_type=\"container\">\n\t\t\t\t<div class=\"elementor-element elementor-element-38585ca9 elementor-absolute elementor-widget elementor-widget-image\" data-id=\"38585ca9\" data-element_type=\"widget\" data-settings=\"{&quot;_position&quot;:&quot;absolute&quot;,&quot;_animation&quot;:&quot;none&quot;}\" data-widget_type=\"image.default\">\n\t\t\t\t<div class=\"elementor-widget-container\">\n\t\t\t\t\t\t\t\t\t\t\t\t\t<img decoding=\"async\" width=\"332\" height=\"161\" src=\"https:\/\/sincankres.com\/tr\/wp-content\/uploads\/2024\/08\/Group-1000002965.png\" class=\"elementor-animation-hang attachment-large size-large wp-image-1537\" alt=\"\" srcset=\"https:\/\/sincankres.com\/tr\/wp-content\/uploads\/2024\/08\/Group-1000002965.png 332w, https:\/\/sincankres.com\/tr\/wp-content\/uploads\/2024\/08\/Group-1000002965-300x145.png 300w\" sizes=\"(max-width: 332px) 100vw, 332px\" \/>\t\t\t\t\t\t\t\t\t\t\t\t\t<\/div>\n\t\t\t\t<\/div>\n\t\t\t\t<div class=\"elementor-element elementor-element-3d7b26d2 elementor-invisible elementor-widget elementor-widget-image\" data-id=\"3d7b26d2\" data-element_type=\"widget\" data-settings=\"{&quot;_animation&quot;:&quot;fadeInDown&quot;}\" data-widget_type=\"image.default\">\n\t\t\t\t<div class=\"elementor-widget-container\">\n\t\t\t\t\t\t\t\t\t\t\t\t\t<img loading=\"lazy\" decoding=\"async\" width=\"270\" height=\"351\" src=\"https:\/\/sincankres.com\/tr\/wp-content\/uploads\/2024\/08\/1-40.png\" class=\"attachment-large size-large wp-image-2661\" alt=\"\" srcset=\"https:\/\/sincankres.com\/tr\/wp-content\/uploads\/2024\/08\/1-40.png 270w, https:\/\/sincankres.com\/tr\/wp-content\/uploads\/2024\/08\/1-40-231x300.png 231w\" sizes=\"(max-width: 270px) 100vw, 270px\" \/>\t\t\t\t\t\t\t\t\t\t\t\t\t<\/div>\n\t\t\t\t<\/div>\n\t\t\t\t<\/div>\n\t\t\t\t\t<\/div>\n\t\t\t\t<\/div>\n\t\t\t\t<\/div>\n\t\t","protected":false},"excerpt":{"rendered":"<p>Fen ve Do\u011fa Etkinlikleri Okul \u00f6ncesi e\u011fitim program\u0131nda yer alan fen ve do\u011fa e\u011fitimi, \u00e7ocuklar\u0131n nesneler ve olaylar aras\u0131ndaki ili\u015fkileri anlamalar\u0131n\u0131, bili\u015fsel, duygusal ve motor becerilerinin geli\u015fimini destekler, sosyalle\u015fme s\u00fcrecini h\u0131zland\u0131r\u0131r, \u00f6\u011frenmelerini kolayla\u015ft\u0131r\u0131r ve olaylara bilimsel a\u00e7\u0131dan yakla\u015fma becerisi kazand\u0131r\u0131r. \u00c7ocuklar\u0131m\u0131z\u0131n bilimsel d\u00fc\u015f\u00fcnme becerilerini geli\u015ftirmeleri ve do\u011fay\u0131 ke\u015ffetmeleri i\u00e7in \u00f6zel olarak haz\u0131rlanm\u0131\u015ft\u0131r. Bu etkinliklerde, \u00e7ocuklar [&hellip;]<\/p>\n","protected":false},"author":3,"featured_media":0,"parent":1756,"menu_order":0,"comment_status":"closed","ping_status":"closed","template":"elementor_header_footer","meta":{"footnotes":""},"class_list":["post-1761","page","type-page","status-publish","hentry"],"_links":{"self":[{"href":"https:\/\/sincankres.com\/tr\/wp-json\/wp\/v2\/pages\/1761"}],"collection":[{"href":"https:\/\/sincankres.com\/tr\/wp-json\/wp\/v2\/pages"}],"about":[{"href":"https:\/\/sincankres.com\/tr\/wp-json\/wp\/v2\/types\/page"}],"author":[{"embeddable":true,"href":"https:\/\/sincankres.com\/tr\/wp-json\/wp\/v2\/users\/3"}],"replies":[{"embeddable":true,"href":"https:\/\/sincankres.com\/tr\/wp-json\/wp\/v2\/comments?post=1761"}],"version-history":[{"count":32,"href":"https:\/\/sincankres.com\/tr\/wp-json\/wp\/v2\/pages\/1761\/revisions"}],"predecessor-version":[{"id":2698,"href":"https:\/\/sincankres.com\/tr\/wp-json\/wp\/v2\/pages\/1761\/revisions\/2698"}],"up":[{"embeddable":true,"href":"https:\/\/sincankres.com\/tr\/wp-json\/wp\/v2\/pages\/1756"}],"wp:attachment":[{"href":"https:\/\/sincankres.com\/tr\/wp-json\/wp\/v2\/media?parent=1761"}],"curies":[{"name":"wp","href":"https:\/\/api.w.org\/{rel}","templated":true}]}}