{"id":1913,"date":"2024-08-10T18:54:59","date_gmt":"2024-08-10T15:54:59","guid":{"rendered":"https:\/\/sincankres.com\/tr\/?page_id=1913"},"modified":"2024-08-31T19:57:54","modified_gmt":"2024-08-31T16:57:54","slug":"sanat-etkinligi","status":"publish","type":"page","link":"https:\/\/sincankres.com\/tr\/etkinlikler\/sanat-etkinligi\/","title":{"rendered":"Sanat Etkinli\u011fi"},"content":{"rendered":"\t\t<div data-elementor-type=\"wp-page\" data-elementor-id=\"1913\" class=\"elementor elementor-1913\" data-elementor-post-type=\"page\">\n\t\t\t\t<div class=\"elementor-element elementor-element-78ed3645 e-flex e-con-boxed e-con e-parent\" data-id=\"78ed3645\" data-element_type=\"container\" data-settings=\"{&quot;background_background&quot;:&quot;classic&quot;}\">\n\t\t\t\t\t<div class=\"e-con-inner\">\n\t\t<div class=\"elementor-element elementor-element-1bc3a8d2 e-con-full e-flex e-con e-child\" data-id=\"1bc3a8d2\" data-element_type=\"container\">\n\t\t\t\t<div class=\"elementor-element elementor-element-47f30243 elementor-widget elementor-widget-jkit_heading\" data-id=\"47f30243\" data-element_type=\"widget\" data-widget_type=\"jkit_heading.default\">\n\t\t\t\t<div class=\"elementor-widget-container\">\n\t\t\t<div  class=\"jeg-elementor-kit jkit-heading  align- align-tablet- align-mobile- jeg_module___69f39bce1bc20\" ><div class=\"heading-section-title  display-inline-block\"><h2 class=\"heading-title\">Sanat Etkinli\u011fi<\/h2><\/div><div class=\"heading-section-description\"><\/div><\/div>\t\t<\/div>\n\t\t\t\t<\/div>\n\t\t\t\t<\/div>\n\t\t\t\t\t<\/div>\n\t\t\t\t<\/div>\n\t\t<div class=\"elementor-element elementor-element-1f24cc7 e-flex e-con-boxed e-con e-parent\" data-id=\"1f24cc7\" data-element_type=\"container\">\n\t\t\t\t\t<div class=\"e-con-inner\">\n\t\t\t\t<div class=\"elementor-element elementor-element-0d89971 elementor-widget elementor-widget-text-editor\" data-id=\"0d89971\" data-element_type=\"widget\" data-widget_type=\"text-editor.default\">\n\t\t\t\t<div class=\"elementor-widget-container\">\n\t\t\t<style>\/*! elementor - v3.23.0 - 23-07-2024 *\/\n.elementor-widget-text-editor.elementor-drop-cap-view-stacked .elementor-drop-cap{background-color:#69727d;color:#fff}.elementor-widget-text-editor.elementor-drop-cap-view-framed .elementor-drop-cap{color:#69727d;border:3px solid;background-color:transparent}.elementor-widget-text-editor:not(.elementor-drop-cap-view-default) .elementor-drop-cap{margin-top:8px}.elementor-widget-text-editor:not(.elementor-drop-cap-view-default) .elementor-drop-cap-letter{width:1em;height:1em}.elementor-widget-text-editor .elementor-drop-cap{float:left;text-align:center;line-height:1;font-size:50px}.elementor-widget-text-editor .elementor-drop-cap-letter{display:inline-block}<\/style>\t\t\t\t<p class=\"p1\"><strong>\u00c7ocuklar\u0131n yarat\u0131c\u0131 d\u00fc\u015f\u00fcnme becerilerini geli\u015ftirir. Boyama, \u00e7izim, \u015fekillendirme gibi aktiviteler, \u00e7ocuklar\u0131n hayal g\u00fc\u00e7lerini serbest b\u0131rakmalar\u0131na olanak tan\u0131r. Bir bo\u015f tuval veya ka\u011f\u0131t, onlar\u0131n kendi d\u00fcnyalar\u0131n\u0131 yaratma \u00f6zg\u00fcrl\u00fc\u011f\u00fcn\u00fc sa\u011flar.<\/strong><\/p>\t\t\t\t\t\t<\/div>\n\t\t\t\t<\/div>\n\t\t\t\t\t<\/div>\n\t\t\t\t<\/div>\n\t\t<div class=\"elementor-element elementor-element-560da48 e-flex e-con-boxed e-con e-parent\" data-id=\"560da48\" data-element_type=\"container\" data-settings=\"{&quot;background_background&quot;:&quot;classic&quot;}\">\n\t\t\t\t\t<div class=\"e-con-inner\">\n\t\t<div class=\"elementor-element elementor-element-7debbf7d e-con-full e-flex e-con e-child\" data-id=\"7debbf7d\" data-element_type=\"container\">\n\t\t\t\t<div class=\"elementor-element elementor-element-2ee68418 elementor-widget elementor-widget-jkit_heading\" data-id=\"2ee68418\" data-element_type=\"widget\" data-widget_type=\"jkit_heading.default\">\n\t\t\t\t<div class=\"elementor-widget-container\">\n\t\t\t<div  class=\"jeg-elementor-kit jkit-heading  align- align-tablet- align-mobile- jeg_module__1_69f39bce1c8ad\" ><div class=\"heading-section-title  display-inline-block\"><h2 class=\"heading-title\"><\/h2><\/div><div class=\"heading-section-description\"><p>\u00c7ocuklar\u0131m\u0131z\u0131n yarat\u0131c\u0131l\u0131klar\u0131n\u0131 ke\u015ffetmeleri ve sanatsal yeteneklerini geli\u015ftirmeleri i\u00e7in tasarlanm\u0131\u015ft\u0131r.<\/p><p class=\"p1\">Bu etkinliklerde, \u00e7ocuklar \u00e7e\u015fitli sanat formlar\u0131yla tan\u0131\u015farak boyama, heykel, ebru gibi farkl\u0131 tekniklerle kendi eserlerini yaratma f\u0131rsat\u0131 bulurlar.<\/p><p class=\"p1\">Her bir sanat etkinli\u011fi, \u00e7ocuklar\u0131n hayal g\u00fcc\u00fcn\u00fc beslerken, el becerilerini ve estetik duyarl\u0131l\u0131klar\u0131n\u0131 da g\u00fc\u00e7lendirir. Amac\u0131m\u0131z, \u00e7ocuklar\u0131n sanatla i\u00e7 i\u00e7e bir ortamda kendilerini \u00f6zg\u00fcrce ifade etmelerine ve sanatsal kimliklerini olu\u015fturmalar\u0131na destek olmakt\u0131r.<\/p><\/div><\/div>\t\t<\/div>\n\t\t\t\t<\/div>\n\t\t\t\t<\/div>\n\t\t<div class=\"elementor-element elementor-element-845aaa4 e-con-full e-flex e-con e-child\" data-id=\"845aaa4\" data-element_type=\"container\">\n\t\t\t\t<div class=\"elementor-element elementor-element-534d4a94 elementor-invisible elementor-widget elementor-widget-image\" data-id=\"534d4a94\" data-element_type=\"widget\" data-settings=\"{&quot;_animation&quot;:&quot;fadeInDown&quot;}\" data-widget_type=\"image.default\">\n\t\t\t\t<div class=\"elementor-widget-container\">\n\t\t\t<style>\/*! elementor - v3.23.0 - 23-07-2024 *\/\n.elementor-widget-image{text-align:center}.elementor-widget-image a{display:inline-block}.elementor-widget-image a img[src$=\".svg\"]{width:48px}.elementor-widget-image img{vertical-align:middle;display:inline-block}<\/style>\t\t\t\t\t\t\t\t\t\t<img fetchpriority=\"high\" decoding=\"async\" width=\"438\" height=\"482\" src=\"https:\/\/sincankres.com\/tr\/wp-content\/uploads\/2024\/08\/1-36.png\" class=\"attachment-large size-large wp-image-2654\" alt=\"\" srcset=\"https:\/\/sincankres.com\/tr\/wp-content\/uploads\/2024\/08\/1-36.png 438w, https:\/\/sincankres.com\/tr\/wp-content\/uploads\/2024\/08\/1-36-273x300.png 273w\" sizes=\"(max-width: 438px) 100vw, 438px\" \/>\t\t\t\t\t\t\t\t\t\t\t\t\t<\/div>\n\t\t\t\t<\/div>\n\t\t\t\t<div class=\"elementor-element elementor-element-5d018424 elementor-invisible elementor-widget elementor-widget-image\" data-id=\"5d018424\" data-element_type=\"widget\" data-settings=\"{&quot;_animation&quot;:&quot;fadeInDown&quot;}\" data-widget_type=\"image.default\">\n\t\t\t\t<div class=\"elementor-widget-container\">\n\t\t\t\t\t\t\t\t\t\t\t\t\t<img decoding=\"async\" width=\"351\" height=\"246\" src=\"https:\/\/sincankres.com\/tr\/wp-content\/uploads\/2024\/08\/1-38.png\" class=\"attachment-large size-large wp-image-2656\" alt=\"\" srcset=\"https:\/\/sincankres.com\/tr\/wp-content\/uploads\/2024\/08\/1-38.png 351w, https:\/\/sincankres.com\/tr\/wp-content\/uploads\/2024\/08\/1-38-300x210.png 300w\" sizes=\"(max-width: 351px) 100vw, 351px\" \/>\t\t\t\t\t\t\t\t\t\t\t\t\t<\/div>\n\t\t\t\t<\/div>\n\t\t\t\t<\/div>\n\t\t<div class=\"elementor-element elementor-element-6f64fa48 e-con-full e-flex e-con e-child\" data-id=\"6f64fa48\" data-element_type=\"container\">\n\t\t\t\t<div class=\"elementor-element elementor-element-1429bb03 elementor-absolute elementor-widget elementor-widget-image\" data-id=\"1429bb03\" data-element_type=\"widget\" data-settings=\"{&quot;_position&quot;:&quot;absolute&quot;,&quot;_animation&quot;:&quot;none&quot;}\" data-widget_type=\"image.default\">\n\t\t\t\t<div class=\"elementor-widget-container\">\n\t\t\t\t\t\t\t\t\t\t\t\t\t<img decoding=\"async\" width=\"332\" height=\"161\" src=\"https:\/\/sincankres.com\/tr\/wp-content\/uploads\/2024\/08\/Group-1000002965.png\" class=\"elementor-animation-hang attachment-large size-large wp-image-1537\" alt=\"\" srcset=\"https:\/\/sincankres.com\/tr\/wp-content\/uploads\/2024\/08\/Group-1000002965.png 332w, https:\/\/sincankres.com\/tr\/wp-content\/uploads\/2024\/08\/Group-1000002965-300x145.png 300w\" sizes=\"(max-width: 332px) 100vw, 332px\" \/>\t\t\t\t\t\t\t\t\t\t\t\t\t<\/div>\n\t\t\t\t<\/div>\n\t\t\t\t<div class=\"elementor-element elementor-element-7cc1694f elementor-invisible elementor-widget elementor-widget-image\" data-id=\"7cc1694f\" data-element_type=\"widget\" data-settings=\"{&quot;_animation&quot;:&quot;fadeInDown&quot;}\" data-widget_type=\"image.default\">\n\t\t\t\t<div class=\"elementor-widget-container\">\n\t\t\t\t\t\t\t\t\t\t\t\t\t<img loading=\"lazy\" decoding=\"async\" width=\"270\" height=\"351\" src=\"https:\/\/sincankres.com\/tr\/wp-content\/uploads\/2024\/08\/1-37.png\" class=\"attachment-large size-large wp-image-2655\" alt=\"\" srcset=\"https:\/\/sincankres.com\/tr\/wp-content\/uploads\/2024\/08\/1-37.png 270w, https:\/\/sincankres.com\/tr\/wp-content\/uploads\/2024\/08\/1-37-231x300.png 231w\" sizes=\"(max-width: 270px) 100vw, 270px\" \/>\t\t\t\t\t\t\t\t\t\t\t\t\t<\/div>\n\t\t\t\t<\/div>\n\t\t\t\t<\/div>\n\t\t\t\t\t<\/div>\n\t\t\t\t<\/div>\n\t\t\t\t<\/div>\n\t\t","protected":false},"excerpt":{"rendered":"<p>Sanat Etkinli\u011fi \u00c7ocuklar\u0131n yarat\u0131c\u0131 d\u00fc\u015f\u00fcnme becerilerini geli\u015ftirir. Boyama, \u00e7izim, \u015fekillendirme gibi aktiviteler, \u00e7ocuklar\u0131n hayal g\u00fc\u00e7lerini serbest b\u0131rakmalar\u0131na olanak tan\u0131r. Bir bo\u015f tuval veya ka\u011f\u0131t, onlar\u0131n kendi d\u00fcnyalar\u0131n\u0131 yaratma \u00f6zg\u00fcrl\u00fc\u011f\u00fcn\u00fc sa\u011flar. \u00c7ocuklar\u0131m\u0131z\u0131n yarat\u0131c\u0131l\u0131klar\u0131n\u0131 ke\u015ffetmeleri ve sanatsal yeteneklerini geli\u015ftirmeleri i\u00e7in tasarlanm\u0131\u015ft\u0131r. Bu etkinliklerde, \u00e7ocuklar \u00e7e\u015fitli sanat formlar\u0131yla tan\u0131\u015farak boyama, heykel, ebru gibi farkl\u0131 tekniklerle kendi eserlerini yaratma [&hellip;]<\/p>\n","protected":false},"author":3,"featured_media":0,"parent":1756,"menu_order":0,"comment_status":"closed","ping_status":"closed","template":"elementor_header_footer","meta":{"footnotes":""},"class_list":["post-1913","page","type-page","status-publish","hentry"],"_links":{"self":[{"href":"https:\/\/sincankres.com\/tr\/wp-json\/wp\/v2\/pages\/1913"}],"collection":[{"href":"https:\/\/sincankres.com\/tr\/wp-json\/wp\/v2\/pages"}],"about":[{"href":"https:\/\/sincankres.com\/tr\/wp-json\/wp\/v2\/types\/page"}],"author":[{"embeddable":true,"href":"https:\/\/sincankres.com\/tr\/wp-json\/wp\/v2\/users\/3"}],"replies":[{"embeddable":true,"href":"https:\/\/sincankres.com\/tr\/wp-json\/wp\/v2\/comments?post=1913"}],"version-history":[{"count":32,"href":"https:\/\/sincankres.com\/tr\/wp-json\/wp\/v2\/pages\/1913\/revisions"}],"predecessor-version":[{"id":2695,"href":"https:\/\/sincankres.com\/tr\/wp-json\/wp\/v2\/pages\/1913\/revisions\/2695"}],"up":[{"embeddable":true,"href":"https:\/\/sincankres.com\/tr\/wp-json\/wp\/v2\/pages\/1756"}],"wp:attachment":[{"href":"https:\/\/sincankres.com\/tr\/wp-json\/wp\/v2\/media?parent=1913"}],"curies":[{"name":"wp","href":"https:\/\/api.w.org\/{rel}","templated":true}]}}