{"id":2388,"date":"2024-08-29T12:25:31","date_gmt":"2024-08-29T09:25:31","guid":{"rendered":"https:\/\/sincankres.com\/tr\/?page_id=2388"},"modified":"2024-08-29T15:13:16","modified_gmt":"2024-08-29T12:13:16","slug":"rehberlik-ve-danismanlik","status":"publish","type":"page","link":"https:\/\/sincankres.com\/tr\/egitim\/rehberlik-ve-danismanlik\/","title":{"rendered":"Rehberlik ve Dan\u0131\u015fmanl\u0131k"},"content":{"rendered":"\t\t<div data-elementor-type=\"wp-page\" data-elementor-id=\"2388\" class=\"elementor elementor-2388\" data-elementor-post-type=\"page\">\n\t\t\t\t<div class=\"elementor-element elementor-element-596c126f e-flex e-con-boxed e-con e-parent\" data-id=\"596c126f\" data-element_type=\"container\" data-settings=\"{&quot;background_background&quot;:&quot;classic&quot;}\">\n\t\t\t\t\t<div class=\"e-con-inner\">\n\t\t<div class=\"elementor-element elementor-element-452de116 e-con-full e-flex e-con e-child\" data-id=\"452de116\" data-element_type=\"container\">\n\t\t\t\t<div class=\"elementor-element elementor-element-2666e180 elementor-widget elementor-widget-jkit_heading\" data-id=\"2666e180\" data-element_type=\"widget\" data-widget_type=\"jkit_heading.default\">\n\t\t\t\t<div class=\"elementor-widget-container\">\n\t\t\t<div  class=\"jeg-elementor-kit jkit-heading  align- align-tablet- align-mobile- jeg_module___69f39bcc1749d\" ><div class=\"heading-section-title  display-inline-block\"><h2 class=\"heading-title\">Rehberlik ve Dan\u0131\u015fmanl\u0131k<\/h2><\/div><div class=\"heading-section-description\"><p>Gelece\u011fe \u0130z B\u0131rakan Nesiller Yeti\u015ftiriyoruz..<\/p><\/div><\/div>\t\t<\/div>\n\t\t\t\t<\/div>\n\t\t\t\t<\/div>\n\t\t\t\t\t<\/div>\n\t\t\t\t<\/div>\n\t\t<div class=\"elementor-element elementor-element-618c6bb8 e-flex e-con-boxed e-con e-parent\" data-id=\"618c6bb8\" data-element_type=\"container\" data-settings=\"{&quot;background_background&quot;:&quot;classic&quot;}\">\n\t\t\t\t\t<div class=\"e-con-inner\">\n\t\t<div class=\"elementor-element elementor-element-45e272d7 e-con-full e-flex e-con e-child\" data-id=\"45e272d7\" data-element_type=\"container\">\n\t\t\t\t<div class=\"elementor-element elementor-element-244fa71b elementor-widget elementor-widget-jkit_heading\" data-id=\"244fa71b\" data-element_type=\"widget\" data-widget_type=\"jkit_heading.default\">\n\t\t\t\t<div class=\"elementor-widget-container\">\n\t\t\t<div  class=\"jeg-elementor-kit jkit-heading  align- align-tablet- align-mobile- jeg_module__1_69f39bcc18fe6\" ><div class=\"heading-section-title  display-inline-block\"><h2 class=\"heading-title\">\u00e7ocuklar\u0131m\u0131z\u0131n bireysel geli\u015fimlerini destekliyoruz<\/h2><\/div><div class=\"heading-section-description\"><p class=\"p1\">Her \u00e7ocu\u011fun kendine \u00f6zg\u00fc yetenekleri ve ihtiya\u00e7lar\u0131 oldu\u011funu biliyor ve bu do\u011frultuda onlara en uygun rehberlik hizmetini sunuyoruz. E\u011fitim s\u00fcrecinde kar\u015f\u0131la\u015ft\u0131klar\u0131 zorluklar\u0131 a\u015fmalar\u0131na yard\u0131mc\u0131 olurken, sosyal, duygusal ve akademik geli\u015fimlerini destekliyoruz.<\/p><p class=\"p1\">Deneyimli rehber \u00f6\u011fretmenlerimiz, \u00e7ocuklar\u0131n potansiyellerini ke\u015ffetmeleri ve kendilerini en iyi \u015fekilde ifade etmeleri i\u00e7in onlara yol g\u00f6sterir. Ailelerle i\u015f birli\u011fi i\u00e7inde \u00e7al\u0131\u015farak, \u00e7ocuklar\u0131n geli\u015fimlerini en sa\u011fl\u0131kl\u0131 \u015fekilde y\u00f6nlendirmeye \u00f6zen g\u00f6steriyoruz. Amac\u0131m\u0131z, her \u00e7ocu\u011fun kendine g\u00fcvenen, mutlu ve ba\u015far\u0131l\u0131 bireyler olarak yeti\u015fmesine katk\u0131da bulunmakt\u0131r.<\/p><\/div><\/div>\t\t<\/div>\n\t\t\t\t<\/div>\n\t\t\t\t<div class=\"elementor-element elementor-element-e25665a elementor-widget elementor-widget-jkit_button\" data-id=\"e25665a\" data-element_type=\"widget\" data-widget_type=\"jkit_button.default\">\n\t\t\t\t<div class=\"elementor-widget-container\">\n\t\t\t<div  class=\"jeg-elementor-kit jkit-button  icon-position-before jeg_module__2_69f39bcc1ac47\" ><a href=\"https:\/\/sincankres.com\/tr\/iletisim\/\" class=\"jkit-button-wrapper\">\u0130leti\u015fim<\/a><\/div>\t\t<\/div>\n\t\t\t\t<\/div>\n\t\t\t\t<\/div>\n\t\t<div class=\"elementor-element elementor-element-1389fa9d e-con-full e-flex e-con e-child\" data-id=\"1389fa9d\" data-element_type=\"container\">\n\t\t\t\t<div class=\"elementor-element elementor-element-30f304cf elementor-invisible elementor-widget elementor-widget-image\" data-id=\"30f304cf\" data-element_type=\"widget\" data-settings=\"{&quot;_animation&quot;:&quot;fadeInDown&quot;}\" data-widget_type=\"image.default\">\n\t\t\t\t<div class=\"elementor-widget-container\">\n\t\t\t<style>\/*! elementor - v3.23.0 - 23-07-2024 *\/\n.elementor-widget-image{text-align:center}.elementor-widget-image a{display:inline-block}.elementor-widget-image a img[src$=\".svg\"]{width:48px}.elementor-widget-image img{vertical-align:middle;display:inline-block}<\/style>\t\t\t\t\t\t\t\t\t\t<img fetchpriority=\"high\" decoding=\"async\" width=\"438\" height=\"482\" src=\"https:\/\/sincankres.com\/tr\/wp-content\/uploads\/2024\/08\/1-4.png\" class=\"attachment-large size-large wp-image-2484\" alt=\"\" srcset=\"https:\/\/sincankres.com\/tr\/wp-content\/uploads\/2024\/08\/1-4.png 438w, https:\/\/sincankres.com\/tr\/wp-content\/uploads\/2024\/08\/1-4-273x300.png 273w\" sizes=\"(max-width: 438px) 100vw, 438px\" \/>\t\t\t\t\t\t\t\t\t\t\t\t\t<\/div>\n\t\t\t\t<\/div>\n\t\t\t\t<div class=\"elementor-element elementor-element-19515eae elementor-invisible elementor-widget elementor-widget-image\" data-id=\"19515eae\" data-element_type=\"widget\" data-settings=\"{&quot;_animation&quot;:&quot;fadeInDown&quot;}\" data-widget_type=\"image.default\">\n\t\t\t\t<div class=\"elementor-widget-container\">\n\t\t\t\t\t\t\t\t\t\t\t\t\t<img decoding=\"async\" width=\"351\" height=\"246\" src=\"https:\/\/sincankres.com\/tr\/wp-content\/uploads\/2024\/08\/1-5.png\" class=\"attachment-large size-large wp-image-2485\" alt=\"\" srcset=\"https:\/\/sincankres.com\/tr\/wp-content\/uploads\/2024\/08\/1-5.png 351w, https:\/\/sincankres.com\/tr\/wp-content\/uploads\/2024\/08\/1-5-300x210.png 300w\" sizes=\"(max-width: 351px) 100vw, 351px\" \/>\t\t\t\t\t\t\t\t\t\t\t\t\t<\/div>\n\t\t\t\t<\/div>\n\t\t\t\t<\/div>\n\t\t<div class=\"elementor-element elementor-element-213f79b6 e-con-full e-flex e-con e-child\" data-id=\"213f79b6\" data-element_type=\"container\">\n\t\t\t\t<div class=\"elementor-element elementor-element-7af3a521 elementor-absolute elementor-widget elementor-widget-image\" data-id=\"7af3a521\" data-element_type=\"widget\" data-settings=\"{&quot;_position&quot;:&quot;absolute&quot;,&quot;_animation&quot;:&quot;none&quot;}\" data-widget_type=\"image.default\">\n\t\t\t\t<div class=\"elementor-widget-container\">\n\t\t\t\t\t\t\t\t\t\t\t\t\t<img decoding=\"async\" width=\"332\" height=\"161\" src=\"https:\/\/sincankres.com\/tr\/wp-content\/uploads\/2024\/08\/Group-1000002965.png\" class=\"elementor-animation-hang attachment-large size-large wp-image-1537\" alt=\"\" srcset=\"https:\/\/sincankres.com\/tr\/wp-content\/uploads\/2024\/08\/Group-1000002965.png 332w, https:\/\/sincankres.com\/tr\/wp-content\/uploads\/2024\/08\/Group-1000002965-300x145.png 300w\" sizes=\"(max-width: 332px) 100vw, 332px\" \/>\t\t\t\t\t\t\t\t\t\t\t\t\t<\/div>\n\t\t\t\t<\/div>\n\t\t\t\t<div class=\"elementor-element elementor-element-3b7711a3 elementor-invisible elementor-widget elementor-widget-image\" data-id=\"3b7711a3\" data-element_type=\"widget\" data-settings=\"{&quot;_animation&quot;:&quot;fadeInDown&quot;}\" data-widget_type=\"image.default\">\n\t\t\t\t<div class=\"elementor-widget-container\">\n\t\t\t\t\t\t\t\t\t\t\t\t\t<img loading=\"lazy\" decoding=\"async\" width=\"270\" height=\"351\" src=\"https:\/\/sincankres.com\/tr\/wp-content\/uploads\/2024\/08\/1-6.png\" class=\"attachment-large size-large wp-image-2486\" alt=\"\" srcset=\"https:\/\/sincankres.com\/tr\/wp-content\/uploads\/2024\/08\/1-6.png 270w, https:\/\/sincankres.com\/tr\/wp-content\/uploads\/2024\/08\/1-6-231x300.png 231w\" sizes=\"(max-width: 270px) 100vw, 270px\" \/>\t\t\t\t\t\t\t\t\t\t\t\t\t<\/div>\n\t\t\t\t<\/div>\n\t\t\t\t<\/div>\n\t\t\t\t\t<\/div>\n\t\t\t\t<\/div>\n\t\t\t\t<\/div>\n\t\t","protected":false},"excerpt":{"rendered":"<p>Rehberlik ve Dan\u0131\u015fmanl\u0131k Gelece\u011fe \u0130z B\u0131rakan Nesiller Yeti\u015ftiriyoruz.. \u00e7ocuklar\u0131m\u0131z\u0131n bireysel geli\u015fimlerini destekliyoruz Her \u00e7ocu\u011fun kendine \u00f6zg\u00fc yetenekleri ve ihtiya\u00e7lar\u0131 oldu\u011funu biliyor ve bu do\u011frultuda onlara en uygun rehberlik hizmetini sunuyoruz. E\u011fitim s\u00fcrecinde kar\u015f\u0131la\u015ft\u0131klar\u0131 zorluklar\u0131 a\u015fmalar\u0131na yard\u0131mc\u0131 olurken, sosyal, duygusal ve akademik geli\u015fimlerini destekliyoruz. Deneyimli rehber \u00f6\u011fretmenlerimiz, \u00e7ocuklar\u0131n potansiyellerini ke\u015ffetmeleri ve kendilerini en iyi \u015fekilde ifade [&hellip;]<\/p>\n","protected":false},"author":3,"featured_media":0,"parent":1735,"menu_order":0,"comment_status":"closed","ping_status":"closed","template":"elementor_header_footer","meta":{"footnotes":""},"class_list":["post-2388","page","type-page","status-publish","hentry"],"_links":{"self":[{"href":"https:\/\/sincankres.com\/tr\/wp-json\/wp\/v2\/pages\/2388"}],"collection":[{"href":"https:\/\/sincankres.com\/tr\/wp-json\/wp\/v2\/pages"}],"about":[{"href":"https:\/\/sincankres.com\/tr\/wp-json\/wp\/v2\/types\/page"}],"author":[{"embeddable":true,"href":"https:\/\/sincankres.com\/tr\/wp-json\/wp\/v2\/users\/3"}],"replies":[{"embeddable":true,"href":"https:\/\/sincankres.com\/tr\/wp-json\/wp\/v2\/comments?post=2388"}],"version-history":[{"count":19,"href":"https:\/\/sincankres.com\/tr\/wp-json\/wp\/v2\/pages\/2388\/revisions"}],"predecessor-version":[{"id":2561,"href":"https:\/\/sincankres.com\/tr\/wp-json\/wp\/v2\/pages\/2388\/revisions\/2561"}],"up":[{"embeddable":true,"href":"https:\/\/sincankres.com\/tr\/wp-json\/wp\/v2\/pages\/1735"}],"wp:attachment":[{"href":"https:\/\/sincankres.com\/tr\/wp-json\/wp\/v2\/media?parent=2388"}],"curies":[{"name":"wp","href":"https:\/\/api.w.org\/{rel}","templated":true}]}}