{"id":2411,"date":"2024-08-29T12:53:14","date_gmt":"2024-08-29T09:53:14","guid":{"rendered":"https:\/\/sincankres.com\/tr\/?page_id=2411"},"modified":"2024-08-29T15:13:25","modified_gmt":"2024-08-29T12:13:25","slug":"robotik-kodlama","status":"publish","type":"page","link":"https:\/\/sincankres.com\/tr\/egitim\/robotik-kodlama\/","title":{"rendered":"Robotik Kodlama"},"content":{"rendered":"\t\t<div data-elementor-type=\"wp-page\" data-elementor-id=\"2411\" class=\"elementor elementor-2411\" data-elementor-post-type=\"page\">\n\t\t\t\t<div class=\"elementor-element elementor-element-7f752f93 e-flex e-con-boxed e-con e-parent\" data-id=\"7f752f93\" data-element_type=\"container\" data-settings=\"{&quot;background_background&quot;:&quot;classic&quot;}\">\n\t\t\t\t\t<div class=\"e-con-inner\">\n\t\t<div class=\"elementor-element elementor-element-25858bc9 e-con-full e-flex e-con e-child\" data-id=\"25858bc9\" data-element_type=\"container\">\n\t\t\t\t<div class=\"elementor-element elementor-element-459071f1 elementor-widget elementor-widget-jkit_heading\" data-id=\"459071f1\" data-element_type=\"widget\" data-widget_type=\"jkit_heading.default\">\n\t\t\t\t<div class=\"elementor-widget-container\">\n\t\t\t<div  class=\"jeg-elementor-kit jkit-heading  align- align-tablet- align-mobile- jeg_module___69f39be307cd4\" ><div class=\"heading-section-title  display-inline-block\"><h2 class=\"heading-title\">Robotik Kodlama<\/h2><\/div><div class=\"heading-section-description\"><p>Gelece\u011fe \u0130z B\u0131rakan Nesiller Yeti\u015ftiriyoruz..<\/p><\/div><\/div>\t\t<\/div>\n\t\t\t\t<\/div>\n\t\t\t\t<\/div>\n\t\t\t\t\t<\/div>\n\t\t\t\t<\/div>\n\t\t<div class=\"elementor-element elementor-element-6a17901 e-flex e-con-boxed e-con e-parent\" data-id=\"6a17901\" data-element_type=\"container\" data-settings=\"{&quot;background_background&quot;:&quot;classic&quot;}\">\n\t\t\t\t\t<div class=\"e-con-inner\">\n\t\t<div class=\"elementor-element elementor-element-c377b18 e-con-full e-flex e-con e-child\" data-id=\"c377b18\" data-element_type=\"container\">\n\t\t\t\t<div class=\"elementor-element elementor-element-e749889 elementor-widget elementor-widget-jkit_heading\" data-id=\"e749889\" data-element_type=\"widget\" data-widget_type=\"jkit_heading.default\">\n\t\t\t\t<div class=\"elementor-widget-container\">\n\t\t\t<div  class=\"jeg-elementor-kit jkit-heading  align- align-tablet- align-mobile- jeg_module__1_69f39be309171\" ><div class=\"heading-section-title  display-inline-block\"><h2 class=\"heading-title\">\u00c7ocuklar\u0131m\u0131z teknoloji ve inovasyon d\u00fcnyas\u0131na ad\u0131m At\u0131yor<\/h2><\/div><div class=\"heading-section-description\"><p class=\"p1\">Bu e\u011fitimle, \u00e7ocuklar hem problem \u00e7\u00f6zme becerilerini geli\u015ftirir hem de yarat\u0131c\u0131l\u0131klar\u0131n\u0131 kodlama ve robot tasar\u0131m\u0131 ile birle\u015ftirirler. Ad\u0131m ad\u0131m ilerleyen m\u00fcfredat\u0131m\u0131z, \u00e7ocuklar\u0131n algoritma mant\u0131\u011f\u0131n\u0131 \u00f6\u011frenmelerine ve robotik projeler geli\u015ftirmelerine olanak tan\u0131r.<\/p><p class=\"p1\">E\u011fitim s\u00fcrecinde, \u00e7ocuklar tak\u0131m \u00e7al\u0131\u015fmas\u0131 yaparak projelerini hayata ge\u00e7irir ve yeni teknolojilerle tan\u0131\u015farak gelece\u011fe haz\u0131rlan\u0131r. Amac\u0131m\u0131z, \u00e7ocuklar\u0131m\u0131z\u0131n teknolojiyi sadece t\u00fcketen de\u011fil, \u00fcreten bireyler olarak yeti\u015fmelerine katk\u0131da bulunmakt\u0131r.<\/p><\/div><\/div>\t\t<\/div>\n\t\t\t\t<\/div>\n\t\t\t\t<div class=\"elementor-element elementor-element-0846fa5 elementor-widget elementor-widget-jkit_button\" data-id=\"0846fa5\" data-element_type=\"widget\" data-widget_type=\"jkit_button.default\">\n\t\t\t\t<div class=\"elementor-widget-container\">\n\t\t\t<div  class=\"jeg-elementor-kit jkit-button  icon-position-before jeg_module__2_69f39be30a372\" ><a href=\"https:\/\/sincankres.com\/tr\/iletisim\/\" class=\"jkit-button-wrapper\">\u0130leti\u015fim<\/a><\/div>\t\t<\/div>\n\t\t\t\t<\/div>\n\t\t\t\t<\/div>\n\t\t<div class=\"elementor-element elementor-element-ba0526a e-con-full e-flex e-con e-child\" data-id=\"ba0526a\" data-element_type=\"container\">\n\t\t\t\t<div class=\"elementor-element elementor-element-d73becc elementor-invisible elementor-widget elementor-widget-image\" data-id=\"d73becc\" data-element_type=\"widget\" data-settings=\"{&quot;_animation&quot;:&quot;fadeInDown&quot;}\" data-widget_type=\"image.default\">\n\t\t\t\t<div class=\"elementor-widget-container\">\n\t\t\t<style>\/*! elementor - v3.23.0 - 23-07-2024 *\/\n.elementor-widget-image{text-align:center}.elementor-widget-image a{display:inline-block}.elementor-widget-image a img[src$=\".svg\"]{width:48px}.elementor-widget-image img{vertical-align:middle;display:inline-block}<\/style>\t\t\t\t\t\t\t\t\t\t<img fetchpriority=\"high\" decoding=\"async\" width=\"438\" height=\"482\" src=\"https:\/\/sincankres.com\/tr\/wp-content\/uploads\/2024\/08\/1-7.png\" class=\"attachment-large size-large wp-image-2490\" alt=\"\" srcset=\"https:\/\/sincankres.com\/tr\/wp-content\/uploads\/2024\/08\/1-7.png 438w, https:\/\/sincankres.com\/tr\/wp-content\/uploads\/2024\/08\/1-7-273x300.png 273w\" sizes=\"(max-width: 438px) 100vw, 438px\" \/>\t\t\t\t\t\t\t\t\t\t\t\t\t<\/div>\n\t\t\t\t<\/div>\n\t\t\t\t<div class=\"elementor-element elementor-element-e003791 elementor-invisible elementor-widget elementor-widget-image\" data-id=\"e003791\" data-element_type=\"widget\" data-settings=\"{&quot;_animation&quot;:&quot;fadeInDown&quot;}\" data-widget_type=\"image.default\">\n\t\t\t\t<div class=\"elementor-widget-container\">\n\t\t\t\t\t\t\t\t\t\t\t\t\t<img decoding=\"async\" width=\"351\" height=\"246\" src=\"https:\/\/sincankres.com\/tr\/wp-content\/uploads\/2024\/08\/1-9.png\" class=\"attachment-large size-large wp-image-2492\" alt=\"\" srcset=\"https:\/\/sincankres.com\/tr\/wp-content\/uploads\/2024\/08\/1-9.png 351w, https:\/\/sincankres.com\/tr\/wp-content\/uploads\/2024\/08\/1-9-300x210.png 300w\" sizes=\"(max-width: 351px) 100vw, 351px\" \/>\t\t\t\t\t\t\t\t\t\t\t\t\t<\/div>\n\t\t\t\t<\/div>\n\t\t\t\t<\/div>\n\t\t<div class=\"elementor-element elementor-element-76c2508 e-con-full e-flex e-con e-child\" data-id=\"76c2508\" data-element_type=\"container\">\n\t\t\t\t<div class=\"elementor-element elementor-element-eed8caf elementor-absolute elementor-widget elementor-widget-image\" data-id=\"eed8caf\" data-element_type=\"widget\" data-settings=\"{&quot;_position&quot;:&quot;absolute&quot;,&quot;_animation&quot;:&quot;none&quot;}\" data-widget_type=\"image.default\">\n\t\t\t\t<div class=\"elementor-widget-container\">\n\t\t\t\t\t\t\t\t\t\t\t\t\t<img decoding=\"async\" width=\"332\" height=\"161\" src=\"https:\/\/sincankres.com\/tr\/wp-content\/uploads\/2024\/08\/Group-1000002965.png\" class=\"elementor-animation-hang attachment-large size-large wp-image-1537\" alt=\"\" srcset=\"https:\/\/sincankres.com\/tr\/wp-content\/uploads\/2024\/08\/Group-1000002965.png 332w, https:\/\/sincankres.com\/tr\/wp-content\/uploads\/2024\/08\/Group-1000002965-300x145.png 300w\" sizes=\"(max-width: 332px) 100vw, 332px\" \/>\t\t\t\t\t\t\t\t\t\t\t\t\t<\/div>\n\t\t\t\t<\/div>\n\t\t\t\t<div class=\"elementor-element elementor-element-c72968b elementor-invisible elementor-widget elementor-widget-image\" data-id=\"c72968b\" data-element_type=\"widget\" data-settings=\"{&quot;_animation&quot;:&quot;fadeInDown&quot;}\" data-widget_type=\"image.default\">\n\t\t\t\t<div class=\"elementor-widget-container\">\n\t\t\t\t\t\t\t\t\t\t\t\t\t<img loading=\"lazy\" decoding=\"async\" width=\"270\" height=\"351\" src=\"https:\/\/sincankres.com\/tr\/wp-content\/uploads\/2024\/08\/1-8.png\" class=\"attachment-large size-large wp-image-2491\" alt=\"\" srcset=\"https:\/\/sincankres.com\/tr\/wp-content\/uploads\/2024\/08\/1-8.png 270w, https:\/\/sincankres.com\/tr\/wp-content\/uploads\/2024\/08\/1-8-231x300.png 231w\" sizes=\"(max-width: 270px) 100vw, 270px\" \/>\t\t\t\t\t\t\t\t\t\t\t\t\t<\/div>\n\t\t\t\t<\/div>\n\t\t\t\t<\/div>\n\t\t\t\t\t<\/div>\n\t\t\t\t<\/div>\n\t\t\t\t<\/div>\n\t\t","protected":false},"excerpt":{"rendered":"<p>Robotik Kodlama Gelece\u011fe \u0130z B\u0131rakan Nesiller Yeti\u015ftiriyoruz.. \u00c7ocuklar\u0131m\u0131z teknoloji ve inovasyon d\u00fcnyas\u0131na ad\u0131m At\u0131yor Bu e\u011fitimle, \u00e7ocuklar hem problem \u00e7\u00f6zme becerilerini geli\u015ftirir hem de yarat\u0131c\u0131l\u0131klar\u0131n\u0131 kodlama ve robot tasar\u0131m\u0131 ile birle\u015ftirirler. Ad\u0131m ad\u0131m ilerleyen m\u00fcfredat\u0131m\u0131z, \u00e7ocuklar\u0131n algoritma mant\u0131\u011f\u0131n\u0131 \u00f6\u011frenmelerine ve robotik projeler geli\u015ftirmelerine olanak tan\u0131r. E\u011fitim s\u00fcrecinde, \u00e7ocuklar tak\u0131m \u00e7al\u0131\u015fmas\u0131 yaparak projelerini hayata ge\u00e7irir ve [&hellip;]<\/p>\n","protected":false},"author":3,"featured_media":0,"parent":1735,"menu_order":0,"comment_status":"closed","ping_status":"closed","template":"elementor_header_footer","meta":{"footnotes":""},"class_list":["post-2411","page","type-page","status-publish","hentry"],"_links":{"self":[{"href":"https:\/\/sincankres.com\/tr\/wp-json\/wp\/v2\/pages\/2411"}],"collection":[{"href":"https:\/\/sincankres.com\/tr\/wp-json\/wp\/v2\/pages"}],"about":[{"href":"https:\/\/sincankres.com\/tr\/wp-json\/wp\/v2\/types\/page"}],"author":[{"embeddable":true,"href":"https:\/\/sincankres.com\/tr\/wp-json\/wp\/v2\/users\/3"}],"replies":[{"embeddable":true,"href":"https:\/\/sincankres.com\/tr\/wp-json\/wp\/v2\/comments?post=2411"}],"version-history":[{"count":13,"href":"https:\/\/sincankres.com\/tr\/wp-json\/wp\/v2\/pages\/2411\/revisions"}],"predecessor-version":[{"id":2564,"href":"https:\/\/sincankres.com\/tr\/wp-json\/wp\/v2\/pages\/2411\/revisions\/2564"}],"up":[{"embeddable":true,"href":"https:\/\/sincankres.com\/tr\/wp-json\/wp\/v2\/pages\/1735"}],"wp:attachment":[{"href":"https:\/\/sincankres.com\/tr\/wp-json\/wp\/v2\/media?parent=2411"}],"curies":[{"name":"wp","href":"https:\/\/api.w.org\/{rel}","templated":true}]}}