{"id":2422,"date":"2024-08-29T12:59:16","date_gmt":"2024-08-29T09:59:16","guid":{"rendered":"https:\/\/sincankres.com\/tr\/?page_id=2422"},"modified":"2024-08-29T15:13:45","modified_gmt":"2024-08-29T12:13:45","slug":"akil-ve-zeka-oyunlari","status":"publish","type":"page","link":"https:\/\/sincankres.com\/tr\/egitim\/akil-ve-zeka-oyunlari\/","title":{"rendered":"Ak\u0131l ve Zeka Oyunlar\u0131"},"content":{"rendered":"\t\t<div data-elementor-type=\"wp-page\" data-elementor-id=\"2422\" class=\"elementor elementor-2422\" data-elementor-post-type=\"page\">\n\t\t\t\t<div class=\"elementor-element elementor-element-b1b8f01 e-flex e-con-boxed e-con e-parent\" data-id=\"b1b8f01\" data-element_type=\"container\" data-settings=\"{&quot;background_background&quot;:&quot;classic&quot;}\">\n\t\t\t\t\t<div class=\"e-con-inner\">\n\t\t<div class=\"elementor-element elementor-element-9698ea0 e-con-full e-flex e-con e-child\" data-id=\"9698ea0\" data-element_type=\"container\">\n\t\t\t\t<div class=\"elementor-element elementor-element-f3320da elementor-widget elementor-widget-jkit_heading\" data-id=\"f3320da\" data-element_type=\"widget\" data-widget_type=\"jkit_heading.default\">\n\t\t\t\t<div class=\"elementor-widget-container\">\n\t\t\t<div  class=\"jeg-elementor-kit jkit-heading  align- align-tablet- align-mobile- jeg_module___69f39b8ed468d\" ><div class=\"heading-section-title  display-inline-block\"><h2 class=\"heading-title\">Ak\u0131l ve Zeka oyunlar\u0131<\/h2><\/div><div class=\"heading-section-description\"><p>Gelece\u011fe \u0130z B\u0131rakan Nesiller Yeti\u015ftiriyoruz..<\/p><\/div><\/div>\t\t<\/div>\n\t\t\t\t<\/div>\n\t\t\t\t<\/div>\n\t\t\t\t\t<\/div>\n\t\t\t\t<\/div>\n\t\t<div class=\"elementor-element elementor-element-da340fa e-flex e-con-boxed e-con e-parent\" data-id=\"da340fa\" data-element_type=\"container\" data-settings=\"{&quot;background_background&quot;:&quot;classic&quot;}\">\n\t\t\t\t\t<div class=\"e-con-inner\">\n\t\t<div class=\"elementor-element elementor-element-9ead6f7 e-con-full e-flex e-con e-child\" data-id=\"9ead6f7\" data-element_type=\"container\">\n\t\t\t\t<div class=\"elementor-element elementor-element-c360f50 elementor-widget elementor-widget-jkit_heading\" data-id=\"c360f50\" data-element_type=\"widget\" data-widget_type=\"jkit_heading.default\">\n\t\t\t\t<div class=\"elementor-widget-container\">\n\t\t\t<div  class=\"jeg-elementor-kit jkit-heading  align- align-tablet- align-mobile- jeg_module__1_69f39b8ed99dc\" ><div class=\"heading-section-title  display-inline-block\"><h2 class=\"heading-title\">\u00e7ocuklar\u0131n d\u00fc\u015f\u00fcnme becerilerini geli\u015ftirirken e\u011flenmelerini sa\u011fl\u0131yoruz<\/h2><\/div><div class=\"heading-section-description\"><p class=\"p1\">Bu oyunlar, \u00e7ocuklar\u0131n analitik d\u00fc\u015f\u00fcnme, problem \u00e7\u00f6zme ve strateji geli\u015ftirme yeteneklerini g\u00fc\u00e7lendirir. E\u011flenceli ve \u00f6\u011fretici aktivitelerle, \u00e7ocuklar hem bireysel hem de grup halinde \u00e7al\u0131\u015farak zihinsel becerilerini ke\u015ffederler.<\/p><p class=\"p1\">Oyun tabanl\u0131 \u00f6\u011frenme yakla\u015f\u0131m\u0131m\u0131z, \u00e7ocuklar\u0131n mant\u0131k y\u00fcr\u00fctme ve dikkat s\u00fcre\u00e7lerini destekleyerek, onlar\u0131n daha g\u00fc\u00e7l\u00fc ve yarat\u0131c\u0131 d\u00fc\u015f\u00fcnme yetileri kazanmalar\u0131na yard\u0131mc\u0131 olur. Amac\u0131m\u0131z, \u00e7ocuklar\u0131n zihinsel geli\u015fimlerini keyifli bir ortamda en \u00fcst d\u00fczeye \u00e7\u0131karmakt\u0131r.<\/p><\/div><\/div>\t\t<\/div>\n\t\t\t\t<\/div>\n\t\t\t\t<div class=\"elementor-element elementor-element-fcb87f4 elementor-widget elementor-widget-jkit_button\" data-id=\"fcb87f4\" data-element_type=\"widget\" data-widget_type=\"jkit_button.default\">\n\t\t\t\t<div class=\"elementor-widget-container\">\n\t\t\t<div  class=\"jeg-elementor-kit jkit-button  icon-position-before jeg_module__2_69f39b8edf79d\" ><a href=\"https:\/\/sincankres.com\/tr\/iletisim\/\" class=\"jkit-button-wrapper\">\u0130leti\u015fim<\/a><\/div>\t\t<\/div>\n\t\t\t\t<\/div>\n\t\t\t\t<\/div>\n\t\t<div class=\"elementor-element elementor-element-e61f81b e-con-full e-flex e-con e-child\" data-id=\"e61f81b\" data-element_type=\"container\">\n\t\t\t\t<div class=\"elementor-element elementor-element-4b28faa elementor-invisible elementor-widget elementor-widget-image\" data-id=\"4b28faa\" data-element_type=\"widget\" data-settings=\"{&quot;_animation&quot;:&quot;fadeInDown&quot;}\" data-widget_type=\"image.default\">\n\t\t\t\t<div class=\"elementor-widget-container\">\n\t\t\t<style>\/*! elementor - v3.23.0 - 23-07-2024 *\/\n.elementor-widget-image{text-align:center}.elementor-widget-image a{display:inline-block}.elementor-widget-image a img[src$=\".svg\"]{width:48px}.elementor-widget-image img{vertical-align:middle;display:inline-block}<\/style>\t\t\t\t\t\t\t\t\t\t<img fetchpriority=\"high\" decoding=\"async\" width=\"438\" height=\"482\" src=\"https:\/\/sincankres.com\/tr\/wp-content\/uploads\/2024\/08\/1-10.png\" class=\"attachment-large size-large wp-image-2496\" alt=\"\" srcset=\"https:\/\/sincankres.com\/tr\/wp-content\/uploads\/2024\/08\/1-10.png 438w, https:\/\/sincankres.com\/tr\/wp-content\/uploads\/2024\/08\/1-10-273x300.png 273w\" sizes=\"(max-width: 438px) 100vw, 438px\" \/>\t\t\t\t\t\t\t\t\t\t\t\t\t<\/div>\n\t\t\t\t<\/div>\n\t\t\t\t<div class=\"elementor-element elementor-element-788249a elementor-invisible elementor-widget elementor-widget-image\" data-id=\"788249a\" data-element_type=\"widget\" data-settings=\"{&quot;_animation&quot;:&quot;fadeInDown&quot;}\" data-widget_type=\"image.default\">\n\t\t\t\t<div class=\"elementor-widget-container\">\n\t\t\t\t\t\t\t\t\t\t\t\t\t<img decoding=\"async\" width=\"351\" height=\"246\" src=\"https:\/\/sincankres.com\/tr\/wp-content\/uploads\/2024\/08\/1-12.png\" class=\"attachment-large size-large wp-image-2498\" alt=\"\" srcset=\"https:\/\/sincankres.com\/tr\/wp-content\/uploads\/2024\/08\/1-12.png 351w, https:\/\/sincankres.com\/tr\/wp-content\/uploads\/2024\/08\/1-12-300x210.png 300w\" sizes=\"(max-width: 351px) 100vw, 351px\" \/>\t\t\t\t\t\t\t\t\t\t\t\t\t<\/div>\n\t\t\t\t<\/div>\n\t\t\t\t<\/div>\n\t\t<div class=\"elementor-element elementor-element-2de87e3 e-con-full e-flex e-con e-child\" data-id=\"2de87e3\" data-element_type=\"container\">\n\t\t\t\t<div class=\"elementor-element elementor-element-7783a84 elementor-absolute elementor-widget elementor-widget-image\" data-id=\"7783a84\" data-element_type=\"widget\" data-settings=\"{&quot;_position&quot;:&quot;absolute&quot;,&quot;_animation&quot;:&quot;none&quot;}\" data-widget_type=\"image.default\">\n\t\t\t\t<div class=\"elementor-widget-container\">\n\t\t\t\t\t\t\t\t\t\t\t\t\t<img decoding=\"async\" width=\"332\" height=\"161\" src=\"https:\/\/sincankres.com\/tr\/wp-content\/uploads\/2024\/08\/Group-1000002965.png\" class=\"elementor-animation-hang attachment-large size-large wp-image-1537\" alt=\"\" srcset=\"https:\/\/sincankres.com\/tr\/wp-content\/uploads\/2024\/08\/Group-1000002965.png 332w, https:\/\/sincankres.com\/tr\/wp-content\/uploads\/2024\/08\/Group-1000002965-300x145.png 300w\" sizes=\"(max-width: 332px) 100vw, 332px\" \/>\t\t\t\t\t\t\t\t\t\t\t\t\t<\/div>\n\t\t\t\t<\/div>\n\t\t\t\t<div class=\"elementor-element elementor-element-96053b9 elementor-invisible elementor-widget elementor-widget-image\" data-id=\"96053b9\" data-element_type=\"widget\" data-settings=\"{&quot;_animation&quot;:&quot;fadeInDown&quot;}\" data-widget_type=\"image.default\">\n\t\t\t\t<div class=\"elementor-widget-container\">\n\t\t\t\t\t\t\t\t\t\t\t\t\t<img loading=\"lazy\" decoding=\"async\" width=\"270\" height=\"351\" src=\"https:\/\/sincankres.com\/tr\/wp-content\/uploads\/2024\/08\/1-11.png\" class=\"attachment-large size-large wp-image-2497\" alt=\"\" srcset=\"https:\/\/sincankres.com\/tr\/wp-content\/uploads\/2024\/08\/1-11.png 270w, https:\/\/sincankres.com\/tr\/wp-content\/uploads\/2024\/08\/1-11-231x300.png 231w\" sizes=\"(max-width: 270px) 100vw, 270px\" \/>\t\t\t\t\t\t\t\t\t\t\t\t\t<\/div>\n\t\t\t\t<\/div>\n\t\t\t\t<\/div>\n\t\t\t\t\t<\/div>\n\t\t\t\t<\/div>\n\t\t\t\t<\/div>\n\t\t","protected":false},"excerpt":{"rendered":"<p>Ak\u0131l ve Zeka oyunlar\u0131 Gelece\u011fe \u0130z B\u0131rakan Nesiller Yeti\u015ftiriyoruz.. \u00e7ocuklar\u0131n d\u00fc\u015f\u00fcnme becerilerini geli\u015ftirirken e\u011flenmelerini sa\u011fl\u0131yoruz Bu oyunlar, \u00e7ocuklar\u0131n analitik d\u00fc\u015f\u00fcnme, problem \u00e7\u00f6zme ve strateji geli\u015ftirme yeteneklerini g\u00fc\u00e7lendirir. E\u011flenceli ve \u00f6\u011fretici aktivitelerle, \u00e7ocuklar hem bireysel hem de grup halinde \u00e7al\u0131\u015farak zihinsel becerilerini ke\u015ffederler. Oyun tabanl\u0131 \u00f6\u011frenme yakla\u015f\u0131m\u0131m\u0131z, \u00e7ocuklar\u0131n mant\u0131k y\u00fcr\u00fctme ve dikkat s\u00fcre\u00e7lerini destekleyerek, onlar\u0131n daha [&hellip;]<\/p>\n","protected":false},"author":3,"featured_media":0,"parent":1735,"menu_order":0,"comment_status":"closed","ping_status":"closed","template":"elementor_header_footer","meta":{"footnotes":""},"class_list":["post-2422","page","type-page","status-publish","hentry"],"_links":{"self":[{"href":"https:\/\/sincankres.com\/tr\/wp-json\/wp\/v2\/pages\/2422"}],"collection":[{"href":"https:\/\/sincankres.com\/tr\/wp-json\/wp\/v2\/pages"}],"about":[{"href":"https:\/\/sincankres.com\/tr\/wp-json\/wp\/v2\/types\/page"}],"author":[{"embeddable":true,"href":"https:\/\/sincankres.com\/tr\/wp-json\/wp\/v2\/users\/3"}],"replies":[{"embeddable":true,"href":"https:\/\/sincankres.com\/tr\/wp-json\/wp\/v2\/comments?post=2422"}],"version-history":[{"count":13,"href":"https:\/\/sincankres.com\/tr\/wp-json\/wp\/v2\/pages\/2422\/revisions"}],"predecessor-version":[{"id":2567,"href":"https:\/\/sincankres.com\/tr\/wp-json\/wp\/v2\/pages\/2422\/revisions\/2567"}],"up":[{"embeddable":true,"href":"https:\/\/sincankres.com\/tr\/wp-json\/wp\/v2\/pages\/1735"}],"wp:attachment":[{"href":"https:\/\/sincankres.com\/tr\/wp-json\/wp\/v2\/media?parent=2422"}],"curies":[{"name":"wp","href":"https:\/\/api.w.org\/{rel}","templated":true}]}}