{"id":2427,"date":"2024-08-29T13:02:14","date_gmt":"2024-08-29T10:02:14","guid":{"rendered":"https:\/\/sincankres.com\/tr\/?page_id=2427"},"modified":"2024-08-29T15:13:05","modified_gmt":"2024-08-29T12:13:05","slug":"gorsel-sanat-dersi","status":"publish","type":"page","link":"https:\/\/sincankres.com\/tr\/egitim\/gorsel-sanat-dersi\/","title":{"rendered":"G\u00f6rsel Sanat Dersi"},"content":{"rendered":"\t\t<div data-elementor-type=\"wp-page\" data-elementor-id=\"2427\" class=\"elementor elementor-2427\" data-elementor-post-type=\"page\">\n\t\t\t\t<div class=\"elementor-element elementor-element-2cc812e e-flex e-con-boxed e-con e-parent\" data-id=\"2cc812e\" data-element_type=\"container\" data-settings=\"{&quot;background_background&quot;:&quot;classic&quot;}\">\n\t\t\t\t\t<div class=\"e-con-inner\">\n\t\t<div class=\"elementor-element elementor-element-3c9e0b6 e-con-full e-flex e-con e-child\" data-id=\"3c9e0b6\" data-element_type=\"container\">\n\t\t\t\t<div class=\"elementor-element elementor-element-573eb08 elementor-widget elementor-widget-jkit_heading\" data-id=\"573eb08\" data-element_type=\"widget\" data-widget_type=\"jkit_heading.default\">\n\t\t\t\t<div class=\"elementor-widget-container\">\n\t\t\t<div  class=\"jeg-elementor-kit jkit-heading  align- align-tablet- align-mobile- jeg_module___69f3ac50d666a\" ><div class=\"heading-section-title  display-inline-block\"><h2 class=\"heading-title\">G\u00f6rsel Sanat Dersi<\/h2><\/div><div class=\"heading-section-description\"><p>Gelece\u011fe \u0130z B\u0131rakan Nesiller Yeti\u015ftiriyoruz..<\/p><\/div><\/div>\t\t<\/div>\n\t\t\t\t<\/div>\n\t\t\t\t<\/div>\n\t\t\t\t\t<\/div>\n\t\t\t\t<\/div>\n\t\t<div class=\"elementor-element elementor-element-976de02 e-flex e-con-boxed e-con e-parent\" data-id=\"976de02\" data-element_type=\"container\" data-settings=\"{&quot;background_background&quot;:&quot;classic&quot;}\">\n\t\t\t\t\t<div class=\"e-con-inner\">\n\t\t<div class=\"elementor-element elementor-element-eac7f35 e-con-full e-flex e-con e-child\" data-id=\"eac7f35\" data-element_type=\"container\">\n\t\t\t\t<div class=\"elementor-element elementor-element-ff34d50 elementor-widget elementor-widget-jkit_heading\" data-id=\"ff34d50\" data-element_type=\"widget\" data-widget_type=\"jkit_heading.default\">\n\t\t\t\t<div class=\"elementor-widget-container\">\n\t\t\t<div  class=\"jeg-elementor-kit jkit-heading  align- align-tablet- align-mobile- jeg_module__1_69f3ac50d8087\" ><div class=\"heading-section-title  display-inline-block\"><h2 class=\"heading-title\">\u00e7ocuklar\u0131m\u0131z\u0131n hayal g\u00fcc\u00fcn\u00fc ve yarat\u0131c\u0131l\u0131\u011f\u0131n\u0131 \u00f6zg\u00fcrce \u0130fade etmelerine olanak tan\u0131r.<\/h2><\/div><div class=\"heading-section-description\"><p class=\"p1\">Bu derslerde, \u00e7ocuklar farkl\u0131 malzemeler ve tekniklerle tan\u0131\u015farak, kendi sanat eserlerini olu\u015ftururlar. Boyama, \u00e7izim, heykel gibi \u00e7e\u015fitli sanat formlar\u0131yla, estetik duyarl\u0131l\u0131klar\u0131n\u0131 geli\u015ftirirler.<\/p><p class=\"p1\">Sanat e\u011fitimi, \u00e7ocuklar\u0131n duygusal ve sosyal geli\u015fimine de katk\u0131da bulunur, kendilerini daha iyi ifade etmelerini sa\u011flar. Amac\u0131m\u0131z, her \u00e7ocu\u011fun i\u00e7indeki sanat\u00e7\u0131 ruhunu ke\u015ffetmesine ve \u00f6zg\u00fcn yarat\u0131c\u0131l\u0131\u011f\u0131n\u0131 ortaya \u00e7\u0131karmas\u0131na destek olmakt\u0131r.<\/p><\/div><\/div>\t\t<\/div>\n\t\t\t\t<\/div>\n\t\t\t\t<div class=\"elementor-element elementor-element-8894113 elementor-widget elementor-widget-jkit_button\" data-id=\"8894113\" data-element_type=\"widget\" data-widget_type=\"jkit_button.default\">\n\t\t\t\t<div class=\"elementor-widget-container\">\n\t\t\t<div  class=\"jeg-elementor-kit jkit-button  icon-position-before jeg_module__2_69f3ac50dbdaa\" ><a href=\"https:\/\/sincankres.com\/tr\/iletisim\/\" class=\"jkit-button-wrapper\">\u0130leti\u015fim<\/a><\/div>\t\t<\/div>\n\t\t\t\t<\/div>\n\t\t\t\t<\/div>\n\t\t<div class=\"elementor-element elementor-element-af738bb e-con-full e-flex e-con e-child\" data-id=\"af738bb\" data-element_type=\"container\">\n\t\t\t\t<div class=\"elementor-element elementor-element-b56b252 elementor-invisible elementor-widget elementor-widget-image\" data-id=\"b56b252\" data-element_type=\"widget\" data-settings=\"{&quot;_animation&quot;:&quot;fadeInDown&quot;}\" data-widget_type=\"image.default\">\n\t\t\t\t<div class=\"elementor-widget-container\">\n\t\t\t<style>\/*! elementor - v3.23.0 - 23-07-2024 *\/\n.elementor-widget-image{text-align:center}.elementor-widget-image a{display:inline-block}.elementor-widget-image a img[src$=\".svg\"]{width:48px}.elementor-widget-image img{vertical-align:middle;display:inline-block}<\/style>\t\t\t\t\t\t\t\t\t\t<img fetchpriority=\"high\" decoding=\"async\" width=\"438\" height=\"482\" src=\"https:\/\/sincankres.com\/tr\/wp-content\/uploads\/2024\/08\/1-13.png\" class=\"attachment-large size-large wp-image-2502\" alt=\"\" srcset=\"https:\/\/sincankres.com\/tr\/wp-content\/uploads\/2024\/08\/1-13.png 438w, https:\/\/sincankres.com\/tr\/wp-content\/uploads\/2024\/08\/1-13-273x300.png 273w\" sizes=\"(max-width: 438px) 100vw, 438px\" \/>\t\t\t\t\t\t\t\t\t\t\t\t\t<\/div>\n\t\t\t\t<\/div>\n\t\t\t\t<div class=\"elementor-element elementor-element-2134327 elementor-invisible elementor-widget elementor-widget-image\" data-id=\"2134327\" data-element_type=\"widget\" data-settings=\"{&quot;_animation&quot;:&quot;fadeInDown&quot;}\" data-widget_type=\"image.default\">\n\t\t\t\t<div class=\"elementor-widget-container\">\n\t\t\t\t\t\t\t\t\t\t\t\t\t<img decoding=\"async\" width=\"351\" height=\"246\" src=\"https:\/\/sincankres.com\/tr\/wp-content\/uploads\/2024\/08\/1-15.png\" class=\"attachment-large size-large wp-image-2504\" alt=\"\" srcset=\"https:\/\/sincankres.com\/tr\/wp-content\/uploads\/2024\/08\/1-15.png 351w, https:\/\/sincankres.com\/tr\/wp-content\/uploads\/2024\/08\/1-15-300x210.png 300w\" sizes=\"(max-width: 351px) 100vw, 351px\" \/>\t\t\t\t\t\t\t\t\t\t\t\t\t<\/div>\n\t\t\t\t<\/div>\n\t\t\t\t<\/div>\n\t\t<div class=\"elementor-element elementor-element-47d0bba e-con-full e-flex e-con e-child\" data-id=\"47d0bba\" data-element_type=\"container\">\n\t\t\t\t<div class=\"elementor-element elementor-element-5039766 elementor-absolute elementor-widget elementor-widget-image\" data-id=\"5039766\" data-element_type=\"widget\" data-settings=\"{&quot;_position&quot;:&quot;absolute&quot;,&quot;_animation&quot;:&quot;none&quot;}\" data-widget_type=\"image.default\">\n\t\t\t\t<div class=\"elementor-widget-container\">\n\t\t\t\t\t\t\t\t\t\t\t\t\t<img decoding=\"async\" width=\"332\" height=\"161\" src=\"https:\/\/sincankres.com\/tr\/wp-content\/uploads\/2024\/08\/Group-1000002965.png\" class=\"elementor-animation-hang attachment-large size-large wp-image-1537\" alt=\"\" srcset=\"https:\/\/sincankres.com\/tr\/wp-content\/uploads\/2024\/08\/Group-1000002965.png 332w, https:\/\/sincankres.com\/tr\/wp-content\/uploads\/2024\/08\/Group-1000002965-300x145.png 300w\" sizes=\"(max-width: 332px) 100vw, 332px\" \/>\t\t\t\t\t\t\t\t\t\t\t\t\t<\/div>\n\t\t\t\t<\/div>\n\t\t\t\t<div class=\"elementor-element elementor-element-2b41487 elementor-invisible elementor-widget elementor-widget-image\" data-id=\"2b41487\" data-element_type=\"widget\" data-settings=\"{&quot;_animation&quot;:&quot;fadeInDown&quot;}\" data-widget_type=\"image.default\">\n\t\t\t\t<div class=\"elementor-widget-container\">\n\t\t\t\t\t\t\t\t\t\t\t\t\t<img loading=\"lazy\" decoding=\"async\" width=\"270\" height=\"351\" src=\"https:\/\/sincankres.com\/tr\/wp-content\/uploads\/2024\/08\/1-14.png\" class=\"attachment-large size-large wp-image-2503\" alt=\"\" srcset=\"https:\/\/sincankres.com\/tr\/wp-content\/uploads\/2024\/08\/1-14.png 270w, https:\/\/sincankres.com\/tr\/wp-content\/uploads\/2024\/08\/1-14-231x300.png 231w\" sizes=\"(max-width: 270px) 100vw, 270px\" \/>\t\t\t\t\t\t\t\t\t\t\t\t\t<\/div>\n\t\t\t\t<\/div>\n\t\t\t\t<\/div>\n\t\t\t\t\t<\/div>\n\t\t\t\t<\/div>\n\t\t\t\t<\/div>\n\t\t","protected":false},"excerpt":{"rendered":"<p>G\u00f6rsel Sanat Dersi Gelece\u011fe \u0130z B\u0131rakan Nesiller Yeti\u015ftiriyoruz.. \u00e7ocuklar\u0131m\u0131z\u0131n hayal g\u00fcc\u00fcn\u00fc ve yarat\u0131c\u0131l\u0131\u011f\u0131n\u0131 \u00f6zg\u00fcrce \u0130fade etmelerine olanak tan\u0131r. Bu derslerde, \u00e7ocuklar farkl\u0131 malzemeler ve tekniklerle tan\u0131\u015farak, kendi sanat eserlerini olu\u015ftururlar. Boyama, \u00e7izim, heykel gibi \u00e7e\u015fitli sanat formlar\u0131yla, estetik duyarl\u0131l\u0131klar\u0131n\u0131 geli\u015ftirirler. Sanat e\u011fitimi, \u00e7ocuklar\u0131n duygusal ve sosyal geli\u015fimine de katk\u0131da bulunur, kendilerini daha iyi ifade etmelerini [&hellip;]<\/p>\n","protected":false},"author":3,"featured_media":0,"parent":1735,"menu_order":0,"comment_status":"closed","ping_status":"closed","template":"elementor_header_footer","meta":{"footnotes":""},"class_list":["post-2427","page","type-page","status-publish","hentry"],"_links":{"self":[{"href":"https:\/\/sincankres.com\/tr\/wp-json\/wp\/v2\/pages\/2427"}],"collection":[{"href":"https:\/\/sincankres.com\/tr\/wp-json\/wp\/v2\/pages"}],"about":[{"href":"https:\/\/sincankres.com\/tr\/wp-json\/wp\/v2\/types\/page"}],"author":[{"embeddable":true,"href":"https:\/\/sincankres.com\/tr\/wp-json\/wp\/v2\/users\/3"}],"replies":[{"embeddable":true,"href":"https:\/\/sincankres.com\/tr\/wp-json\/wp\/v2\/comments?post=2427"}],"version-history":[{"count":19,"href":"https:\/\/sincankres.com\/tr\/wp-json\/wp\/v2\/pages\/2427\/revisions"}],"predecessor-version":[{"id":2558,"href":"https:\/\/sincankres.com\/tr\/wp-json\/wp\/v2\/pages\/2427\/revisions\/2558"}],"up":[{"embeddable":true,"href":"https:\/\/sincankres.com\/tr\/wp-json\/wp\/v2\/pages\/1735"}],"wp:attachment":[{"href":"https:\/\/sincankres.com\/tr\/wp-json\/wp\/v2\/media?parent=2427"}],"curies":[{"name":"wp","href":"https:\/\/api.w.org\/{rel}","templated":true}]}}