{"id":2435,"date":"2024-08-29T13:04:38","date_gmt":"2024-08-29T10:04:38","guid":{"rendered":"https:\/\/sincankres.com\/tr\/?page_id=2435"},"modified":"2024-08-29T15:14:08","modified_gmt":"2024-08-29T12:14:08","slug":"degerler-egitimi","status":"publish","type":"page","link":"https:\/\/sincankres.com\/tr\/egitim\/degerler-egitimi\/","title":{"rendered":"De\u011ferler E\u011fitimi"},"content":{"rendered":"\t\t<div data-elementor-type=\"wp-page\" data-elementor-id=\"2435\" class=\"elementor elementor-2435\" data-elementor-post-type=\"page\">\n\t\t\t\t<div class=\"elementor-element elementor-element-ab08944 e-flex e-con-boxed e-con e-parent\" data-id=\"ab08944\" data-element_type=\"container\" data-settings=\"{&quot;background_background&quot;:&quot;classic&quot;}\">\n\t\t\t\t\t<div class=\"e-con-inner\">\n\t\t<div class=\"elementor-element elementor-element-30e4ff0 e-con-full e-flex e-con e-child\" data-id=\"30e4ff0\" data-element_type=\"container\">\n\t\t\t\t<div class=\"elementor-element elementor-element-d2e6989 elementor-widget elementor-widget-jkit_heading\" data-id=\"d2e6989\" data-element_type=\"widget\" data-widget_type=\"jkit_heading.default\">\n\t\t\t\t<div class=\"elementor-widget-container\">\n\t\t\t<div  class=\"jeg-elementor-kit jkit-heading  align- align-tablet- align-mobile- jeg_module___69f3ac3144c7e\" ><div class=\"heading-section-title  display-inline-block\"><h2 class=\"heading-title\">De\u011ferler E\u011fitimi<\/h2><\/div><div class=\"heading-section-description\"><p>Gelece\u011fe \u0130z B\u0131rakan Nesiller Yeti\u015ftiriyoruz..<\/p><\/div><\/div>\t\t<\/div>\n\t\t\t\t<\/div>\n\t\t\t\t<\/div>\n\t\t\t\t\t<\/div>\n\t\t\t\t<\/div>\n\t\t<div class=\"elementor-element elementor-element-522b6a9 e-flex e-con-boxed e-con e-parent\" data-id=\"522b6a9\" data-element_type=\"container\" data-settings=\"{&quot;background_background&quot;:&quot;classic&quot;}\">\n\t\t\t\t\t<div class=\"e-con-inner\">\n\t\t<div class=\"elementor-element elementor-element-ad83286 e-con-full e-flex e-con e-child\" data-id=\"ad83286\" data-element_type=\"container\">\n\t\t\t\t<div class=\"elementor-element elementor-element-97f828d elementor-widget elementor-widget-jkit_heading\" data-id=\"97f828d\" data-element_type=\"widget\" data-widget_type=\"jkit_heading.default\">\n\t\t\t\t<div class=\"elementor-widget-container\">\n\t\t\t<div  class=\"jeg-elementor-kit jkit-heading  align- align-tablet- align-mobile- jeg_module__1_69f3ac314609a\" ><div class=\"heading-section-title  display-inline-block\"><h2 class=\"heading-title\">\u00e7ocuklar\u0131m\u0131z\u0131n manevi geli\u015fimlerine katk\u0131da bulunarak, ahlaki ve dini de\u011ferleri \u00f6\u011frenmelerini sa\u011flar.<\/h2><\/div><div class=\"heading-section-description\"><p class=\"p1\">Kur\u2019an-\u0131 Kerim, F\u0131k\u0131h, Akaid, Siyer, \u00c2dap, Hadis gibi temel dini bilgiler, \u00e7ocuklar\u0131m\u0131z\u0131n inan\u00e7lar\u0131n\u0131 ve ahlaki duru\u015flar\u0131n\u0131 g\u00fc\u00e7lendirmeleri i\u00e7in \u00f6\u011fretilir.<\/p><p class=\"p1\">Esma-\u00fcl H\u00fcsna ve Namaz Sureleri dersleri ile \u00e7ocuklar, dini rit\u00fcelleri ve ibadetlerin anlam\u0131n\u0131 kavrayarak, manevi bir temel olu\u015ftururlar. Amac\u0131m\u0131z, \u00e7ocuklar\u0131m\u0131z\u0131n hayatlar\u0131na rehberlik edecek sa\u011flam de\u011ferler kazanmalar\u0131n\u0131 sa\u011flamakt\u0131r.<\/p><\/div><\/div>\t\t<\/div>\n\t\t\t\t<\/div>\n\t\t\t\t<div class=\"elementor-element elementor-element-a9cd992 elementor-widget elementor-widget-jkit_button\" data-id=\"a9cd992\" data-element_type=\"widget\" data-widget_type=\"jkit_button.default\">\n\t\t\t\t<div class=\"elementor-widget-container\">\n\t\t\t<div  class=\"jeg-elementor-kit jkit-button  icon-position-before jeg_module__2_69f3ac314b059\" ><a href=\"https:\/\/sincankres.com\/tr\/iletisim\/\" class=\"jkit-button-wrapper\">\u0130leti\u015fim<\/a><\/div>\t\t<\/div>\n\t\t\t\t<\/div>\n\t\t\t\t<\/div>\n\t\t<div class=\"elementor-element elementor-element-8c6efd6 e-con-full e-flex e-con e-child\" data-id=\"8c6efd6\" data-element_type=\"container\">\n\t\t\t\t<div class=\"elementor-element elementor-element-13e4526 elementor-invisible elementor-widget elementor-widget-image\" data-id=\"13e4526\" data-element_type=\"widget\" data-settings=\"{&quot;_animation&quot;:&quot;fadeInDown&quot;}\" data-widget_type=\"image.default\">\n\t\t\t\t<div class=\"elementor-widget-container\">\n\t\t\t<style>\/*! elementor - v3.23.0 - 23-07-2024 *\/\n.elementor-widget-image{text-align:center}.elementor-widget-image a{display:inline-block}.elementor-widget-image a img[src$=\".svg\"]{width:48px}.elementor-widget-image img{vertical-align:middle;display:inline-block}<\/style>\t\t\t\t\t\t\t\t\t\t<img fetchpriority=\"high\" decoding=\"async\" width=\"438\" height=\"482\" src=\"https:\/\/sincankres.com\/tr\/wp-content\/uploads\/2024\/08\/1-19.png\" class=\"attachment-large size-large wp-image-2514\" alt=\"\" srcset=\"https:\/\/sincankres.com\/tr\/wp-content\/uploads\/2024\/08\/1-19.png 438w, https:\/\/sincankres.com\/tr\/wp-content\/uploads\/2024\/08\/1-19-273x300.png 273w\" sizes=\"(max-width: 438px) 100vw, 438px\" \/>\t\t\t\t\t\t\t\t\t\t\t\t\t<\/div>\n\t\t\t\t<\/div>\n\t\t\t\t<div class=\"elementor-element elementor-element-54bc6f9 elementor-invisible elementor-widget elementor-widget-image\" data-id=\"54bc6f9\" data-element_type=\"widget\" data-settings=\"{&quot;_animation&quot;:&quot;fadeInDown&quot;}\" data-widget_type=\"image.default\">\n\t\t\t\t<div class=\"elementor-widget-container\">\n\t\t\t\t\t\t\t\t\t\t\t\t\t<img decoding=\"async\" width=\"351\" height=\"246\" src=\"https:\/\/sincankres.com\/tr\/wp-content\/uploads\/2024\/08\/1-21.png\" class=\"attachment-large size-large wp-image-2516\" alt=\"\" srcset=\"https:\/\/sincankres.com\/tr\/wp-content\/uploads\/2024\/08\/1-21.png 351w, https:\/\/sincankres.com\/tr\/wp-content\/uploads\/2024\/08\/1-21-300x210.png 300w\" sizes=\"(max-width: 351px) 100vw, 351px\" \/>\t\t\t\t\t\t\t\t\t\t\t\t\t<\/div>\n\t\t\t\t<\/div>\n\t\t\t\t<\/div>\n\t\t<div class=\"elementor-element elementor-element-26a628c e-con-full e-flex e-con e-child\" data-id=\"26a628c\" data-element_type=\"container\">\n\t\t\t\t<div class=\"elementor-element elementor-element-19ad96d elementor-absolute elementor-widget elementor-widget-image\" data-id=\"19ad96d\" data-element_type=\"widget\" data-settings=\"{&quot;_position&quot;:&quot;absolute&quot;,&quot;_animation&quot;:&quot;none&quot;}\" data-widget_type=\"image.default\">\n\t\t\t\t<div class=\"elementor-widget-container\">\n\t\t\t\t\t\t\t\t\t\t\t\t\t<img decoding=\"async\" width=\"332\" height=\"161\" src=\"https:\/\/sincankres.com\/tr\/wp-content\/uploads\/2024\/08\/Group-1000002965.png\" class=\"elementor-animation-hang attachment-large size-large wp-image-1537\" alt=\"\" srcset=\"https:\/\/sincankres.com\/tr\/wp-content\/uploads\/2024\/08\/Group-1000002965.png 332w, https:\/\/sincankres.com\/tr\/wp-content\/uploads\/2024\/08\/Group-1000002965-300x145.png 300w\" sizes=\"(max-width: 332px) 100vw, 332px\" \/>\t\t\t\t\t\t\t\t\t\t\t\t\t<\/div>\n\t\t\t\t<\/div>\n\t\t\t\t<div class=\"elementor-element elementor-element-7fc0a88 elementor-invisible elementor-widget elementor-widget-image\" data-id=\"7fc0a88\" data-element_type=\"widget\" data-settings=\"{&quot;_animation&quot;:&quot;fadeInDown&quot;}\" data-widget_type=\"image.default\">\n\t\t\t\t<div class=\"elementor-widget-container\">\n\t\t\t\t\t\t\t\t\t\t\t\t\t<img loading=\"lazy\" decoding=\"async\" width=\"270\" height=\"351\" src=\"https:\/\/sincankres.com\/tr\/wp-content\/uploads\/2024\/08\/1-20.png\" class=\"attachment-large size-large wp-image-2515\" alt=\"\" srcset=\"https:\/\/sincankres.com\/tr\/wp-content\/uploads\/2024\/08\/1-20.png 270w, https:\/\/sincankres.com\/tr\/wp-content\/uploads\/2024\/08\/1-20-231x300.png 231w\" sizes=\"(max-width: 270px) 100vw, 270px\" \/>\t\t\t\t\t\t\t\t\t\t\t\t\t<\/div>\n\t\t\t\t<\/div>\n\t\t\t\t<\/div>\n\t\t\t\t\t<\/div>\n\t\t\t\t<\/div>\n\t\t\t\t<\/div>\n\t\t","protected":false},"excerpt":{"rendered":"<p>De\u011ferler E\u011fitimi Gelece\u011fe \u0130z B\u0131rakan Nesiller Yeti\u015ftiriyoruz.. \u00e7ocuklar\u0131m\u0131z\u0131n manevi geli\u015fimlerine katk\u0131da bulunarak, ahlaki ve dini de\u011ferleri \u00f6\u011frenmelerini sa\u011flar. Kur\u2019an-\u0131 Kerim, F\u0131k\u0131h, Akaid, Siyer, \u00c2dap, Hadis gibi temel dini bilgiler, \u00e7ocuklar\u0131m\u0131z\u0131n inan\u00e7lar\u0131n\u0131 ve ahlaki duru\u015flar\u0131n\u0131 g\u00fc\u00e7lendirmeleri i\u00e7in \u00f6\u011fretilir. Esma-\u00fcl H\u00fcsna ve Namaz Sureleri dersleri ile \u00e7ocuklar, dini rit\u00fcelleri ve ibadetlerin anlam\u0131n\u0131 kavrayarak, manevi bir temel olu\u015ftururlar. [&hellip;]<\/p>\n","protected":false},"author":3,"featured_media":0,"parent":1735,"menu_order":0,"comment_status":"closed","ping_status":"closed","template":"elementor_header_footer","meta":{"footnotes":""},"class_list":["post-2435","page","type-page","status-publish","hentry"],"_links":{"self":[{"href":"https:\/\/sincankres.com\/tr\/wp-json\/wp\/v2\/pages\/2435"}],"collection":[{"href":"https:\/\/sincankres.com\/tr\/wp-json\/wp\/v2\/pages"}],"about":[{"href":"https:\/\/sincankres.com\/tr\/wp-json\/wp\/v2\/types\/page"}],"author":[{"embeddable":true,"href":"https:\/\/sincankres.com\/tr\/wp-json\/wp\/v2\/users\/3"}],"replies":[{"embeddable":true,"href":"https:\/\/sincankres.com\/tr\/wp-json\/wp\/v2\/comments?post=2435"}],"version-history":[{"count":13,"href":"https:\/\/sincankres.com\/tr\/wp-json\/wp\/v2\/pages\/2435\/revisions"}],"predecessor-version":[{"id":2573,"href":"https:\/\/sincankres.com\/tr\/wp-json\/wp\/v2\/pages\/2435\/revisions\/2573"}],"up":[{"embeddable":true,"href":"https:\/\/sincankres.com\/tr\/wp-json\/wp\/v2\/pages\/1735"}],"wp:attachment":[{"href":"https:\/\/sincankres.com\/tr\/wp-json\/wp\/v2\/media?parent=2435"}],"curies":[{"name":"wp","href":"https:\/\/api.w.org\/{rel}","templated":true}]}}