{"id":2456,"date":"2024-08-29T13:22:30","date_gmt":"2024-08-29T10:22:30","guid":{"rendered":"https:\/\/sincankres.com\/tr\/?page_id=2456"},"modified":"2024-08-31T20:00:35","modified_gmt":"2024-08-31T17:00:35","slug":"okuma-yazma-etkinligi","status":"publish","type":"page","link":"https:\/\/sincankres.com\/tr\/etkinlikler\/okuma-yazma-etkinligi\/","title":{"rendered":"Okuma-Yazma Etkinli\u011fi"},"content":{"rendered":"\t\t<div data-elementor-type=\"wp-page\" data-elementor-id=\"2456\" class=\"elementor elementor-2456\" data-elementor-post-type=\"page\">\n\t\t\t\t<div class=\"elementor-element elementor-element-cc25c85 e-flex e-con-boxed e-con e-parent\" data-id=\"cc25c85\" data-element_type=\"container\" data-settings=\"{&quot;background_background&quot;:&quot;classic&quot;}\">\n\t\t\t\t\t<div class=\"e-con-inner\">\n\t\t<div class=\"elementor-element elementor-element-f088d15 e-con-full e-flex e-con e-child\" data-id=\"f088d15\" data-element_type=\"container\">\n\t\t\t\t<div class=\"elementor-element elementor-element-de9e8fc elementor-widget elementor-widget-jkit_heading\" data-id=\"de9e8fc\" data-element_type=\"widget\" data-widget_type=\"jkit_heading.default\">\n\t\t\t\t<div class=\"elementor-widget-container\">\n\t\t\t<div  class=\"jeg-elementor-kit jkit-heading  align- align-tablet- align-mobile- jeg_module___69f39bcda9d39\" ><div class=\"heading-section-title  display-inline-block\"><h2 class=\"heading-title\">Okuma - Yazma Etkinli\u011fi<\/h2><\/div><div class=\"heading-section-description\"><\/div><\/div>\t\t<\/div>\n\t\t\t\t<\/div>\n\t\t\t\t<\/div>\n\t\t\t\t\t<\/div>\n\t\t\t\t<\/div>\n\t\t<div class=\"elementor-element elementor-element-8182722 e-flex e-con-boxed e-con e-parent\" data-id=\"8182722\" data-element_type=\"container\">\n\t\t\t\t\t<div class=\"e-con-inner\">\n\t\t\t\t<div class=\"elementor-element elementor-element-9f88e0a elementor-widget elementor-widget-text-editor\" data-id=\"9f88e0a\" data-element_type=\"widget\" data-widget_type=\"text-editor.default\">\n\t\t\t\t<div class=\"elementor-widget-container\">\n\t\t\t<style>\/*! elementor - v3.23.0 - 23-07-2024 *\/\n.elementor-widget-text-editor.elementor-drop-cap-view-stacked .elementor-drop-cap{background-color:#69727d;color:#fff}.elementor-widget-text-editor.elementor-drop-cap-view-framed .elementor-drop-cap{color:#69727d;border:3px solid;background-color:transparent}.elementor-widget-text-editor:not(.elementor-drop-cap-view-default) .elementor-drop-cap{margin-top:8px}.elementor-widget-text-editor:not(.elementor-drop-cap-view-default) .elementor-drop-cap-letter{width:1em;height:1em}.elementor-widget-text-editor .elementor-drop-cap{float:left;text-align:center;line-height:1;font-size:50px}.elementor-widget-text-editor .elementor-drop-cap-letter{display:inline-block}<\/style>\t\t\t\t<p class=\"p1\"><strong>Okul \u00f6ncesi okuma yazma haz\u0131rl\u0131k \u00e7al\u0131\u015fmalar\u0131 \u00f6\u011frencilerimizin ilkokula girmeden \u00f6nce ak\u0131l y\u00fcr\u00fcterek kavramlar\u0131 \u00f6\u011frenmesi, alg\u0131sal yetene\u011finin geli\u015fmesi i\u00e7in temel haz\u0131rl\u0131k olu\u015fturacakt\u0131r. Okuma yazma etkinlikleri ile \u00f6\u011frencilerimiz farkl\u0131 ba\u011flant\u0131lar aras\u0131nda ili\u015fki kurabilme becerisi kazanacakt\u0131r.<\/strong><\/p>\t\t\t\t\t\t<\/div>\n\t\t\t\t<\/div>\n\t\t\t\t\t<\/div>\n\t\t\t\t<\/div>\n\t\t<div class=\"elementor-element elementor-element-efd4cf9 e-flex e-con-boxed e-con e-parent\" data-id=\"efd4cf9\" data-element_type=\"container\" data-settings=\"{&quot;background_background&quot;:&quot;classic&quot;}\">\n\t\t\t\t\t<div class=\"e-con-inner\">\n\t\t<div class=\"elementor-element elementor-element-10f0aa8 e-con-full e-flex e-con e-child\" data-id=\"10f0aa8\" data-element_type=\"container\">\n\t\t\t\t<div class=\"elementor-element elementor-element-01fb9ff elementor-widget elementor-widget-jkit_heading\" data-id=\"01fb9ff\" data-element_type=\"widget\" data-widget_type=\"jkit_heading.default\">\n\t\t\t\t<div class=\"elementor-widget-container\">\n\t\t\t<div  class=\"jeg-elementor-kit jkit-heading  align- align-tablet- align-mobile- jeg_module__1_69f39bcdaaa74\" ><div class=\"heading-section-title  display-inline-block\"><h2 class=\"heading-title\"><\/h2><\/div><div class=\"heading-section-description\"><p>\u00c7ocuklar\u0131m\u0131z\u0131n dil becerilerini g\u00fc\u00e7lendirmek ve okuma-yazma s\u00fcrecine ba\u015far\u0131l\u0131 bir ba\u015flang\u0131\u00e7 yapmalar\u0131n\u0131 sa\u011flamak amac\u0131yla tasarlanm\u0131\u015ft\u0131r.<\/p><p class=\"p1\">Bu etkinliklerde, \u00e7ocuklar harfleri tan\u0131ma, sesleri ay\u0131rt etme, kelime ve c\u00fcmle olu\u015fturma gibi temel becerileri e\u011flenceli ve interaktif y\u00f6ntemlerle \u00f6\u011frenirler.<\/p><p class=\"p1\">Oyun tabanl\u0131 \u00f6\u011frenme teknikleriyle zenginle\u015ftirilmi\u015f okuma yazma etkinliklerimiz, \u00e7ocuklar\u0131n dilin yap\u0131 ta\u015flar\u0131n\u0131 ke\u015ffetmelerine ve bu becerileri g\u00fcnl\u00fck ya\u015famlar\u0131nda kullanabilmelerine olanak tan\u0131r. Hik\u00e2ye anlat\u0131m\u0131, \u015fiir okuma ve yarat\u0131c\u0131 yazma gibi aktivitelerle, \u00e7ocuklar hem okuma sevgisi kazan\u0131r hem de yazma yeteneklerini geli\u015ftirirler.<\/p><p class=\"p1\">Bu s\u00fcre\u00e7te, her \u00e7ocu\u011fun bireysel \u00f6\u011frenme h\u0131z\u0131na ve tarz\u0131na uygun y\u00f6ntemler kullan\u0131larak, kendilerine olan g\u00fcvenlerinin artmas\u0131 sa\u011flan\u0131r. Okuma yazma etkinliklerimiz, \u00e7ocuklar\u0131m\u0131z\u0131n akademik ya\u015famlar\u0131nda \u00f6nemli bir ad\u0131m atmalar\u0131na katk\u0131da bulunur ve onlar\u0131 gelecekteki ba\u015far\u0131lar\u0131na haz\u0131rlar. Amac\u0131m\u0131z, \u00e7ocuklar\u0131m\u0131z\u0131n dil ve okuryazarl\u0131k becerilerini geli\u015ftirerek, \u00f6\u011frenmeye olan ilgilerini canl\u0131 tutmak ve onlara hayat boyu s\u00fcrecek bir \u00f6\u011frenme sevgisi kazand\u0131rmakt\u0131r.<\/p><\/div><\/div>\t\t<\/div>\n\t\t\t\t<\/div>\n\t\t\t\t<\/div>\n\t\t<div class=\"elementor-element elementor-element-ac24117 e-con-full e-flex e-con e-child\" data-id=\"ac24117\" data-element_type=\"container\">\n\t\t\t\t<div class=\"elementor-element elementor-element-050f635 elementor-invisible elementor-widget elementor-widget-image\" data-id=\"050f635\" data-element_type=\"widget\" data-settings=\"{&quot;_animation&quot;:&quot;fadeInDown&quot;}\" data-widget_type=\"image.default\">\n\t\t\t\t<div class=\"elementor-widget-container\">\n\t\t\t<style>\/*! elementor - v3.23.0 - 23-07-2024 *\/\n.elementor-widget-image{text-align:center}.elementor-widget-image a{display:inline-block}.elementor-widget-image a img[src$=\".svg\"]{width:48px}.elementor-widget-image img{vertical-align:middle;display:inline-block}<\/style>\t\t\t\t\t\t\t\t\t\t<img fetchpriority=\"high\" decoding=\"async\" width=\"438\" height=\"482\" src=\"https:\/\/sincankres.com\/tr\/wp-content\/uploads\/2024\/08\/1-42.png\" class=\"attachment-large size-large wp-image-2666\" alt=\"\" srcset=\"https:\/\/sincankres.com\/tr\/wp-content\/uploads\/2024\/08\/1-42.png 438w, https:\/\/sincankres.com\/tr\/wp-content\/uploads\/2024\/08\/1-42-273x300.png 273w\" sizes=\"(max-width: 438px) 100vw, 438px\" \/>\t\t\t\t\t\t\t\t\t\t\t\t\t<\/div>\n\t\t\t\t<\/div>\n\t\t\t\t<div class=\"elementor-element elementor-element-ebc7b28 elementor-invisible elementor-widget elementor-widget-image\" data-id=\"ebc7b28\" data-element_type=\"widget\" data-settings=\"{&quot;_animation&quot;:&quot;fadeInDown&quot;}\" data-widget_type=\"image.default\">\n\t\t\t\t<div class=\"elementor-widget-container\">\n\t\t\t\t\t\t\t\t\t\t\t\t\t<img decoding=\"async\" width=\"351\" height=\"246\" src=\"https:\/\/sincankres.com\/tr\/wp-content\/uploads\/2024\/08\/1-44.png\" class=\"attachment-large size-large wp-image-2668\" alt=\"\" srcset=\"https:\/\/sincankres.com\/tr\/wp-content\/uploads\/2024\/08\/1-44.png 351w, https:\/\/sincankres.com\/tr\/wp-content\/uploads\/2024\/08\/1-44-300x210.png 300w\" sizes=\"(max-width: 351px) 100vw, 351px\" \/>\t\t\t\t\t\t\t\t\t\t\t\t\t<\/div>\n\t\t\t\t<\/div>\n\t\t\t\t<\/div>\n\t\t<div class=\"elementor-element elementor-element-4c8f5d4 e-con-full e-flex e-con e-child\" data-id=\"4c8f5d4\" data-element_type=\"container\">\n\t\t\t\t<div class=\"elementor-element elementor-element-772265a elementor-absolute elementor-widget elementor-widget-image\" data-id=\"772265a\" data-element_type=\"widget\" data-settings=\"{&quot;_position&quot;:&quot;absolute&quot;,&quot;_animation&quot;:&quot;none&quot;}\" data-widget_type=\"image.default\">\n\t\t\t\t<div class=\"elementor-widget-container\">\n\t\t\t\t\t\t\t\t\t\t\t\t\t<img decoding=\"async\" width=\"332\" height=\"161\" src=\"https:\/\/sincankres.com\/tr\/wp-content\/uploads\/2024\/08\/Group-1000002965.png\" class=\"elementor-animation-hang attachment-large size-large wp-image-1537\" alt=\"\" srcset=\"https:\/\/sincankres.com\/tr\/wp-content\/uploads\/2024\/08\/Group-1000002965.png 332w, https:\/\/sincankres.com\/tr\/wp-content\/uploads\/2024\/08\/Group-1000002965-300x145.png 300w\" sizes=\"(max-width: 332px) 100vw, 332px\" \/>\t\t\t\t\t\t\t\t\t\t\t\t\t<\/div>\n\t\t\t\t<\/div>\n\t\t\t\t<div class=\"elementor-element elementor-element-1a7cc04 elementor-invisible elementor-widget elementor-widget-image\" data-id=\"1a7cc04\" data-element_type=\"widget\" data-settings=\"{&quot;_animation&quot;:&quot;fadeInDown&quot;}\" data-widget_type=\"image.default\">\n\t\t\t\t<div class=\"elementor-widget-container\">\n\t\t\t\t\t\t\t\t\t\t\t\t\t<img loading=\"lazy\" decoding=\"async\" width=\"270\" height=\"351\" src=\"https:\/\/sincankres.com\/tr\/wp-content\/uploads\/2024\/08\/1-43.png\" class=\"attachment-large size-large wp-image-2667\" alt=\"\" srcset=\"https:\/\/sincankres.com\/tr\/wp-content\/uploads\/2024\/08\/1-43.png 270w, https:\/\/sincankres.com\/tr\/wp-content\/uploads\/2024\/08\/1-43-231x300.png 231w\" sizes=\"(max-width: 270px) 100vw, 270px\" \/>\t\t\t\t\t\t\t\t\t\t\t\t\t<\/div>\n\t\t\t\t<\/div>\n\t\t\t\t<\/div>\n\t\t\t\t\t<\/div>\n\t\t\t\t<\/div>\n\t\t\t\t<\/div>\n\t\t","protected":false},"excerpt":{"rendered":"<p>Okuma &#8211; Yazma Etkinli\u011fi Okul \u00f6ncesi okuma yazma haz\u0131rl\u0131k \u00e7al\u0131\u015fmalar\u0131 \u00f6\u011frencilerimizin ilkokula girmeden \u00f6nce ak\u0131l y\u00fcr\u00fcterek kavramlar\u0131 \u00f6\u011frenmesi, alg\u0131sal yetene\u011finin geli\u015fmesi i\u00e7in temel haz\u0131rl\u0131k olu\u015fturacakt\u0131r. Okuma yazma etkinlikleri ile \u00f6\u011frencilerimiz farkl\u0131 ba\u011flant\u0131lar aras\u0131nda ili\u015fki kurabilme becerisi kazanacakt\u0131r. \u00c7ocuklar\u0131m\u0131z\u0131n dil becerilerini g\u00fc\u00e7lendirmek ve okuma-yazma s\u00fcrecine ba\u015far\u0131l\u0131 bir ba\u015flang\u0131\u00e7 yapmalar\u0131n\u0131 sa\u011flamak amac\u0131yla tasarlanm\u0131\u015ft\u0131r. Bu etkinliklerde, \u00e7ocuklar harfleri [&hellip;]<\/p>\n","protected":false},"author":3,"featured_media":0,"parent":1756,"menu_order":0,"comment_status":"closed","ping_status":"closed","template":"elementor_header_footer","meta":{"footnotes":""},"class_list":["post-2456","page","type-page","status-publish","hentry"],"_links":{"self":[{"href":"https:\/\/sincankres.com\/tr\/wp-json\/wp\/v2\/pages\/2456"}],"collection":[{"href":"https:\/\/sincankres.com\/tr\/wp-json\/wp\/v2\/pages"}],"about":[{"href":"https:\/\/sincankres.com\/tr\/wp-json\/wp\/v2\/types\/page"}],"author":[{"embeddable":true,"href":"https:\/\/sincankres.com\/tr\/wp-json\/wp\/v2\/users\/3"}],"replies":[{"embeddable":true,"href":"https:\/\/sincankres.com\/tr\/wp-json\/wp\/v2\/comments?post=2456"}],"version-history":[{"count":13,"href":"https:\/\/sincankres.com\/tr\/wp-json\/wp\/v2\/pages\/2456\/revisions"}],"predecessor-version":[{"id":2701,"href":"https:\/\/sincankres.com\/tr\/wp-json\/wp\/v2\/pages\/2456\/revisions\/2701"}],"up":[{"embeddable":true,"href":"https:\/\/sincankres.com\/tr\/wp-json\/wp\/v2\/pages\/1756"}],"wp:attachment":[{"href":"https:\/\/sincankres.com\/tr\/wp-json\/wp\/v2\/media?parent=2456"}],"curies":[{"name":"wp","href":"https:\/\/api.w.org\/{rel}","templated":true}]}}