{"id":2461,"date":"2024-08-29T13:38:50","date_gmt":"2024-08-29T10:38:50","guid":{"rendered":"https:\/\/sincankres.com\/tr\/?page_id=2461"},"modified":"2024-08-31T20:01:44","modified_gmt":"2024-08-31T17:01:44","slug":"drama-etkinligi","status":"publish","type":"page","link":"https:\/\/sincankres.com\/tr\/etkinlikler\/drama-etkinligi\/","title":{"rendered":"Drama Etkinli\u011fi"},"content":{"rendered":"\t\t<div data-elementor-type=\"wp-page\" data-elementor-id=\"2461\" class=\"elementor elementor-2461\" data-elementor-post-type=\"page\">\n\t\t\t\t<div class=\"elementor-element elementor-element-0ae0ae4 e-flex e-con-boxed e-con e-parent\" data-id=\"0ae0ae4\" data-element_type=\"container\" data-settings=\"{&quot;background_background&quot;:&quot;classic&quot;}\">\n\t\t\t\t\t<div class=\"e-con-inner\">\n\t\t<div class=\"elementor-element elementor-element-86f4d8b e-con-full e-flex e-con e-child\" data-id=\"86f4d8b\" data-element_type=\"container\">\n\t\t\t\t<div class=\"elementor-element elementor-element-4f12ef8 elementor-widget elementor-widget-jkit_heading\" data-id=\"4f12ef8\" data-element_type=\"widget\" data-widget_type=\"jkit_heading.default\">\n\t\t\t\t<div class=\"elementor-widget-container\">\n\t\t\t<div  class=\"jeg-elementor-kit jkit-heading  align- align-tablet- align-mobile- jeg_module___69f39be14d98f\" ><div class=\"heading-section-title  display-inline-block\"><h2 class=\"heading-title\">Drama Etkinlikleri<\/h2><\/div><div class=\"heading-section-description\"><\/div><\/div>\t\t<\/div>\n\t\t\t\t<\/div>\n\t\t\t\t<\/div>\n\t\t\t\t\t<\/div>\n\t\t\t\t<\/div>\n\t\t<div class=\"elementor-element elementor-element-eef3e82 e-flex e-con-boxed e-con e-parent\" data-id=\"eef3e82\" data-element_type=\"container\">\n\t\t\t\t\t<div class=\"e-con-inner\">\n\t\t\t\t<div class=\"elementor-element elementor-element-43fbaa3 elementor-widget elementor-widget-text-editor\" data-id=\"43fbaa3\" data-element_type=\"widget\" data-widget_type=\"text-editor.default\">\n\t\t\t\t<div class=\"elementor-widget-container\">\n\t\t\t<style>\/*! elementor - v3.23.0 - 23-07-2024 *\/\n.elementor-widget-text-editor.elementor-drop-cap-view-stacked .elementor-drop-cap{background-color:#69727d;color:#fff}.elementor-widget-text-editor.elementor-drop-cap-view-framed .elementor-drop-cap{color:#69727d;border:3px solid;background-color:transparent}.elementor-widget-text-editor:not(.elementor-drop-cap-view-default) .elementor-drop-cap{margin-top:8px}.elementor-widget-text-editor:not(.elementor-drop-cap-view-default) .elementor-drop-cap-letter{width:1em;height:1em}.elementor-widget-text-editor .elementor-drop-cap{float:left;text-align:center;line-height:1;font-size:50px}.elementor-widget-text-editor .elementor-drop-cap-letter{display:inline-block}<\/style>\t\t\t\t<p class=\"p1\"><strong>Okul \u00f6ncesi drama, \u00e7ocuklar\u0131n geli\u015fimine \u00f6nemli katk\u0131 sa\u011flayan bir etkinliktir. Drama, \u00e7ocuklar\u0131n hayal g\u00fcc\u00fcn\u00fc, yarat\u0131c\u0131l\u0131klar\u0131n\u0131 ve duygusal ifade becerilerini geli\u015ftirmelerine yard\u0131mc\u0131 olur. Oyun oynarken farkl\u0131 karakterleri canland\u0131rarak, rol yapma becerilerini geli\u015ftirir ve empati yeteneklerini artt\u0131r\u0131r.<\/strong><\/p>\t\t\t\t\t\t<\/div>\n\t\t\t\t<\/div>\n\t\t\t\t\t<\/div>\n\t\t\t\t<\/div>\n\t\t<div class=\"elementor-element elementor-element-9223312 e-flex e-con-boxed e-con e-parent\" data-id=\"9223312\" data-element_type=\"container\" data-settings=\"{&quot;background_background&quot;:&quot;classic&quot;}\">\n\t\t\t\t\t<div class=\"e-con-inner\">\n\t\t<div class=\"elementor-element elementor-element-86281ea e-con-full e-flex e-con e-child\" data-id=\"86281ea\" data-element_type=\"container\">\n\t\t\t\t<div class=\"elementor-element elementor-element-faacd1d elementor-widget elementor-widget-jkit_heading\" data-id=\"faacd1d\" data-element_type=\"widget\" data-widget_type=\"jkit_heading.default\">\n\t\t\t\t<div class=\"elementor-widget-container\">\n\t\t\t<div  class=\"jeg-elementor-kit jkit-heading  align- align-tablet- align-mobile- jeg_module__1_69f39be14e81a\" ><div class=\"heading-section-title  display-inline-block\"><h2 class=\"heading-title\"><\/h2><\/div><div class=\"heading-section-description\"><p>\u00c7ocuklar\u0131n yarat\u0131c\u0131l\u0131klar\u0131n\u0131 ve duygusal zekalar\u0131n\u0131 geli\u015ftirmeleri i\u00e7in \u00f6zel olarak tasarlanm\u0131\u015ft\u0131r. Bu etkinliklerde, \u00e7ocuklar hikaye anlat\u0131m\u0131, rol yapma ve sahne performanslar\u0131 gibi \u00e7e\u015fitli drama teknikleriyle tan\u0131\u015f\u0131rlar. Drama, \u00e7ocuklar\u0131n kendilerini ifade etme yeteneklerini g\u00fc\u00e7lendirirken, empati kurma ve problem \u00e7\u00f6zme becerilerini de art\u0131r\u0131r.<\/p><p class=\"p1\">Drama etkinlikleri, \u00e7ocuklar\u0131n farkl\u0131 karakterleri canland\u0131rarak ve \u00e7e\u015fitli senaryolar\u0131 oynayarak sosyal becerilerini ve duygusal anlay\u0131\u015flar\u0131n\u0131 geli\u015ftirmelerine yard\u0131mc\u0131 olur. Bu s\u00fcre\u00e7te, \u00e7ocuklar kendi duygular\u0131n\u0131 ifade ederken, ba\u015fkalar\u0131n\u0131n perspektiflerini de anlamaya ba\u015flarlar. Rol yapma ve grup oyunlar\u0131, \u00e7ocuklar\u0131n kendilerini \u00f6zg\u00fcrce ifade etmelerini ve yarat\u0131c\u0131l\u0131klar\u0131n\u0131 sergilemelerini sa\u011flar.<\/p><p class=\"p1\">Etkinliklerimiz, \u00e7ocuklar\u0131n sosyal etkile\u015fimlerini ve i\u015f birli\u011fi becerilerini g\u00fc\u00e7lendirirken, ayn\u0131 zamanda \u00f6z g\u00fcvenlerini art\u0131r\u0131r. Drama aktiviteleri, \u00e7ocuklar\u0131n hayal g\u00fc\u00e7lerini geni\u015fletir ve onlar\u0131 \u00e7e\u015fitli senaryolarla tan\u0131\u015ft\u0131rarak, analitik d\u00fc\u015f\u00fcnme ve problem \u00e7\u00f6zme yeteneklerini geli\u015ftirir. Amac\u0131m\u0131z, \u00e7ocuklar\u0131n duygusal ve sosyal geli\u015fimlerini desteklerken, ayn\u0131 zamanda onlar\u0131n yarat\u0131c\u0131 ve etkili ileti\u015fim kurma becerilerini art\u0131rmakt\u0131r. Drama etkinliklerimiz, \u00e7ocuklar\u0131n e\u011flenerek \u00f6\u011frenmelerini sa\u011flar ve onlara sahne sanatlar\u0131n\u0131n b\u00fcy\u00fcl\u00fc d\u00fcnyas\u0131n\u0131 ke\u015ffetme f\u0131rsat\u0131 sunar.<\/p><\/div><\/div>\t\t<\/div>\n\t\t\t\t<\/div>\n\t\t\t\t<\/div>\n\t\t<div class=\"elementor-element elementor-element-5ffe8c4 e-con-full e-flex e-con e-child\" data-id=\"5ffe8c4\" data-element_type=\"container\">\n\t\t\t\t<div class=\"elementor-element elementor-element-c16f5ec elementor-invisible elementor-widget elementor-widget-image\" data-id=\"c16f5ec\" data-element_type=\"widget\" data-settings=\"{&quot;_animation&quot;:&quot;fadeInDown&quot;}\" data-widget_type=\"image.default\">\n\t\t\t\t<div class=\"elementor-widget-container\">\n\t\t\t<style>\/*! elementor - v3.23.0 - 23-07-2024 *\/\n.elementor-widget-image{text-align:center}.elementor-widget-image a{display:inline-block}.elementor-widget-image a img[src$=\".svg\"]{width:48px}.elementor-widget-image img{vertical-align:middle;display:inline-block}<\/style>\t\t\t\t\t\t\t\t\t\t<img fetchpriority=\"high\" decoding=\"async\" width=\"438\" height=\"482\" src=\"https:\/\/sincankres.com\/tr\/wp-content\/uploads\/2024\/08\/1-45.png\" class=\"attachment-large size-large wp-image-2672\" alt=\"\" srcset=\"https:\/\/sincankres.com\/tr\/wp-content\/uploads\/2024\/08\/1-45.png 438w, https:\/\/sincankres.com\/tr\/wp-content\/uploads\/2024\/08\/1-45-273x300.png 273w\" sizes=\"(max-width: 438px) 100vw, 438px\" \/>\t\t\t\t\t\t\t\t\t\t\t\t\t<\/div>\n\t\t\t\t<\/div>\n\t\t\t\t<div class=\"elementor-element elementor-element-1f06670 elementor-invisible elementor-widget elementor-widget-image\" data-id=\"1f06670\" data-element_type=\"widget\" data-settings=\"{&quot;_animation&quot;:&quot;fadeInDown&quot;}\" data-widget_type=\"image.default\">\n\t\t\t\t<div class=\"elementor-widget-container\">\n\t\t\t\t\t\t\t\t\t\t\t\t\t<img decoding=\"async\" width=\"351\" height=\"246\" src=\"https:\/\/sincankres.com\/tr\/wp-content\/uploads\/2024\/08\/1-47.png\" class=\"attachment-large size-large wp-image-2674\" alt=\"\" srcset=\"https:\/\/sincankres.com\/tr\/wp-content\/uploads\/2024\/08\/1-47.png 351w, https:\/\/sincankres.com\/tr\/wp-content\/uploads\/2024\/08\/1-47-300x210.png 300w\" sizes=\"(max-width: 351px) 100vw, 351px\" \/>\t\t\t\t\t\t\t\t\t\t\t\t\t<\/div>\n\t\t\t\t<\/div>\n\t\t\t\t<\/div>\n\t\t<div class=\"elementor-element elementor-element-59b48f0 e-con-full e-flex e-con e-child\" data-id=\"59b48f0\" data-element_type=\"container\">\n\t\t\t\t<div class=\"elementor-element elementor-element-e547e94 elementor-absolute elementor-widget elementor-widget-image\" data-id=\"e547e94\" data-element_type=\"widget\" data-settings=\"{&quot;_position&quot;:&quot;absolute&quot;,&quot;_animation&quot;:&quot;none&quot;}\" data-widget_type=\"image.default\">\n\t\t\t\t<div class=\"elementor-widget-container\">\n\t\t\t\t\t\t\t\t\t\t\t\t\t<img decoding=\"async\" width=\"332\" height=\"161\" src=\"https:\/\/sincankres.com\/tr\/wp-content\/uploads\/2024\/08\/Group-1000002965.png\" class=\"elementor-animation-hang attachment-large size-large wp-image-1537\" alt=\"\" srcset=\"https:\/\/sincankres.com\/tr\/wp-content\/uploads\/2024\/08\/Group-1000002965.png 332w, https:\/\/sincankres.com\/tr\/wp-content\/uploads\/2024\/08\/Group-1000002965-300x145.png 300w\" sizes=\"(max-width: 332px) 100vw, 332px\" \/>\t\t\t\t\t\t\t\t\t\t\t\t\t<\/div>\n\t\t\t\t<\/div>\n\t\t\t\t<div class=\"elementor-element elementor-element-c6bbfcf elementor-invisible elementor-widget elementor-widget-image\" data-id=\"c6bbfcf\" data-element_type=\"widget\" data-settings=\"{&quot;_animation&quot;:&quot;fadeInDown&quot;}\" data-widget_type=\"image.default\">\n\t\t\t\t<div class=\"elementor-widget-container\">\n\t\t\t\t\t\t\t\t\t\t\t\t\t<img loading=\"lazy\" decoding=\"async\" width=\"270\" height=\"351\" src=\"https:\/\/sincankres.com\/tr\/wp-content\/uploads\/2024\/08\/1-46.png\" class=\"attachment-large size-large wp-image-2673\" alt=\"\" srcset=\"https:\/\/sincankres.com\/tr\/wp-content\/uploads\/2024\/08\/1-46.png 270w, https:\/\/sincankres.com\/tr\/wp-content\/uploads\/2024\/08\/1-46-231x300.png 231w\" sizes=\"(max-width: 270px) 100vw, 270px\" \/>\t\t\t\t\t\t\t\t\t\t\t\t\t<\/div>\n\t\t\t\t<\/div>\n\t\t\t\t<\/div>\n\t\t\t\t\t<\/div>\n\t\t\t\t<\/div>\n\t\t\t\t<\/div>\n\t\t","protected":false},"excerpt":{"rendered":"<p>Drama Etkinlikleri Okul \u00f6ncesi drama, \u00e7ocuklar\u0131n geli\u015fimine \u00f6nemli katk\u0131 sa\u011flayan bir etkinliktir. Drama, \u00e7ocuklar\u0131n hayal g\u00fcc\u00fcn\u00fc, yarat\u0131c\u0131l\u0131klar\u0131n\u0131 ve duygusal ifade becerilerini geli\u015ftirmelerine yard\u0131mc\u0131 olur. Oyun oynarken farkl\u0131 karakterleri canland\u0131rarak, rol yapma becerilerini geli\u015ftirir ve empati yeteneklerini artt\u0131r\u0131r. \u00c7ocuklar\u0131n yarat\u0131c\u0131l\u0131klar\u0131n\u0131 ve duygusal zekalar\u0131n\u0131 geli\u015ftirmeleri i\u00e7in \u00f6zel olarak tasarlanm\u0131\u015ft\u0131r. Bu etkinliklerde, \u00e7ocuklar hikaye anlat\u0131m\u0131, rol yapma ve [&hellip;]<\/p>\n","protected":false},"author":3,"featured_media":0,"parent":1756,"menu_order":0,"comment_status":"closed","ping_status":"closed","template":"elementor_header_footer","meta":{"footnotes":""},"class_list":["post-2461","page","type-page","status-publish","hentry"],"_links":{"self":[{"href":"https:\/\/sincankres.com\/tr\/wp-json\/wp\/v2\/pages\/2461"}],"collection":[{"href":"https:\/\/sincankres.com\/tr\/wp-json\/wp\/v2\/pages"}],"about":[{"href":"https:\/\/sincankres.com\/tr\/wp-json\/wp\/v2\/types\/page"}],"author":[{"embeddable":true,"href":"https:\/\/sincankres.com\/tr\/wp-json\/wp\/v2\/users\/3"}],"replies":[{"embeddable":true,"href":"https:\/\/sincankres.com\/tr\/wp-json\/wp\/v2\/comments?post=2461"}],"version-history":[{"count":13,"href":"https:\/\/sincankres.com\/tr\/wp-json\/wp\/v2\/pages\/2461\/revisions"}],"predecessor-version":[{"id":2704,"href":"https:\/\/sincankres.com\/tr\/wp-json\/wp\/v2\/pages\/2461\/revisions\/2704"}],"up":[{"embeddable":true,"href":"https:\/\/sincankres.com\/tr\/wp-json\/wp\/v2\/pages\/1756"}],"wp:attachment":[{"href":"https:\/\/sincankres.com\/tr\/wp-json\/wp\/v2\/media?parent=2461"}],"curies":[{"name":"wp","href":"https:\/\/api.w.org\/{rel}","templated":true}]}}