{"id":2466,"date":"2024-08-29T13:42:27","date_gmt":"2024-08-29T10:42:27","guid":{"rendered":"https:\/\/sincankres.com\/tr\/?page_id=2466"},"modified":"2024-08-31T20:02:43","modified_gmt":"2024-08-31T17:02:43","slug":"muzik-etkinligi","status":"publish","type":"page","link":"https:\/\/sincankres.com\/tr\/etkinlikler\/muzik-etkinligi\/","title":{"rendered":"M\u00fczik Etkinli\u011fi"},"content":{"rendered":"\t\t<div data-elementor-type=\"wp-page\" data-elementor-id=\"2466\" class=\"elementor elementor-2466\" data-elementor-post-type=\"page\">\n\t\t\t\t<div class=\"elementor-element elementor-element-a3bedfc e-flex e-con-boxed e-con e-parent\" data-id=\"a3bedfc\" data-element_type=\"container\" data-settings=\"{&quot;background_background&quot;:&quot;classic&quot;}\">\n\t\t\t\t\t<div class=\"e-con-inner\">\n\t\t<div class=\"elementor-element elementor-element-b8bc274 e-con-full e-flex e-con e-child\" data-id=\"b8bc274\" data-element_type=\"container\">\n\t\t\t\t<div class=\"elementor-element elementor-element-aa88e56 elementor-widget elementor-widget-jkit_heading\" data-id=\"aa88e56\" data-element_type=\"widget\" data-widget_type=\"jkit_heading.default\">\n\t\t\t\t<div class=\"elementor-widget-container\">\n\t\t\t<div  class=\"jeg-elementor-kit jkit-heading  align- align-tablet- align-mobile- jeg_module___69f3abdb6212e\" ><div class=\"heading-section-title  display-inline-block\"><h2 class=\"heading-title\">M\u00fczik Etkinlikleri<\/h2><\/div><div class=\"heading-section-description\"><\/div><\/div>\t\t<\/div>\n\t\t\t\t<\/div>\n\t\t\t\t<\/div>\n\t\t\t\t\t<\/div>\n\t\t\t\t<\/div>\n\t\t<div class=\"elementor-element elementor-element-e6dc887 e-flex e-con-boxed e-con e-parent\" data-id=\"e6dc887\" data-element_type=\"container\">\n\t\t\t\t\t<div class=\"e-con-inner\">\n\t\t\t\t<div class=\"elementor-element elementor-element-012a432 elementor-widget elementor-widget-text-editor\" data-id=\"012a432\" data-element_type=\"widget\" data-widget_type=\"text-editor.default\">\n\t\t\t\t<div class=\"elementor-widget-container\">\n\t\t\t<style>\/*! elementor - v3.23.0 - 23-07-2024 *\/\n.elementor-widget-text-editor.elementor-drop-cap-view-stacked .elementor-drop-cap{background-color:#69727d;color:#fff}.elementor-widget-text-editor.elementor-drop-cap-view-framed .elementor-drop-cap{color:#69727d;border:3px solid;background-color:transparent}.elementor-widget-text-editor:not(.elementor-drop-cap-view-default) .elementor-drop-cap{margin-top:8px}.elementor-widget-text-editor:not(.elementor-drop-cap-view-default) .elementor-drop-cap-letter{width:1em;height:1em}.elementor-widget-text-editor .elementor-drop-cap{float:left;text-align:center;line-height:1;font-size:50px}.elementor-widget-text-editor .elementor-drop-cap-letter{display:inline-block}<\/style>\t\t\t\t<p class=\"p1\">M\u00fczik etkinlikleri \u00e7ocu\u011fun psikomotor geli\u015fimini de etkilemektedir. Mesela, m\u00fczik aletleri kullanan bir \u00e7ocu\u011fun b\u00fcy\u00fck ve k\u00fc\u00e7\u00fck adele geli\u015fimleri desteklenir. Enstr\u00fcmanlar \u00e7ocuklar\u0131n psikomotor geli\u015fimlerinde ehemmiyetli olan koordinasyon, g\u00fc\u00e7 ve reaksiyon h\u0131z\u0131 gibi kavramlar\u0131n geli\u015fmesine yard\u0131mc\u0131 olmaktad\u0131r.<\/p>\t\t\t\t\t\t<\/div>\n\t\t\t\t<\/div>\n\t\t\t\t\t<\/div>\n\t\t\t\t<\/div>\n\t\t<div class=\"elementor-element elementor-element-57ab5af e-flex e-con-boxed e-con e-parent\" data-id=\"57ab5af\" data-element_type=\"container\" data-settings=\"{&quot;background_background&quot;:&quot;classic&quot;}\">\n\t\t\t\t\t<div class=\"e-con-inner\">\n\t\t<div class=\"elementor-element elementor-element-c32e237 e-con-full e-flex e-con e-child\" data-id=\"c32e237\" data-element_type=\"container\">\n\t\t\t\t<div class=\"elementor-element elementor-element-1742c10 elementor-widget elementor-widget-jkit_heading\" data-id=\"1742c10\" data-element_type=\"widget\" data-widget_type=\"jkit_heading.default\">\n\t\t\t\t<div class=\"elementor-widget-container\">\n\t\t\t<div  class=\"jeg-elementor-kit jkit-heading  align- align-tablet- align-mobile- jeg_module__1_69f3abdb65b9d\" ><div class=\"heading-section-title  display-inline-block\"><h2 class=\"heading-title\"><\/h2><\/div><div class=\"heading-section-description\"><p class=\"p1\">\u00c7ocuklar\u0131n ritim, melodi ve m\u00fczikal ifade becerilerini geli\u015ftirmek amac\u0131yla zengin ve \u00e7e\u015fitli aktiviteler sunar. Bu etkinliklerde, \u00e7ocuklar \u00e7e\u015fitli m\u00fczik aletleriyle tan\u0131\u015farak, \u015fark\u0131 s\u00f6yleme, ritim tutma ve m\u00fczikle hareket etme gibi becerileri \u00f6\u011frenirler. M\u00fczik, \u00e7ocuklar\u0131n duygusal ifade bi\u00e7imlerini geli\u015ftirmelerine ve sosyal becerilerini art\u0131rmalar\u0131na yard\u0131mc\u0131 olur.<\/p><p class=\"p1\">M\u00fczik etkinlikleri, \u00e7ocuklar\u0131n m\u00fczikal yeteneklerini ke\u015ffetmelerine olanak tan\u0131rken, ayn\u0131 zamanda dinleme ve dikkat becerilerini de g\u00fc\u00e7lendirir. \u015eark\u0131 s\u00f6yleme ve grup m\u00fczik aktiviteleri, \u00e7ocuklar\u0131n sosyal etkile\u015fimlerini te\u015fvik ederken, ayn\u0131 zamanda tak\u0131m \u00e7al\u0131\u015fmas\u0131 ve ileti\u015fim becerilerini de geli\u015ftirir. \u00c7e\u015fitli m\u00fczik aletleriyle yap\u0131lan deneyimler, \u00e7ocuklara ritim ve melodi duygusunu kazand\u0131rarak, m\u00fczi\u011fin keyifli d\u00fcnyas\u0131n\u0131 ke\u015ffetmelerini sa\u011flar.<\/p><p class=\"p1\">Etkinliklerimiz, \u00e7ocuklar\u0131n m\u00fczikle yarat\u0131c\u0131 yollarla ba\u011flant\u0131 kurmalar\u0131na ve kendi m\u00fczikal ifade bi\u00e7imlerini bulmalar\u0131na yard\u0131mc\u0131 olur. Ayr\u0131ca, m\u00fczik e\u011fitimi, \u00e7ocuklar\u0131n motor becerilerini ve haf\u0131za yeteneklerini destekler. Amac\u0131m\u0131z, \u00e7ocuklar\u0131n m\u00fczi\u011fi e\u011flenceli bir \u015fekilde \u00f6\u011frenmelerini sa\u011flamak ve onlar\u0131n sanatsal yeteneklerini en \u00fcst d\u00fczeye \u00e7\u0131karmakt\u0131r. M\u00fczik etkinliklerimiz, \u00e7ocuklar\u0131n kendilerini m\u00fczik arac\u0131l\u0131\u011f\u0131yla ifade etmelerine olanak tan\u0131rken, ayn\u0131 zamanda onlar\u0131n genel geli\u015fimlerine olumlu katk\u0131larda bulunur.<\/p><\/div><\/div>\t\t<\/div>\n\t\t\t\t<\/div>\n\t\t\t\t<\/div>\n\t\t<div class=\"elementor-element elementor-element-d597ac0 e-con-full e-flex e-con e-child\" data-id=\"d597ac0\" data-element_type=\"container\">\n\t\t\t\t<div class=\"elementor-element elementor-element-06ad798 elementor-invisible elementor-widget elementor-widget-image\" data-id=\"06ad798\" data-element_type=\"widget\" data-settings=\"{&quot;_animation&quot;:&quot;fadeInDown&quot;}\" data-widget_type=\"image.default\">\n\t\t\t\t<div class=\"elementor-widget-container\">\n\t\t\t<style>\/*! elementor - v3.23.0 - 23-07-2024 *\/\n.elementor-widget-image{text-align:center}.elementor-widget-image a{display:inline-block}.elementor-widget-image a img[src$=\".svg\"]{width:48px}.elementor-widget-image img{vertical-align:middle;display:inline-block}<\/style>\t\t\t\t\t\t\t\t\t\t<img fetchpriority=\"high\" decoding=\"async\" width=\"438\" height=\"482\" src=\"https:\/\/sincankres.com\/tr\/wp-content\/uploads\/2024\/08\/1-48.png\" class=\"attachment-large size-large wp-image-2678\" alt=\"\" srcset=\"https:\/\/sincankres.com\/tr\/wp-content\/uploads\/2024\/08\/1-48.png 438w, https:\/\/sincankres.com\/tr\/wp-content\/uploads\/2024\/08\/1-48-273x300.png 273w\" sizes=\"(max-width: 438px) 100vw, 438px\" \/>\t\t\t\t\t\t\t\t\t\t\t\t\t<\/div>\n\t\t\t\t<\/div>\n\t\t\t\t<div class=\"elementor-element elementor-element-75aa074 elementor-invisible elementor-widget elementor-widget-image\" data-id=\"75aa074\" data-element_type=\"widget\" data-settings=\"{&quot;_animation&quot;:&quot;fadeInDown&quot;}\" data-widget_type=\"image.default\">\n\t\t\t\t<div class=\"elementor-widget-container\">\n\t\t\t\t\t\t\t\t\t\t\t\t\t<img decoding=\"async\" width=\"351\" height=\"246\" src=\"https:\/\/sincankres.com\/tr\/wp-content\/uploads\/2024\/08\/1-50.png\" class=\"attachment-large size-large wp-image-2680\" alt=\"\" srcset=\"https:\/\/sincankres.com\/tr\/wp-content\/uploads\/2024\/08\/1-50.png 351w, https:\/\/sincankres.com\/tr\/wp-content\/uploads\/2024\/08\/1-50-300x210.png 300w\" sizes=\"(max-width: 351px) 100vw, 351px\" \/>\t\t\t\t\t\t\t\t\t\t\t\t\t<\/div>\n\t\t\t\t<\/div>\n\t\t\t\t<\/div>\n\t\t<div class=\"elementor-element elementor-element-8d931ff e-con-full e-flex e-con e-child\" data-id=\"8d931ff\" data-element_type=\"container\">\n\t\t\t\t<div class=\"elementor-element elementor-element-459dc77 elementor-absolute elementor-widget elementor-widget-image\" data-id=\"459dc77\" data-element_type=\"widget\" data-settings=\"{&quot;_position&quot;:&quot;absolute&quot;,&quot;_animation&quot;:&quot;none&quot;}\" data-widget_type=\"image.default\">\n\t\t\t\t<div class=\"elementor-widget-container\">\n\t\t\t\t\t\t\t\t\t\t\t\t\t<img decoding=\"async\" width=\"332\" height=\"161\" src=\"https:\/\/sincankres.com\/tr\/wp-content\/uploads\/2024\/08\/Group-1000002965.png\" class=\"elementor-animation-hang attachment-large size-large wp-image-1537\" alt=\"\" srcset=\"https:\/\/sincankres.com\/tr\/wp-content\/uploads\/2024\/08\/Group-1000002965.png 332w, https:\/\/sincankres.com\/tr\/wp-content\/uploads\/2024\/08\/Group-1000002965-300x145.png 300w\" sizes=\"(max-width: 332px) 100vw, 332px\" \/>\t\t\t\t\t\t\t\t\t\t\t\t\t<\/div>\n\t\t\t\t<\/div>\n\t\t\t\t<div class=\"elementor-element elementor-element-55dc9b3 elementor-invisible elementor-widget elementor-widget-image\" data-id=\"55dc9b3\" data-element_type=\"widget\" data-settings=\"{&quot;_animation&quot;:&quot;fadeInDown&quot;}\" data-widget_type=\"image.default\">\n\t\t\t\t<div class=\"elementor-widget-container\">\n\t\t\t\t\t\t\t\t\t\t\t\t\t<img loading=\"lazy\" decoding=\"async\" width=\"270\" height=\"351\" src=\"https:\/\/sincankres.com\/tr\/wp-content\/uploads\/2024\/08\/1-49.png\" class=\"attachment-large size-large wp-image-2679\" alt=\"\" srcset=\"https:\/\/sincankres.com\/tr\/wp-content\/uploads\/2024\/08\/1-49.png 270w, https:\/\/sincankres.com\/tr\/wp-content\/uploads\/2024\/08\/1-49-231x300.png 231w\" sizes=\"(max-width: 270px) 100vw, 270px\" \/>\t\t\t\t\t\t\t\t\t\t\t\t\t<\/div>\n\t\t\t\t<\/div>\n\t\t\t\t<\/div>\n\t\t\t\t\t<\/div>\n\t\t\t\t<\/div>\n\t\t\t\t<\/div>\n\t\t","protected":false},"excerpt":{"rendered":"<p>M\u00fczik Etkinlikleri M\u00fczik etkinlikleri \u00e7ocu\u011fun psikomotor geli\u015fimini de etkilemektedir. Mesela, m\u00fczik aletleri kullanan bir \u00e7ocu\u011fun b\u00fcy\u00fck ve k\u00fc\u00e7\u00fck adele geli\u015fimleri desteklenir. Enstr\u00fcmanlar \u00e7ocuklar\u0131n psikomotor geli\u015fimlerinde ehemmiyetli olan koordinasyon, g\u00fc\u00e7 ve reaksiyon h\u0131z\u0131 gibi kavramlar\u0131n geli\u015fmesine yard\u0131mc\u0131 olmaktad\u0131r. \u00c7ocuklar\u0131n ritim, melodi ve m\u00fczikal ifade becerilerini geli\u015ftirmek amac\u0131yla zengin ve \u00e7e\u015fitli aktiviteler sunar. Bu etkinliklerde, \u00e7ocuklar \u00e7e\u015fitli [&hellip;]<\/p>\n","protected":false},"author":3,"featured_media":0,"parent":1756,"menu_order":0,"comment_status":"closed","ping_status":"closed","template":"elementor_header_footer","meta":{"footnotes":""},"class_list":["post-2466","page","type-page","status-publish","hentry"],"_links":{"self":[{"href":"https:\/\/sincankres.com\/tr\/wp-json\/wp\/v2\/pages\/2466"}],"collection":[{"href":"https:\/\/sincankres.com\/tr\/wp-json\/wp\/v2\/pages"}],"about":[{"href":"https:\/\/sincankres.com\/tr\/wp-json\/wp\/v2\/types\/page"}],"author":[{"embeddable":true,"href":"https:\/\/sincankres.com\/tr\/wp-json\/wp\/v2\/users\/3"}],"replies":[{"embeddable":true,"href":"https:\/\/sincankres.com\/tr\/wp-json\/wp\/v2\/comments?post=2466"}],"version-history":[{"count":13,"href":"https:\/\/sincankres.com\/tr\/wp-json\/wp\/v2\/pages\/2466\/revisions"}],"predecessor-version":[{"id":2707,"href":"https:\/\/sincankres.com\/tr\/wp-json\/wp\/v2\/pages\/2466\/revisions\/2707"}],"up":[{"embeddable":true,"href":"https:\/\/sincankres.com\/tr\/wp-json\/wp\/v2\/pages\/1756"}],"wp:attachment":[{"href":"https:\/\/sincankres.com\/tr\/wp-json\/wp\/v2\/media?parent=2466"}],"curies":[{"name":"wp","href":"https:\/\/api.w.org\/{rel}","templated":true}]}}